{"id":4431,"date":"2025-04-01T20:18:59","date_gmt":"2025-04-01T18:18:59","guid":{"rendered":"https:\/\/ofertacular.com\/index.php\/producto\/1005006140465485\/"},"modified":"2025-04-01T20:18:59","modified_gmt":"2025-04-01T18:18:59","slug":"1005006140465485","status":"publish","type":"product","link":"https:\/\/ofertacular.com\/index.php\/producto\/1005006140465485\/","title":{"rendered":"Grifo Purificador"},"content":{"rendered":"<div class=\"oferta-container\">\n<p>\ud83d\udfe5 <b>\u00a1GANGAZO!<\/b> \ud83d\udfe5 #Publicidad #Amazon #<\/p>\n<p>\ud83d\udd34 <b>Grifo Purificador <\/b><\/p>\n<p>\u2705 <b>AHORA 3.89\u20ac \u20ac<\/b> \u2714\ufe0f\ud83d\udfe1<\/p>\n<p>\u274c Antes 14.27 \u20ac<\/p>\n<p>\ud83d\uded2: <a href=\"https:\/\/btz.es\/4HiQD7O\" target=\"_blank\" rel=\"nofollow noopener\">https:\/\/btz.es\/4HiQD7O<\/a><\/p>\n<p>El Grifo Purificador de Agua es la soluci\u00f3n ideal para quienes buscan una manera eficiente y econ\u00f3mica de disfrutar de agua potable directamente desde su cocina. Este innovador grifo no solo ofrece el beneficio de un dise\u00f1o elegante y moderno, sino que tambi\u00e9n incorpora la tecnolog\u00eda de purificaci\u00f3n m\u00e1s avanzada para garantizar la mejor calidad de agua para tu hogar. A trav\u00e9s de un sistema de filtraci\u00f3n m\u00faltiple, el Grifo Purificador elimina impurezas, cloro, metales pesados y otros contaminantes, mejorando no solo el sabor, sino tambi\u00e9n la calidad y seguridad de tus bebidas y comidas.<\/p>\n<p>Instalar el Grifo Purificador es un proceso sencillo que puede realizarse en minutos, y se adapta perfectamente a la mayor\u00eda de los fregaderos. Su estructura robusta y materiales de alta calidad aseguran una larga vida \u00fatil y un mantenimiento m\u00ednimo. Adem\u00e1s, el dise\u00f1o elegante se integra f\u00e1cilmente en cualquier estilo de cocina, convirti\u00e9ndose en un elemento decorativo que adem\u00e1s resulta \u00fatil y funcional.<\/p>\n<p>Este grifo es ideal para familias, solteros o cualquier persona que valore un estilo de vida saludable. La purificaci\u00f3n del agua ayuda a reducir el uso de botellas pl\u00e1sticas, contribuyendo al cuidado del medio ambiente. Disfruta de agua pura y fresca al instante, y olv\u00eddate de correr al supermercado por agua embotellada.<\/p>\n<p>Adem\u00e1s, el Grifo Purificador cuenta con un filtro reemplazable que prolonga su eficacia y rendimiento, brind\u00e1ndote la tranquilidad de saber que siempre est\u00e1s consumiendo agua de la mejor calidad. Con un mantenimiento sencillo y un costo que se amortiza r\u00e1pidamente al no tener que comprar agua embotellada, esta es una inversi\u00f3n que vale la pena para cuidar de tu salud y la de tu familia. No solo te sentir\u00e1s mejor, sino que tambi\u00e9n estar\u00e1s haciendo una elecci\u00f3n m\u00e1s responsable y sostenible. \u00a1Hazte con tu Grifo Purificador hoy mismo y comienza a disfrutar del agua pura en tu hogar!<\/p>\n<\/p><\/div>\n","protected":false},"excerpt":{"rendered":"<p>\ud83d\udfe5 \u00a1GANGAZO! \ud83d\udfe5 #Publicidad #Amazon # \ud83d\udd34 Grifo Purificador \u2705 AHORA 3.89\u20ac \u20ac \u2714\ufe0f\ud83d\udfe1 \u274c Antes 14.27 \u20ac \ud83d\uded2: https:\/\/btz.es\/4HiQD7O El Grifo Purificador de Agua es la soluci\u00f3n ideal para quienes buscan una manera eficiente y econ\u00f3mica de disfrutar de agua potable directamente desde su cocina. Este innovador grifo no solo ofrece el beneficio de [&hellip;]<\/p>\n","protected":false},"featured_media":4430,"template":"","meta":{"_gspb_post_css":""},"store":[],"product_brand":[],"product_cat":[16],"product_tag":[],"class_list":{"0":"post-4431","1":"product","2":"type-product","3":"status-publish","4":"has-post-thumbnail","6":"product_cat-sin-categorizar","8":"first","9":"instock","10":"shipping-taxable","11":"product-type-external"},"jetpack_sharing_enabled":true,"_links":{"self":[{"href":"https:\/\/ofertacular.com\/index.php\/wp-json\/wp\/v2\/product\/4431","targetHints":{"allow":["GET"]}}],"collection":[{"href":"https:\/\/ofertacular.com\/index.php\/wp-json\/wp\/v2\/product"}],"about":[{"href":"https:\/\/ofertacular.com\/index.php\/wp-json\/wp\/v2\/types\/product"}],"wp:featuredmedia":[{"embeddable":true,"href":"https:\/\/ofertacular.com\/index.php\/wp-json\/wp\/v2\/media\/4430"}],"wp:attachment":[{"href":"https:\/\/ofertacular.com\/index.php\/wp-json\/wp\/v2\/media?parent=4431"}],"wp:term":[{"taxonomy":"store","embeddable":true,"href":"https:\/\/ofertacular.com\/index.php\/wp-json\/wp\/v2\/store?post=4431"},{"taxonomy":"product_brand","embeddable":true,"href":"https:\/\/ofertacular.com\/index.php\/wp-json\/wp\/v2\/product_brand?post=4431"},{"taxonomy":"product_cat","embeddable":true,"href":"https:\/\/ofertacular.com\/index.php\/wp-json\/wp\/v2\/product_cat?post=4431"},{"taxonomy":"product_tag","embeddable":true,"href":"https:\/\/ofertacular.com\/index.php\/wp-json\/wp\/v2\/product_tag?post=4431"}],"curies":[{"name":"wp","href":"https:\/\/api.w.org\/{rel}","templated":true}]}}