{"id":4443,"date":"2025-04-02T13:09:09","date_gmt":"2025-04-02T11:09:09","guid":{"rendered":"https:\/\/ofertacular.com\/index.php\/producto\/1005007473935067\/"},"modified":"2025-04-02T13:09:09","modified_gmt":"2025-04-02T11:09:09","slug":"1005007473935067","status":"publish","type":"product","link":"https:\/\/ofertacular.com\/index.php\/producto\/1005007473935067\/","title":{"rendered":"Gazebo Barbacoa"},"content":{"rendered":"<div class=\"oferta-container\">\n<p>\ud83d\udfe5 <b>\u00a1OFERTA ESPECIAL!<\/b> \ud83d\udfe5 #Publicidad #Amazon #<\/p>\n<p>\ud83d\udd34 <b>Gazebo Barbacoa <\/b><\/p>\n<p>\u2705 <b>AHORA 14.39\u20ac \u20ac<\/b> \u2714\ufe0f\ud83d\udfe1<\/p>\n<p>\u274c Antes 38.70 \u20ac<\/p>\n<p>\ud83d\uded2: <a href=\"https:\/\/btz.es\/4HmWWFM\" target=\"_blank\" rel=\"nofollow noopener\">https:\/\/btz.es\/4HmWWFM<\/a><\/p>\n<p>Descubre el Gazebo Barbacoa, una soluci\u00f3n ideal para tus reuniones al aire libre. Dise\u00f1ado para brindar sombra y comodidad mientras disfrutamos de una deliciosa barbacoa con amigos y familiares. Fabricado con materiales de alta calidad, este gazebo es resistente a la intemperie y f\u00e1cil de montar, convirti\u00e9ndolo en un complemento perfecto para tu jard\u00edn o patio. Con un dise\u00f1o elegante y espacios amplios, podr\u00e1s colocar tu parrilla, mesa y sillas, creando un ambiente agradable y acogedor. Adem\u00e1s, su estructura segura te garantiza protecci\u00f3n tanto del sol como de la lluvia, permiti\u00e9ndote organizar eventos sin preocupaciones. Con el Gazebo Barbacoa, disfrutar de una barbacoa no solo se vuelve una delicia, sino tambi\u00e9n una experiencia c\u00f3moda y amena. Ideal para cualquier \u00e9poca del a\u00f1o, este gazebo se convertir\u00e1 en el centro de atenci\u00f3n en tus encuentros. No esperes m\u00e1s, a\u00f1ade este gazebo a tu espacio exterior y transforma tus reuniones en inolvidables momentos compartidos. \u00a1Es hora de disfrutar de deliciosas parrillas bajo la protecci\u00f3n de tu Gazebo Barbacoa!<\/p>\n<\/p><\/div>\n","protected":false},"excerpt":{"rendered":"<p>\ud83d\udfe5 \u00a1OFERTA ESPECIAL! \ud83d\udfe5 #Publicidad #Amazon # \ud83d\udd34 Gazebo Barbacoa \u2705 AHORA 14.39\u20ac \u20ac \u2714\ufe0f\ud83d\udfe1 \u274c Antes 38.70 \u20ac \ud83d\uded2: https:\/\/btz.es\/4HmWWFM Descubre el Gazebo Barbacoa, una soluci\u00f3n ideal para tus reuniones al aire libre. Dise\u00f1ado para brindar sombra y comodidad mientras disfrutamos de una deliciosa barbacoa con amigos y familiares. Fabricado con materiales de alta [&hellip;]<\/p>\n","protected":false},"featured_media":4442,"template":"","meta":{"_gspb_post_css":""},"store":[],"product_brand":[],"product_cat":[16],"product_tag":[],"class_list":{"0":"post-4443","1":"product","2":"type-product","3":"status-publish","4":"has-post-thumbnail","6":"product_cat-sin-categorizar","8":"first","9":"instock","10":"shipping-taxable","11":"product-type-external"},"jetpack_sharing_enabled":true,"_links":{"self":[{"href":"https:\/\/ofertacular.com\/index.php\/wp-json\/wp\/v2\/product\/4443","targetHints":{"allow":["GET"]}}],"collection":[{"href":"https:\/\/ofertacular.com\/index.php\/wp-json\/wp\/v2\/product"}],"about":[{"href":"https:\/\/ofertacular.com\/index.php\/wp-json\/wp\/v2\/types\/product"}],"wp:featuredmedia":[{"embeddable":true,"href":"https:\/\/ofertacular.com\/index.php\/wp-json\/wp\/v2\/media\/4442"}],"wp:attachment":[{"href":"https:\/\/ofertacular.com\/index.php\/wp-json\/wp\/v2\/media?parent=4443"}],"wp:term":[{"taxonomy":"store","embeddable":true,"href":"https:\/\/ofertacular.com\/index.php\/wp-json\/wp\/v2\/store?post=4443"},{"taxonomy":"product_brand","embeddable":true,"href":"https:\/\/ofertacular.com\/index.php\/wp-json\/wp\/v2\/product_brand?post=4443"},{"taxonomy":"product_cat","embeddable":true,"href":"https:\/\/ofertacular.com\/index.php\/wp-json\/wp\/v2\/product_cat?post=4443"},{"taxonomy":"product_tag","embeddable":true,"href":"https:\/\/ofertacular.com\/index.php\/wp-json\/wp\/v2\/product_tag?post=4443"}],"curies":[{"name":"wp","href":"https:\/\/api.w.org\/{rel}","templated":true}]}}