{"id":4453,"date":"2025-04-02T19:28:38","date_gmt":"2025-04-02T17:28:38","guid":{"rendered":"https:\/\/ofertacular.com\/index.php\/producto\/oppo-reno12f\/"},"modified":"2025-04-02T19:28:38","modified_gmt":"2025-04-02T17:28:38","slug":"oppo-reno12f","status":"publish","type":"product","link":"https:\/\/ofertacular.com\/index.php\/producto\/oppo-reno12f\/","title":{"rendered":"OPPO Reno12F"},"content":{"rendered":"<div class=\"oferta-container\">\n<p>\ud83d\udfe5 <b>EXCLUSIVO<\/b> \ud83d\udfe5 #Publicidad #Amazon #16<\/p>\n<p>\ud83d\udd34 <b>Smartphone OPPO <\/b><\/p>\n<p>\u2705 <b>AHORA 225 \u20ac<\/b> \u2714\ufe0f\ud83d\udfe1<\/p>\n<p>\u274c Antes 349.00 \u20ac<\/p>\n<p>\ud83d\uded2: <a href=\"https:\/\/btz.es\/4Ho44ny\" target=\"_blank\" rel=\"nofollow noopener\">https:\/\/btz.es\/4Ho44ny<\/a><\/p>\n<p>&#8211; Reno12 F 5G trae un nuevo acabado denominado Cosmos Ring Design, para darle un aspecto \u00fanico en dise\u00f1o y color y que har\u00e1 las delicias de aquellos que buscan algo exclusivo, que llame la atenci\u00f3n y sea ligero y c\u00f3modo en la mano con sus 187g de peso y sus 7,76mm de grosor. Adem\u00e1s, te llevas \u00a1el smartphone m\u00e1s resistente en su rango de Precio, gracias a su Resistencia IP64 y Certificaci\u00f3n SGS, a prueba de balas! Con la nueva Tecnolog\u00eda de Splash Touch, olv\u00eddate de problemas en tu pantalla cuando est\u00e9 mojada. \u00bfSituaciones dif\u00edciles? Soluciones f\u00e1ciles con OPPO.<br \/>\n&#8211; Pantalla FHD+ 6,67\u201d AMOLED con unos colores y un brillo incre\u00edble de 1.200 Nits que te har\u00e1n disfrutar horas junto a \u00e9l, junto con la mejor fluidez en una pantalla de smartphone gracias a sus 120Hz, que te har\u00e1n disfrutar como nunca de tus pel\u00edculas, series y juegos. Le acompa\u00f1a Sonido est\u00e9reo con Modo Ultra Volumen 300% para que puedas escucharlo en cualquier parte sin necesidad de usar cascos y disfrutar a\u00fan m\u00e1s de esta incre\u00edble pantalla. Adem\u00e1s, cuentas con la m\u00e1xima seguridad gracias a su desbloqueo de huella en pantalla<br \/>\n&#8211; Con 5000 mAh de bater\u00eda y una carga r\u00e1pida 45W SUPERVOOC, Reno12 F 4G ser\u00e1 el compa\u00f1ero perfecto para todos los d\u00edas, con una gran bater\u00eda que te har\u00e1 mantenerte hasta dos d\u00edas sin necesitad de cargarlo y su carga r\u00e1pida que en 26 minutos te dar\u00e1 un 50% y te devolver\u00e1 de nuevo a darlo todo, no tendr\u00e1s la necesidad de tener que ir con el cargador encima. Adem\u00e1s, incluimos el mejor sistema de bater\u00eda en el mercado, con 4 a\u00f1os de Durabilidad<br \/>\n&#8211; Un smartphone perfecto para darte horas y horas de entretenimiento y funcionalidad y que con el paso del tiempo siga rindiendo como el primer d\u00eda, con 256 GB de almacenamiento y ampliable por Micro SD hasta 2TB y poder aumentar esa memoria. 8 GB de RAM para que vaya todo fluido y puedas tener todas tus aplicaciones favoritas siempre listas y abiertas para cuando las necesites, con la posibilidad de poder ampliar hasta 16 GB para que todo funcione como el primer d\u00eda. Estas memorias le acompa\u00f1an un procesador codesarrollado con OPPO, como es el Mediatek Dimensity 6300, un procesador de gama alta con un gran rendimiento que sentir\u00e1s que todo va mucho m\u00e1s r\u00e1pido.<\/p>\n<\/p><\/div>\n","protected":false},"excerpt":{"rendered":"<p>\ud83d\udfe5 EXCLUSIVO \ud83d\udfe5 #Publicidad #Amazon #16 \ud83d\udd34 Smartphone OPPO \u2705 AHORA 225 \u20ac \u2714\ufe0f\ud83d\udfe1 \u274c Antes 349.00 \u20ac \ud83d\uded2: https:\/\/btz.es\/4Ho44ny &#8211; Reno12 F 5G trae un nuevo acabado denominado Cosmos Ring Design, para darle un aspecto \u00fanico en dise\u00f1o y color y que har\u00e1 las delicias de aquellos que buscan algo exclusivo, que llame la [&hellip;]<\/p>\n","protected":false},"featured_media":4452,"template":"","meta":{"_gspb_post_css":""},"store":[],"product_brand":[],"product_cat":[16],"product_tag":[],"class_list":{"0":"post-4453","1":"product","2":"type-product","3":"status-publish","4":"has-post-thumbnail","6":"product_cat-sin-categorizar","8":"first","9":"instock","10":"sale","11":"shipping-taxable","12":"product-type-external"},"jetpack_sharing_enabled":true,"_links":{"self":[{"href":"https:\/\/ofertacular.com\/index.php\/wp-json\/wp\/v2\/product\/4453","targetHints":{"allow":["GET"]}}],"collection":[{"href":"https:\/\/ofertacular.com\/index.php\/wp-json\/wp\/v2\/product"}],"about":[{"href":"https:\/\/ofertacular.com\/index.php\/wp-json\/wp\/v2\/types\/product"}],"wp:featuredmedia":[{"embeddable":true,"href":"https:\/\/ofertacular.com\/index.php\/wp-json\/wp\/v2\/media\/4452"}],"wp:attachment":[{"href":"https:\/\/ofertacular.com\/index.php\/wp-json\/wp\/v2\/media?parent=4453"}],"wp:term":[{"taxonomy":"store","embeddable":true,"href":"https:\/\/ofertacular.com\/index.php\/wp-json\/wp\/v2\/store?post=4453"},{"taxonomy":"product_brand","embeddable":true,"href":"https:\/\/ofertacular.com\/index.php\/wp-json\/wp\/v2\/product_brand?post=4453"},{"taxonomy":"product_cat","embeddable":true,"href":"https:\/\/ofertacular.com\/index.php\/wp-json\/wp\/v2\/product_cat?post=4453"},{"taxonomy":"product_tag","embeddable":true,"href":"https:\/\/ofertacular.com\/index.php\/wp-json\/wp\/v2\/product_tag?post=4453"}],"curies":[{"name":"wp","href":"https:\/\/api.w.org\/{rel}","templated":true}]}}