{"id":4455,"date":"2025-04-03T07:53:04","date_gmt":"2025-04-03T05:53:04","guid":{"rendered":"https:\/\/ofertacular.com\/index.php\/producto\/calvin-klein-boxers\/"},"modified":"2025-04-03T07:53:04","modified_gmt":"2025-04-03T05:53:04","slug":"calvin-klein-boxers","status":"publish","type":"product","link":"https:\/\/ofertacular.com\/index.php\/producto\/calvin-klein-boxers\/","title":{"rendered":"Calvin Klein Boxers"},"content":{"rendered":"<div class=\"oferta-container\">\n<p>\ud83d\udfe5 <b>INCRE\u00cdBLE<\/b> \ud83d\udfe5 #Publicidad #Amazon #16<\/p>\n<p>\ud83d\udd34 <b>Boxers Calvin Klein <\/b><\/p>\n<p>\u2705 <b>AHORA 21.95 \u20ac<\/b> \u2714\ufe0f\ud83d\udfe1<\/p>\n<p>\u274c Antes 27.95 \u20ac<\/p>\n<p>\ud83d\uded2: <a href=\"https:\/\/btz.es\/4Hr5TOb\" target=\"_blank\" rel=\"nofollow noopener\">https:\/\/btz.es\/4Hr5TOb<\/a><\/p>\n<p>&#8211; ELEGANTE Y MASCULINO: Los calzoncillos b\u00f3xer originales de Calvin Klein con los detalles distintivos de CK se ajustan adecuado al cuerpo Son adecuado para usar a diario, pero tambi\u00e9n para hacer deporte<br \/>\n&#8211; C\u00d3MODO: Gracias a su tejido el\u00e1stico, los calzoncillos b\u00f3xer de tiro medio se adaptan bien a las caderas La cl\u00e1sica cintura el\u00e1stica con logotipo completa el dise\u00f1o minimalista<br \/>\n&#8211; ALGOD\u00d3N EL\u00c1STICO: La colecci\u00f3n se caracteriza por su dise\u00f1o cl\u00e1sico en algod\u00f3n el\u00e1stico suave El excelente corte hace que los calzoncillos b\u00f3xer de la colecci\u00f3n COTTON STRETCH sean \u00fanicos<br \/>\n&#8211; MATERIAL Y CUIDADO: Calzoncillos b\u00f3xer confeccionados en 95 % algod\u00f3n y 5 % elastano Se puede lavar a m\u00e1quina, pero no se puede secar en la secadora<br \/>\n&#8211; EMOCIONANTE Y CLARO: La marca de moda Calvin Klein, fundada en 1968, es conocida por su singular look y lleva conquistando el mundo de la moda desde entonces La marca americana apuesta por una est\u00e9tica minimalista<\/p>\n<\/p><\/div>\n","protected":false},"excerpt":{"rendered":"<p>\ud83d\udfe5 INCRE\u00cdBLE \ud83d\udfe5 #Publicidad #Amazon #16 \ud83d\udd34 Boxers Calvin Klein \u2705 AHORA 21.95 \u20ac \u2714\ufe0f\ud83d\udfe1 \u274c Antes 27.95 \u20ac \ud83d\uded2: https:\/\/btz.es\/4Hr5TOb &#8211; ELEGANTE Y MASCULINO: Los calzoncillos b\u00f3xer originales de Calvin Klein con los detalles distintivos de CK se ajustan adecuado al cuerpo Son adecuado para usar a diario, pero tambi\u00e9n para hacer deporte &#8211; [&hellip;]<\/p>\n","protected":false},"featured_media":4454,"template":"","meta":{"_gspb_post_css":""},"store":[],"product_brand":[],"product_cat":[16],"product_tag":[],"class_list":{"0":"post-4455","1":"product","2":"type-product","3":"status-publish","4":"has-post-thumbnail","6":"product_cat-sin-categorizar","8":"first","9":"instock","10":"sale","11":"shipping-taxable","12":"product-type-external"},"jetpack_sharing_enabled":true,"_links":{"self":[{"href":"https:\/\/ofertacular.com\/index.php\/wp-json\/wp\/v2\/product\/4455","targetHints":{"allow":["GET"]}}],"collection":[{"href":"https:\/\/ofertacular.com\/index.php\/wp-json\/wp\/v2\/product"}],"about":[{"href":"https:\/\/ofertacular.com\/index.php\/wp-json\/wp\/v2\/types\/product"}],"wp:featuredmedia":[{"embeddable":true,"href":"https:\/\/ofertacular.com\/index.php\/wp-json\/wp\/v2\/media\/4454"}],"wp:attachment":[{"href":"https:\/\/ofertacular.com\/index.php\/wp-json\/wp\/v2\/media?parent=4455"}],"wp:term":[{"taxonomy":"store","embeddable":true,"href":"https:\/\/ofertacular.com\/index.php\/wp-json\/wp\/v2\/store?post=4455"},{"taxonomy":"product_brand","embeddable":true,"href":"https:\/\/ofertacular.com\/index.php\/wp-json\/wp\/v2\/product_brand?post=4455"},{"taxonomy":"product_cat","embeddable":true,"href":"https:\/\/ofertacular.com\/index.php\/wp-json\/wp\/v2\/product_cat?post=4455"},{"taxonomy":"product_tag","embeddable":true,"href":"https:\/\/ofertacular.com\/index.php\/wp-json\/wp\/v2\/product_tag?post=4455"}],"curies":[{"name":"wp","href":"https:\/\/api.w.org\/{rel}","templated":true}]}}