{"id":4457,"date":"2025-04-03T07:59:10","date_gmt":"2025-04-03T05:59:10","guid":{"rendered":"https:\/\/ofertacular.com\/index.php\/producto\/1005008420189848\/"},"modified":"2025-04-03T07:59:10","modified_gmt":"2025-04-03T05:59:10","slug":"1005008420189848","status":"publish","type":"product","link":"https:\/\/ofertacular.com\/index.php\/producto\/1005008420189848\/","title":{"rendered":"Lattafa Zanzibar"},"content":{"rendered":"<div class=\"oferta-container\">\n<p>\ud83d\udfe5 <b>\u00a1S\u00d3LO HOY!<\/b> \ud83d\udfe5 #Publicidad #Amazon #<\/p>\n<p>\ud83d\udd34 <b>Perfume Zanzibar <\/b><\/p>\n<p>\u2705 <b>AHORA 15.97\u20ac \u20ac<\/b> \u2714\ufe0f\ud83d\udfe1<\/p>\n<p>\u274c Antes 29.99 \u20ac<\/p>\n<p>\ud83d\uded2: <a href=\"https:\/\/btz.es\/4Hr70Uf\" target=\"_blank\" rel=\"nofollow noopener\">https:\/\/btz.es\/4Hr70Uf<\/a><\/p>\n<p>Descubre la esencia \u00fanica de<br \/>\nLattafa Zanzibar, un perfume que evoca la belleza y el misterio de las islas. Este fragancia cautivadora es perfecta para quienes desean dejar una impresi\u00f3n inolvidable. Con notas ex\u00f3ticas que combinan la frescura de las frutas tropicales y las especias c\u00e1lidas, Lattafa Zanzibar es ideal tanto para el d\u00eda como para la noche. Su aroma envolvente se despliega con una apertura c\u00edtrica y refrescante, cuando la bergamota y el lim\u00f3n se encuentran en perfecta armon\u00eda. A medida que avanza la fragancia, se desvela un coraz\u00f3n floral que a\u00f1ade un toque de elegancia, donde la rosa y el jazm\u00edn se fusionan para crear una experiencia olfativa sofisticada. Finalmente, las notas de fondo, compuestas por s\u00e1ndalo y \u00e1mbar, proporcionan una base c\u00e1lida y sensual que persiste en la piel. Este perfume no s\u00f3lo es una simple fragancia, es un viaje olfativo que captura la esencia de momentos \u00fanicos y memorables. La presentaci\u00f3n en un elegante frasco refleja la calidad y el estilo de Lattafa, convirti\u00e9ndolo tambi\u00e9n en un elemento decorativo para su tocador. Ideal como regalo para esa persona especial o para regalarte a ti mismo, Lattafa Zanzibar es un must-have en la colecci\u00f3n de cualquier amante de los perfumes. Atr\u00e9vete a experimentar la magia de este perfume y destaca con un aroma que seguramente atraer\u00e1 la atenci\u00f3n y el elogio de quienes te rodean. <\/p>\n<p>No dejes pasar la oportunidad de hacer de Lattafa Zanzibar parte de tu historia; cada pulverizaci\u00f3n es un recordatorio de que la vida est\u00e1 llena de momentos para celebrar y disfrutar. Visita nuestra tienda online y adquiere este arom\u00e1tico tesoro que, sin duda, elevar\u00e1 tu car\u00e1cter y te har\u00e1 sentir \u00fanico.<\/p>\n<\/p><\/div>\n","protected":false},"excerpt":{"rendered":"<p>\ud83d\udfe5 \u00a1S\u00d3LO HOY! \ud83d\udfe5 #Publicidad #Amazon # \ud83d\udd34 Perfume Zanzibar \u2705 AHORA 15.97\u20ac \u20ac \u2714\ufe0f\ud83d\udfe1 \u274c Antes 29.99 \u20ac \ud83d\uded2: https:\/\/btz.es\/4Hr70Uf Descubre la esencia \u00fanica de Lattafa Zanzibar, un perfume que evoca la belleza y el misterio de las islas. Este fragancia cautivadora es perfecta para quienes desean dejar una impresi\u00f3n inolvidable. Con notas ex\u00f3ticas [&hellip;]<\/p>\n","protected":false},"featured_media":4456,"template":"","meta":{"_gspb_post_css":""},"store":[],"product_brand":[],"product_cat":[16],"product_tag":[],"class_list":{"0":"post-4457","1":"product","2":"type-product","3":"status-publish","4":"has-post-thumbnail","6":"product_cat-sin-categorizar","8":"first","9":"instock","10":"shipping-taxable","11":"product-type-external"},"jetpack_sharing_enabled":true,"_links":{"self":[{"href":"https:\/\/ofertacular.com\/index.php\/wp-json\/wp\/v2\/product\/4457","targetHints":{"allow":["GET"]}}],"collection":[{"href":"https:\/\/ofertacular.com\/index.php\/wp-json\/wp\/v2\/product"}],"about":[{"href":"https:\/\/ofertacular.com\/index.php\/wp-json\/wp\/v2\/types\/product"}],"wp:featuredmedia":[{"embeddable":true,"href":"https:\/\/ofertacular.com\/index.php\/wp-json\/wp\/v2\/media\/4456"}],"wp:attachment":[{"href":"https:\/\/ofertacular.com\/index.php\/wp-json\/wp\/v2\/media?parent=4457"}],"wp:term":[{"taxonomy":"store","embeddable":true,"href":"https:\/\/ofertacular.com\/index.php\/wp-json\/wp\/v2\/store?post=4457"},{"taxonomy":"product_brand","embeddable":true,"href":"https:\/\/ofertacular.com\/index.php\/wp-json\/wp\/v2\/product_brand?post=4457"},{"taxonomy":"product_cat","embeddable":true,"href":"https:\/\/ofertacular.com\/index.php\/wp-json\/wp\/v2\/product_cat?post=4457"},{"taxonomy":"product_tag","embeddable":true,"href":"https:\/\/ofertacular.com\/index.php\/wp-json\/wp\/v2\/product_tag?post=4457"}],"curies":[{"name":"wp","href":"https:\/\/api.w.org\/{rel}","templated":true}]}}