{"id":4463,"date":"2025-04-03T08:29:24","date_gmt":"2025-04-03T06:29:24","guid":{"rendered":"https:\/\/ofertacular.com\/index.php\/producto\/barista-max\/"},"modified":"2025-04-03T08:29:24","modified_gmt":"2025-04-03T06:29:24","slug":"barista-max","status":"publish","type":"product","link":"https:\/\/ofertacular.com\/index.php\/producto\/barista-max\/","title":{"rendered":"Barista Max"},"content":{"rendered":"<div class=\"oferta-container\">\n<p>\ud83d\udfe5 <b>\u00a1GANGAZO!<\/b> \ud83d\udfe5 #Publicidad #Amazon #16<\/p>\n<p>\ud83d\udd34 <b>Barista Max <\/b><\/p>\n<p>\u2705 <b>AHORA 299 \u20ac<\/b> \u2714\ufe0f\ud83d\udfe1<\/p>\n<p>\u274c Antes 549.90 \u20ac<\/p>\n<p>\ud83d\uded2: <a href=\"https:\/\/btz.es\/4HrFc4s\" target=\"_blank\" rel=\"nofollow noopener\">https:\/\/btz.es\/4HrFc4s<\/a><\/p>\n<p>&#8211; Caf\u00e9 sublime de forma sencilla. Disfrute en casa del mejor caf\u00e9 de cafeter\u00eda en 3 sencillos pasos: moler, extraer y texturizar la leche<br \/>\n&#8211; Controles f\u00e1ciles de usar con caracter\u00edsticas comerciales para un caf\u00e9 siempre excelente<br \/>\n&#8211; El exclusivo 3-Way System proporciona un calentamiento r\u00e1pido, una temperatura precisa y estable y una extracci\u00f3n uniforme para ofrecerle un sabor completo y equilibrado<br \/>\n&#8211; Muele los granos directamente en el portafiltro para obtener un caf\u00e9 reci\u00e9n molido con el m\u00e1ximo sabor y sin desperdicios<br \/>\n&#8211; Opciones de 1 o 2 dosis, as\u00ed como control manual; dep\u00f3sito de agua de 2,8 l; apto para preparar expreso, americano, latte, caf\u00e9 con leche y muchas variedades m\u00e1s<\/p>\n<\/p><\/div>\n","protected":false},"excerpt":{"rendered":"<p>\ud83d\udfe5 \u00a1GANGAZO! \ud83d\udfe5 #Publicidad #Amazon #16 \ud83d\udd34 Barista Max \u2705 AHORA 299 \u20ac \u2714\ufe0f\ud83d\udfe1 \u274c Antes 549.90 \u20ac \ud83d\uded2: https:\/\/btz.es\/4HrFc4s &#8211; Caf\u00e9 sublime de forma sencilla. Disfrute en casa del mejor caf\u00e9 de cafeter\u00eda en 3 sencillos pasos: moler, extraer y texturizar la leche &#8211; Controles f\u00e1ciles de usar con caracter\u00edsticas comerciales para un caf\u00e9 [&hellip;]<\/p>\n","protected":false},"featured_media":4462,"template":"","meta":{"_gspb_post_css":""},"store":[],"product_brand":[],"product_cat":[16],"product_tag":[],"class_list":{"0":"post-4463","1":"product","2":"type-product","3":"status-publish","4":"has-post-thumbnail","6":"product_cat-sin-categorizar","8":"first","9":"instock","10":"sale","11":"shipping-taxable","12":"product-type-external"},"jetpack_sharing_enabled":true,"_links":{"self":[{"href":"https:\/\/ofertacular.com\/index.php\/wp-json\/wp\/v2\/product\/4463","targetHints":{"allow":["GET"]}}],"collection":[{"href":"https:\/\/ofertacular.com\/index.php\/wp-json\/wp\/v2\/product"}],"about":[{"href":"https:\/\/ofertacular.com\/index.php\/wp-json\/wp\/v2\/types\/product"}],"wp:featuredmedia":[{"embeddable":true,"href":"https:\/\/ofertacular.com\/index.php\/wp-json\/wp\/v2\/media\/4462"}],"wp:attachment":[{"href":"https:\/\/ofertacular.com\/index.php\/wp-json\/wp\/v2\/media?parent=4463"}],"wp:term":[{"taxonomy":"store","embeddable":true,"href":"https:\/\/ofertacular.com\/index.php\/wp-json\/wp\/v2\/store?post=4463"},{"taxonomy":"product_brand","embeddable":true,"href":"https:\/\/ofertacular.com\/index.php\/wp-json\/wp\/v2\/product_brand?post=4463"},{"taxonomy":"product_cat","embeddable":true,"href":"https:\/\/ofertacular.com\/index.php\/wp-json\/wp\/v2\/product_cat?post=4463"},{"taxonomy":"product_tag","embeddable":true,"href":"https:\/\/ofertacular.com\/index.php\/wp-json\/wp\/v2\/product_tag?post=4463"}],"curies":[{"name":"wp","href":"https:\/\/api.w.org\/{rel}","templated":true}]}}