{"id":4465,"date":"2025-04-03T08:30:10","date_gmt":"2025-04-03T06:30:10","guid":{"rendered":"https:\/\/ofertacular.com\/index.php\/producto\/acer-nitro\/"},"modified":"2025-04-03T08:30:10","modified_gmt":"2025-04-03T06:30:10","slug":"acer-nitro","status":"publish","type":"product","link":"https:\/\/ofertacular.com\/index.php\/producto\/acer-nitro\/","title":{"rendered":"Acer Nitro"},"content":{"rendered":"<div class=\"oferta-container\">\n<p>\ud83d\udfe5 <b>\u00a1S\u00d3LO HOY!<\/b> \ud83d\udfe5 #Publicidad #Amazon #16<\/p>\n<p>\ud83d\udd34 <b>Laptop Acer <\/b><\/p>\n<p>\u2705 <b>AHORA 84.9 \u20ac<\/b> \u2714\ufe0f\ud83d\udfe1<\/p>\n<p>\u274c Antes 119.90 \u20ac<\/p>\n<p>\ud83d\uded2: <a href=\"https:\/\/btz.es\/4HrFnmh\" target=\"_blank\" rel=\"nofollow noopener\">https:\/\/btz.es\/4HrFnmh<\/a><\/p>\n<p>&#8211; Pantalla de 23,8&#8243;, Full HD 1920 x 1080 pixeles, 100 Hz, 250 nits<br \/>\n&#8211; Tiempo de respuesta 1 ms VRB<br \/>\n&#8211; Tecnolog\u00eda anti-fragmentaci\u00f3n AMD FreeSync<br \/>\n&#8211; Soporte ergon\u00f3mico con inclinaci\u00f3n de pantalla -5\u00b0 a 15\u00b0<\/p>\n<\/p><\/div>\n","protected":false},"excerpt":{"rendered":"<p>\ud83d\udfe5 \u00a1S\u00d3LO HOY! \ud83d\udfe5 #Publicidad #Amazon #16 \ud83d\udd34 Laptop Acer \u2705 AHORA 84.9 \u20ac \u2714\ufe0f\ud83d\udfe1 \u274c Antes 119.90 \u20ac \ud83d\uded2: https:\/\/btz.es\/4HrFnmh &#8211; Pantalla de 23,8&#8243;, Full HD 1920 x 1080 pixeles, 100 Hz, 250 nits &#8211; Tiempo de respuesta 1 ms VRB &#8211; Tecnolog\u00eda anti-fragmentaci\u00f3n AMD FreeSync &#8211; Soporte ergon\u00f3mico con inclinaci\u00f3n de pantalla -5\u00b0 [&hellip;]<\/p>\n","protected":false},"featured_media":4464,"template":"","meta":{"_gspb_post_css":""},"store":[],"product_brand":[],"product_cat":[16],"product_tag":[],"class_list":{"0":"post-4465","1":"product","2":"type-product","3":"status-publish","4":"has-post-thumbnail","6":"product_cat-sin-categorizar","8":"first","9":"instock","10":"sale","11":"shipping-taxable","12":"product-type-external"},"jetpack_sharing_enabled":true,"_links":{"self":[{"href":"https:\/\/ofertacular.com\/index.php\/wp-json\/wp\/v2\/product\/4465","targetHints":{"allow":["GET"]}}],"collection":[{"href":"https:\/\/ofertacular.com\/index.php\/wp-json\/wp\/v2\/product"}],"about":[{"href":"https:\/\/ofertacular.com\/index.php\/wp-json\/wp\/v2\/types\/product"}],"wp:featuredmedia":[{"embeddable":true,"href":"https:\/\/ofertacular.com\/index.php\/wp-json\/wp\/v2\/media\/4464"}],"wp:attachment":[{"href":"https:\/\/ofertacular.com\/index.php\/wp-json\/wp\/v2\/media?parent=4465"}],"wp:term":[{"taxonomy":"store","embeddable":true,"href":"https:\/\/ofertacular.com\/index.php\/wp-json\/wp\/v2\/store?post=4465"},{"taxonomy":"product_brand","embeddable":true,"href":"https:\/\/ofertacular.com\/index.php\/wp-json\/wp\/v2\/product_brand?post=4465"},{"taxonomy":"product_cat","embeddable":true,"href":"https:\/\/ofertacular.com\/index.php\/wp-json\/wp\/v2\/product_cat?post=4465"},{"taxonomy":"product_tag","embeddable":true,"href":"https:\/\/ofertacular.com\/index.php\/wp-json\/wp\/v2\/product_tag?post=4465"}],"curies":[{"name":"wp","href":"https:\/\/api.w.org\/{rel}","templated":true}]}}