{"id":4469,"date":"2025-04-03T09:51:04","date_gmt":"2025-04-03T07:51:04","guid":{"rendered":"https:\/\/ofertacular.com\/index.php\/producto\/limpiador-vapor\/"},"modified":"2025-04-03T09:51:04","modified_gmt":"2025-04-03T07:51:04","slug":"limpiador-vapor","status":"publish","type":"product","link":"https:\/\/ofertacular.com\/index.php\/producto\/limpiador-vapor\/","title":{"rendered":"Limpiador Vapor"},"content":{"rendered":"<div class=\"oferta-container\">\n<p>\ud83d\udfe5 <b>\u00a1NO TE LA PIERDAS!<\/b> \ud83d\udfe5 #Publicidad #Amazon #16<\/p>\n<p>\ud83d\udd34 <b>Limpiador Vapor <\/b><\/p>\n<p>\u2705 <b>AHORA 29.99 \u20ac<\/b> \u2714\ufe0f\ud83d\udfe1<\/p>\n<p>\u274c Antes 38.99 \u20ac<\/p>\n<p>\ud83d\uded2: <a href=\"https:\/\/btz.es\/4HrZBxA\" target=\"_blank\" rel=\"nofollow noopener\">https:\/\/btz.es\/4HrZBxA<\/a><\/p>\n<p>&#8211; VAPOR CALIENTE PODEROSO: Con 900-1050W de potencia, este limpiador a vapor emite un potente vapor caliente presurizado 105\u00b0C por hasta 15 minutos. \u00a1Ideal para cortar grasa, lechada o manchas dif\u00edciles con nuestro vaporizador de alta presi\u00f3n!<br \/>\n&#8211; 9 ACCESORIOS INCLUYEN: El juego viene con una tapa que se extiende, taza de spray con cepillo, aerosol doblado, embudo, taza de medida, spray para puertas y ventanas, funda de toalla, plato de cepillo y spray largo. Perfecto para tareas como limpiar salpicaderos y limpiar llantas.<br \/>\n&#8211; VERS\u00c1TIL: Este limpiador de vapor de mano es perfecto para la limpieza interior del coche, limpieza de tapicer\u00edas, y m\u00e1s. Se puede usar tanto en interiores como exteriores. Incluimos una boquilla de extensi\u00f3n para mayor movilidad y alcance mejorado, lo que lo hace ideal para el uso como vaporeta de mano.<br \/>\n&#8211; SIN QU\u00cdMICOS Y SEGURO: 100% libre de qu\u00edmicos, sin humos ni residuos da\u00f1inos. Incluye un candado de seguridad en el mango y una tapa de seguridad para mayor tranquilidad. \u00a1Sanitizaci\u00f3n f\u00e1cil y ecol\u00f3gica en segundos! Perfecto para la limpieza del hogar, incluyendo limpiar sof\u00e1s, limpiar coches, y otras superficies.<br \/>\n&#8211; USOS M\u00daLTIPLES EN SUPERFICIES: Ideal para superficies selladas como cer\u00e1mica, vinilo, laminado, granito, y pisos de madera. Tambi\u00e9n es excelente para limpiar tapicer\u00eda de coches, limpiar sof\u00e1s, limpiar alfombras, ventanas, azulejos, y m\u00e1s. Compatible con tareas de limpieza espec\u00edficas como limpiar cristales, hidratador de pl\u00e1sticos de coches, y limpieza de tapicer\u00edas de sof\u00e1s.<\/p>\n<\/p><\/div>\n","protected":false},"excerpt":{"rendered":"<p>\ud83d\udfe5 \u00a1NO TE LA PIERDAS! \ud83d\udfe5 #Publicidad #Amazon #16 \ud83d\udd34 Limpiador Vapor \u2705 AHORA 29.99 \u20ac \u2714\ufe0f\ud83d\udfe1 \u274c Antes 38.99 \u20ac \ud83d\uded2: https:\/\/btz.es\/4HrZBxA &#8211; VAPOR CALIENTE PODEROSO: Con 900-1050W de potencia, este limpiador a vapor emite un potente vapor caliente presurizado 105\u00b0C por hasta 15 minutos. \u00a1Ideal para cortar grasa, lechada o manchas dif\u00edciles con [&hellip;]<\/p>\n","protected":false},"featured_media":4468,"template":"","meta":{"_gspb_post_css":""},"store":[],"product_brand":[],"product_cat":[16],"product_tag":[],"class_list":{"0":"post-4469","1":"product","2":"type-product","3":"status-publish","4":"has-post-thumbnail","6":"product_cat-sin-categorizar","8":"first","9":"instock","10":"sale","11":"shipping-taxable","12":"product-type-external"},"jetpack_sharing_enabled":true,"_links":{"self":[{"href":"https:\/\/ofertacular.com\/index.php\/wp-json\/wp\/v2\/product\/4469","targetHints":{"allow":["GET"]}}],"collection":[{"href":"https:\/\/ofertacular.com\/index.php\/wp-json\/wp\/v2\/product"}],"about":[{"href":"https:\/\/ofertacular.com\/index.php\/wp-json\/wp\/v2\/types\/product"}],"wp:featuredmedia":[{"embeddable":true,"href":"https:\/\/ofertacular.com\/index.php\/wp-json\/wp\/v2\/media\/4468"}],"wp:attachment":[{"href":"https:\/\/ofertacular.com\/index.php\/wp-json\/wp\/v2\/media?parent=4469"}],"wp:term":[{"taxonomy":"store","embeddable":true,"href":"https:\/\/ofertacular.com\/index.php\/wp-json\/wp\/v2\/store?post=4469"},{"taxonomy":"product_brand","embeddable":true,"href":"https:\/\/ofertacular.com\/index.php\/wp-json\/wp\/v2\/product_brand?post=4469"},{"taxonomy":"product_cat","embeddable":true,"href":"https:\/\/ofertacular.com\/index.php\/wp-json\/wp\/v2\/product_cat?post=4469"},{"taxonomy":"product_tag","embeddable":true,"href":"https:\/\/ofertacular.com\/index.php\/wp-json\/wp\/v2\/product_tag?post=4469"}],"curies":[{"name":"wp","href":"https:\/\/api.w.org\/{rel}","templated":true}]}}