{"id":4471,"date":"2025-04-03T09:51:53","date_gmt":"2025-04-03T07:51:53","guid":{"rendered":"https:\/\/ofertacular.com\/index.php\/producto\/masterpro-gastro\/"},"modified":"2025-04-03T09:51:53","modified_gmt":"2025-04-03T07:51:53","slug":"masterpro-gastro","status":"publish","type":"product","link":"https:\/\/ofertacular.com\/index.php\/producto\/masterpro-gastro\/","title":{"rendered":"MasterPRO Gastro"},"content":{"rendered":"<div class=\"oferta-container\">\n<p>\ud83d\udfe5 <b>REBAJA<\/b> \ud83d\udfe5 #Publicidad #Amazon #16<\/p>\n<p>\ud83d\udd34 <b>Cocina MasterPRO <\/b><\/p>\n<p>\u2705 <b>AHORA 99.99 \u20ac<\/b> \u2714\ufe0f\ud83d\udfe1<\/p>\n<p>\u274c Antes 299.90 \u20ac<\/p>\n<p>\ud83d\uded2: <a href=\"https:\/\/btz.es\/4HrZOzC\" target=\"_blank\" rel=\"nofollow noopener\">https:\/\/btz.es\/4HrZOzC<\/a><\/p>\n<p>&#8211; INDICADOR DE TEMPERATURA: Set de 11 piezas antiadherentes que incluye 3 Sartenes de 20, 24 y 28 cm, 3 Cacerolas de 20, 24 y 28 cm y un cazo de 16 cm con tapa. Cuentan con un indicador de temperatura que cambia de color en funci\u00f3n de lo caliente que est\u00e9 el producto lo cual facilita el cocinado de los productos. Cuanto m\u00e1s oscuro es el color del indicador, m\u00e1s caliente est\u00e1 el producto.<br \/>\n&#8211; REVESTIMIENTO ANTIADHERENTE: Hemos incorporado en nuestra gama Indigo un recubrimiento con alta resistencia al desgaste y a la corrosi\u00f3n, que repele a la perfecci\u00f3n la grasa y el agua, evitando que los ingredientes se adhieran.<br \/>\n&#8211; MANGO ANTIQUEMADURAS CON TECNOLOG\u00cdA STAY COOL: Esta gama incluye mangos recubiertos con tecnolog\u00eda Stay Cool. De esta manera conseguimos proporcionarte un agarre de efecto fr\u00edo para que puedas saltear y manipular el cazo con total seguridad y sin quemarte.<br \/>\n&#8211; FABRICADA CON ALUMINIO FUNDIDO RECICLADO: El dise\u00f1o de la base permite que el calor se reparta por igual en toda la superficie, logrando que todos los alimentos se cocinen por completo. Su gran ligereza te permitir\u00e1 saltear y remover sin esfuerzos.<br \/>\n&#8211; APTO PARA TODO TIPO DE COCINAS: Nuestro cazo convertir\u00e1 cada momento en la cocina en una oportunidad para desatar tu creatividad culinaria. Adem\u00e1s, es compatible con cocinas de inducci\u00f3n, gas, hal\u00f3genas, vitrocer\u00e1micas y el\u00e9ctricas.<\/p>\n<\/p><\/div>\n","protected":false},"excerpt":{"rendered":"<p>\ud83d\udfe5 REBAJA \ud83d\udfe5 #Publicidad #Amazon #16 \ud83d\udd34 Cocina MasterPRO \u2705 AHORA 99.99 \u20ac \u2714\ufe0f\ud83d\udfe1 \u274c Antes 299.90 \u20ac \ud83d\uded2: https:\/\/btz.es\/4HrZOzC &#8211; INDICADOR DE TEMPERATURA: Set de 11 piezas antiadherentes que incluye 3 Sartenes de 20, 24 y 28 cm, 3 Cacerolas de 20, 24 y 28 cm y un cazo de 16 cm con tapa. [&hellip;]<\/p>\n","protected":false},"featured_media":4470,"template":"","meta":{"_gspb_post_css":""},"store":[],"product_brand":[],"product_cat":[16],"product_tag":[],"class_list":{"0":"post-4471","1":"product","2":"type-product","3":"status-publish","4":"has-post-thumbnail","6":"product_cat-sin-categorizar","8":"first","9":"instock","10":"sale","11":"shipping-taxable","12":"product-type-external"},"jetpack_sharing_enabled":true,"_links":{"self":[{"href":"https:\/\/ofertacular.com\/index.php\/wp-json\/wp\/v2\/product\/4471","targetHints":{"allow":["GET"]}}],"collection":[{"href":"https:\/\/ofertacular.com\/index.php\/wp-json\/wp\/v2\/product"}],"about":[{"href":"https:\/\/ofertacular.com\/index.php\/wp-json\/wp\/v2\/types\/product"}],"wp:featuredmedia":[{"embeddable":true,"href":"https:\/\/ofertacular.com\/index.php\/wp-json\/wp\/v2\/media\/4470"}],"wp:attachment":[{"href":"https:\/\/ofertacular.com\/index.php\/wp-json\/wp\/v2\/media?parent=4471"}],"wp:term":[{"taxonomy":"store","embeddable":true,"href":"https:\/\/ofertacular.com\/index.php\/wp-json\/wp\/v2\/store?post=4471"},{"taxonomy":"product_brand","embeddable":true,"href":"https:\/\/ofertacular.com\/index.php\/wp-json\/wp\/v2\/product_brand?post=4471"},{"taxonomy":"product_cat","embeddable":true,"href":"https:\/\/ofertacular.com\/index.php\/wp-json\/wp\/v2\/product_cat?post=4471"},{"taxonomy":"product_tag","embeddable":true,"href":"https:\/\/ofertacular.com\/index.php\/wp-json\/wp\/v2\/product_tag?post=4471"}],"curies":[{"name":"wp","href":"https:\/\/api.w.org\/{rel}","templated":true}]}}