{"id":4475,"date":"2025-04-03T10:27:18","date_gmt":"2025-04-03T08:27:18","guid":{"rendered":"https:\/\/ofertacular.com\/index.php\/producto\/neutrogena-handcream\/"},"modified":"2025-04-03T10:27:18","modified_gmt":"2025-04-03T08:27:18","slug":"neutrogena-handcream","status":"publish","type":"product","link":"https:\/\/ofertacular.com\/index.php\/producto\/neutrogena-handcream\/","title":{"rendered":"Neutrogena Handcream"},"content":{"rendered":"<div class=\"oferta-container\">\n<p>\ud83d\udfe5 <b>\u00a1DESCUENTO \u00daNICO!<\/b> \ud83d\udfe5 #Publicidad #Amazon #16<\/p>\n<p>\ud83d\udd34 <b>Crema Neutrogena <\/b><\/p>\n<p>\u2705 <b>AHORA 2.28 \u20ac<\/b> \u2714\ufe0f\ud83d\udfe1<\/p>\n<p>\u274c Antes 7.80 \u20ac<\/p>\n<p>\ud83d\uded2: <a href=\"https:\/\/btz.es\/4HsiJsI\" target=\"_blank\" rel=\"nofollow noopener\">https:\/\/btz.es\/4HsiJsI<\/a><\/p>\n<p>&#8211; Piel intensamente hidratada: Con una sola gota, la crema de manos Neutrogena alivia de inmediato las manos secas y agrietadas y proporciona hidrataci\u00f3n 24 horas<br \/>\n&#8211; Crema de manos 4 en 1: Esta crema de manos antiedad para pieles secas, no solo hidrata las manos, sino que tambi\u00e9n suaviza las cut\u00edculas y fortalece las u\u00f1as<br \/>\n&#8211; F\u00f3rmula mejorada: La f\u00f3rmula con glicerina concentrada al 40% y vitamina E de esta crema hidratante, nutre y repara las manos al instante y protege la barrera cut\u00e1nea<br \/>\n&#8211; Apta para pieles secas y muy secas: Esta crema de textura ligera de agradable perfume est\u00e1 cl\u00ednicamente comprobada y es perfecta para combatir la sequedad en las manos<br \/>\n&#8211; Detalles del env\u00edo: Neutrogena F\u00f3rmula Noruega Crema de Manos Concentrada con Perfume, envase m\u00e1s sostenible con un 50% de pl\u00e1stico reciclado, tubo reciclable, 50 ml<\/p>\n<\/p><\/div>\n","protected":false},"excerpt":{"rendered":"<p>\ud83d\udfe5 \u00a1DESCUENTO \u00daNICO! \ud83d\udfe5 #Publicidad #Amazon #16 \ud83d\udd34 Crema Neutrogena \u2705 AHORA 2.28 \u20ac \u2714\ufe0f\ud83d\udfe1 \u274c Antes 7.80 \u20ac \ud83d\uded2: https:\/\/btz.es\/4HsiJsI &#8211; Piel intensamente hidratada: Con una sola gota, la crema de manos Neutrogena alivia de inmediato las manos secas y agrietadas y proporciona hidrataci\u00f3n 24 horas &#8211; Crema de manos 4 en 1: Esta [&hellip;]<\/p>\n","protected":false},"featured_media":4474,"template":"","meta":{"_gspb_post_css":""},"store":[],"product_brand":[],"product_cat":[16],"product_tag":[],"class_list":{"0":"post-4475","1":"product","2":"type-product","3":"status-publish","4":"has-post-thumbnail","6":"product_cat-sin-categorizar","8":"first","9":"instock","10":"sale","11":"shipping-taxable","12":"product-type-external"},"jetpack_sharing_enabled":true,"_links":{"self":[{"href":"https:\/\/ofertacular.com\/index.php\/wp-json\/wp\/v2\/product\/4475","targetHints":{"allow":["GET"]}}],"collection":[{"href":"https:\/\/ofertacular.com\/index.php\/wp-json\/wp\/v2\/product"}],"about":[{"href":"https:\/\/ofertacular.com\/index.php\/wp-json\/wp\/v2\/types\/product"}],"wp:featuredmedia":[{"embeddable":true,"href":"https:\/\/ofertacular.com\/index.php\/wp-json\/wp\/v2\/media\/4474"}],"wp:attachment":[{"href":"https:\/\/ofertacular.com\/index.php\/wp-json\/wp\/v2\/media?parent=4475"}],"wp:term":[{"taxonomy":"store","embeddable":true,"href":"https:\/\/ofertacular.com\/index.php\/wp-json\/wp\/v2\/store?post=4475"},{"taxonomy":"product_brand","embeddable":true,"href":"https:\/\/ofertacular.com\/index.php\/wp-json\/wp\/v2\/product_brand?post=4475"},{"taxonomy":"product_cat","embeddable":true,"href":"https:\/\/ofertacular.com\/index.php\/wp-json\/wp\/v2\/product_cat?post=4475"},{"taxonomy":"product_tag","embeddable":true,"href":"https:\/\/ofertacular.com\/index.php\/wp-json\/wp\/v2\/product_tag?post=4475"}],"curies":[{"name":"wp","href":"https:\/\/api.w.org\/{rel}","templated":true}]}}