{"id":4479,"date":"2025-04-03T11:37:42","date_gmt":"2025-04-03T09:37:42","guid":{"rendered":"https:\/\/ofertacular.com\/index.php\/producto\/charged-edge\/"},"modified":"2025-04-03T11:37:42","modified_gmt":"2025-04-03T09:37:42","slug":"charged-edge","status":"publish","type":"product","link":"https:\/\/ofertacular.com\/index.php\/producto\/charged-edge\/","title":{"rendered":"Charged Edge"},"content":{"rendered":"<div class=\"oferta-container\">\n<p>\ud83d\udfe5 <b>SUPER OFERTA<\/b> \ud83d\udfe5 #Publicidad #Amazon #16<\/p>\n<p>\ud83d\udd34 <b>Charged Edge <\/b><\/p>\n<p>\u2705 <b>AHORA 45.5 \u20ac<\/b> \u2714\ufe0f\ud83d\udfe1<\/p>\n<p>\u274c Antes 65.00 \u20ac<\/p>\n<p>\ud83d\uded2: <a href=\"https:\/\/btz.es\/4Hs02hm\" target=\"_blank\" rel=\"nofollow noopener\">https:\/\/btz.es\/4Hs02hm<\/a><\/p>\n<p>&#8211; Ligeras deportivas transpirables \u2013 Estas zapatillas con cordones tienen una parte superior de malla transpirable y revestimientos sint\u00e9ticos.<br \/>\n&#8211; C\u00f3modas zapatillas para caminar \u2013 Las sneakers de hombre tienen una plantilla Ortholite de doble capa y una mediasuela Charged Cushioning.<br \/>\n&#8211; Tracci\u00f3n mejorada \u2013 Estas deportivas para correr incorporan una resistente suela completa de goma con patrones estrat\u00e9gicos para un mejor agarre.<br \/>\n&#8211; Vers\u00e1tiles zapatillas para entrenar \u2013 Las zapatillas de gimnasia tambi\u00e9n sirven para el d\u00eda a d\u00eda gracias a su dise\u00f1o elegante y funcional.<br \/>\n&#8211; Material y forma \u2013 Under Armour UA Charged Edge Deportivas para correr con cordones est\u00e1ndar y ajuste normal; material: 41% piel, 39% textil, 20% sint\u00e9tico y suela de 100% goma.<\/p>\n<\/p><\/div>\n","protected":false},"excerpt":{"rendered":"<p>\ud83d\udfe5 SUPER OFERTA \ud83d\udfe5 #Publicidad #Amazon #16 \ud83d\udd34 Charged Edge \u2705 AHORA 45.5 \u20ac \u2714\ufe0f\ud83d\udfe1 \u274c Antes 65.00 \u20ac \ud83d\uded2: https:\/\/btz.es\/4Hs02hm &#8211; Ligeras deportivas transpirables \u2013 Estas zapatillas con cordones tienen una parte superior de malla transpirable y revestimientos sint\u00e9ticos. &#8211; C\u00f3modas zapatillas para caminar \u2013 Las sneakers de hombre tienen una plantilla Ortholite de [&hellip;]<\/p>\n","protected":false},"featured_media":4478,"template":"","meta":{"_gspb_post_css":""},"store":[],"product_brand":[],"product_cat":[16],"product_tag":[],"class_list":{"0":"post-4479","1":"product","2":"type-product","3":"status-publish","4":"has-post-thumbnail","6":"product_cat-sin-categorizar","8":"first","9":"instock","10":"sale","11":"shipping-taxable","12":"product-type-external"},"jetpack_sharing_enabled":true,"_links":{"self":[{"href":"https:\/\/ofertacular.com\/index.php\/wp-json\/wp\/v2\/product\/4479","targetHints":{"allow":["GET"]}}],"collection":[{"href":"https:\/\/ofertacular.com\/index.php\/wp-json\/wp\/v2\/product"}],"about":[{"href":"https:\/\/ofertacular.com\/index.php\/wp-json\/wp\/v2\/types\/product"}],"wp:featuredmedia":[{"embeddable":true,"href":"https:\/\/ofertacular.com\/index.php\/wp-json\/wp\/v2\/media\/4478"}],"wp:attachment":[{"href":"https:\/\/ofertacular.com\/index.php\/wp-json\/wp\/v2\/media?parent=4479"}],"wp:term":[{"taxonomy":"store","embeddable":true,"href":"https:\/\/ofertacular.com\/index.php\/wp-json\/wp\/v2\/store?post=4479"},{"taxonomy":"product_brand","embeddable":true,"href":"https:\/\/ofertacular.com\/index.php\/wp-json\/wp\/v2\/product_brand?post=4479"},{"taxonomy":"product_cat","embeddable":true,"href":"https:\/\/ofertacular.com\/index.php\/wp-json\/wp\/v2\/product_cat?post=4479"},{"taxonomy":"product_tag","embeddable":true,"href":"https:\/\/ofertacular.com\/index.php\/wp-json\/wp\/v2\/product_tag?post=4479"}],"curies":[{"name":"wp","href":"https:\/\/api.w.org\/{rel}","templated":true}]}}