{"id":4481,"date":"2025-04-03T11:38:39","date_gmt":"2025-04-03T09:38:39","guid":{"rendered":"https:\/\/ofertacular.com\/index.php\/producto\/pixel-watch\/"},"modified":"2025-04-03T11:38:39","modified_gmt":"2025-04-03T09:38:39","slug":"pixel-watch","status":"publish","type":"product","link":"https:\/\/ofertacular.com\/index.php\/producto\/pixel-watch\/","title":{"rendered":"Pixel Watch"},"content":{"rendered":"<div class=\"oferta-container\">\n<p>\ud83d\udfe5 <b>\u00a1GANGAZO!<\/b> \ud83d\udfe5 #Publicidad #Amazon #16<\/p>\n<p>\ud83d\udd34 <b>Reloj inteligente <\/b><\/p>\n<p>\u2705 <b>AHORA 199 \u20ac<\/b> \u2714\ufe0f\ud83d\udfe1<\/p>\n<p>\u274c Antes 229.00 \u20ac<\/p>\n<p>\ud83d\uded2: <a href=\"https:\/\/btz.es\/4Hs0GXm\" target=\"_blank\" rel=\"nofollow noopener\">https:\/\/btz.es\/4Hs0GXm<\/a><\/p>\n<p>&#8211; Un sensor totalmente nuevo y la IA de Google se unen para ofrecer la monitorizaci\u00f3n de la frecuencia cardiaca de Fitbit m\u00e1s exacta hasta la fecha. Para que obtengas informaci\u00f3n m\u00e1s precisa de tu salud y actividad f\u00edsica.<br \/>\n&#8211; La funci\u00f3n Respuestas del Cuerpo de Fitbit te ayuda a identificar posibles se\u00f1ales de estr\u00e9s para que puedas controlarlo en el momento.<br \/>\n&#8211; Un sensor incorporado monitoriza las variaciones de la temperatura que pueden relacionarse con el entorno de sue\u00f1o, el ciclo menstrual y cambios en tu bienestar.<br \/>\n&#8211; Usa la aplicaci\u00f3n de ECG para evaluar tu ritmo cardiaco o recibe avisos si es irregular en la aplicaci\u00f3n de Fitbit.<br \/>\n&#8211; La detecci\u00f3n de ca\u00eddas te ayuda a contactar con los servicios de emergencias e incluso puede activar la marcaci\u00f3n autom\u00e1tica si no reaccionas.<br \/>\n&#8211; Si te sientes en peligro, el Pixel Watch 2 puede avisar f\u00e1cilmente a tus contactos de confianza o al 112 con Emergencia SOS.<br \/>\n&#8211; Cuando salgas a correr o camines en solitario, activa el temporizador. Si finaliza sin haber recibido ninguna respuesta, el smartwatch puede compartir tu ubicaci\u00f3n con tus contactos cercanos.<br \/>\n&#8211; Disfruta de una duraci\u00f3n de la bater\u00eda de 24 horas con una sola carga y la pantalla siempre activa.<br \/>\n&#8211; Saca el m\u00e1ximo provecho de tus entrenamientos con el modo Entrenamiento Autom\u00e1tico. Fija un objetivo con el entrenamiento del ritmo cuando corras y recibe informaci\u00f3n en tiempo real.<br \/>\n&#8211; Los tel\u00e9fonos, relojes y auriculares de bot\u00f3n Pixel funcionan a la perfecci\u00f3n juntos para ofrecerte ayuda personalizada de Google siempre que la necesites.<\/p>\n<\/p><\/div>\n","protected":false},"excerpt":{"rendered":"<p>\ud83d\udfe5 \u00a1GANGAZO! \ud83d\udfe5 #Publicidad #Amazon #16 \ud83d\udd34 Reloj inteligente \u2705 AHORA 199 \u20ac \u2714\ufe0f\ud83d\udfe1 \u274c Antes 229.00 \u20ac \ud83d\uded2: https:\/\/btz.es\/4Hs0GXm &#8211; Un sensor totalmente nuevo y la IA de Google se unen para ofrecer la monitorizaci\u00f3n de la frecuencia cardiaca de Fitbit m\u00e1s exacta hasta la fecha. Para que obtengas informaci\u00f3n m\u00e1s precisa de tu [&hellip;]<\/p>\n","protected":false},"featured_media":4480,"template":"","meta":{"_gspb_post_css":""},"store":[],"product_brand":[],"product_cat":[16],"product_tag":[],"class_list":{"0":"post-4481","1":"product","2":"type-product","3":"status-publish","4":"has-post-thumbnail","6":"product_cat-sin-categorizar","8":"first","9":"instock","10":"sale","11":"shipping-taxable","12":"product-type-external"},"jetpack_sharing_enabled":true,"_links":{"self":[{"href":"https:\/\/ofertacular.com\/index.php\/wp-json\/wp\/v2\/product\/4481","targetHints":{"allow":["GET"]}}],"collection":[{"href":"https:\/\/ofertacular.com\/index.php\/wp-json\/wp\/v2\/product"}],"about":[{"href":"https:\/\/ofertacular.com\/index.php\/wp-json\/wp\/v2\/types\/product"}],"wp:featuredmedia":[{"embeddable":true,"href":"https:\/\/ofertacular.com\/index.php\/wp-json\/wp\/v2\/media\/4480"}],"wp:attachment":[{"href":"https:\/\/ofertacular.com\/index.php\/wp-json\/wp\/v2\/media?parent=4481"}],"wp:term":[{"taxonomy":"store","embeddable":true,"href":"https:\/\/ofertacular.com\/index.php\/wp-json\/wp\/v2\/store?post=4481"},{"taxonomy":"product_brand","embeddable":true,"href":"https:\/\/ofertacular.com\/index.php\/wp-json\/wp\/v2\/product_brand?post=4481"},{"taxonomy":"product_cat","embeddable":true,"href":"https:\/\/ofertacular.com\/index.php\/wp-json\/wp\/v2\/product_cat?post=4481"},{"taxonomy":"product_tag","embeddable":true,"href":"https:\/\/ofertacular.com\/index.php\/wp-json\/wp\/v2\/product_tag?post=4481"}],"curies":[{"name":"wp","href":"https:\/\/api.w.org\/{rel}","templated":true}]}}