{"id":4487,"date":"2025-04-03T21:57:55","date_gmt":"2025-04-03T19:57:55","guid":{"rendered":"https:\/\/ofertacular.com\/index.php\/producto\/barista-max-espresso\/"},"modified":"2025-04-03T21:57:55","modified_gmt":"2025-04-03T19:57:55","slug":"barista-max-espresso","status":"publish","type":"product","link":"https:\/\/ofertacular.com\/index.php\/producto\/barista-max-espresso\/","title":{"rendered":"Barista Max+ Espresso"},"content":{"rendered":"<div class=\"oferta-container\">\n<p>\ud83d\udfe5 <b>EXCLUSIVO<\/b> \ud83d\udfe5 #Publicidad #Amazon #16<\/p>\n<p>\ud83d\udd34 <b>M\u00e1quina Espresso <\/b><\/p>\n<p>\u2705 <b>AHORA 349.99 \u20ac<\/b> \u2714\ufe0f\ud83d\udfe1<\/p>\n<p>\u274c Antes 599.90 \u20ac<\/p>\n<p>\ud83d\uded2: <a href=\"https:\/\/btz.es\/4HuWBbJ\" target=\"_blank\" rel=\"nofollow noopener\">https:\/\/btz.es\/4HuWBbJ<\/a><\/p>\n<p>&#8211; Caf\u00e9 sublime de forma sencilla: disfrute de un delicioso caf\u00e9 con el sabor que tiene en su cafeter\u00eda preferida con esta cafetera expreso intuitiva y f\u00e1cil de usar, as\u00ed como su molinillo integrado que tambi\u00e9n resulta perfecto para caf\u00e9s con leche, capuchinos y mucho m\u00e1s<br \/>\n&#8211; Molienda y dosificaci\u00f3n inteligentes: molinillo integrado con 30 ajustes de molienda, programado de forma inteligente para informar al usuario de la cantidad correcta de granos de caf\u00e9 para una o dos dosis<br \/>\n&#8211; Temporizador de extracci\u00f3n preciso: la pantalla LED muestra el tiempo de extracci\u00f3n, lo que le permite controlar el tiempo para la extracci\u00f3n \u00f3ptima de un expreso delicioso<br \/>\n&#8211; La preparaci\u00f3n perfecta sin excepciones: el sistema Temp IQ Shot Control utiliza un sistema de tres v\u00edas para regular y estabilizar el flujo y la temperatura del agua, consiguiendo as\u00ed un caf\u00e9 de sabor excelente<br \/>\n&#8211; Lanza de vapor para un caf\u00e9 potente: crea microespuma de leche aterciopelada para deliciosos lattes, caf\u00e9s con leche y capuchinos<\/p>\n<\/p><\/div>\n","protected":false},"excerpt":{"rendered":"<p>\ud83d\udfe5 EXCLUSIVO \ud83d\udfe5 #Publicidad #Amazon #16 \ud83d\udd34 M\u00e1quina Espresso \u2705 AHORA 349.99 \u20ac \u2714\ufe0f\ud83d\udfe1 \u274c Antes 599.90 \u20ac \ud83d\uded2: https:\/\/btz.es\/4HuWBbJ &#8211; Caf\u00e9 sublime de forma sencilla: disfrute de un delicioso caf\u00e9 con el sabor que tiene en su cafeter\u00eda preferida con esta cafetera expreso intuitiva y f\u00e1cil de usar, as\u00ed como su molinillo integrado que [&hellip;]<\/p>\n","protected":false},"featured_media":4486,"template":"","meta":{"_gspb_post_css":""},"store":[],"product_brand":[],"product_cat":[16],"product_tag":[],"class_list":{"0":"post-4487","1":"product","2":"type-product","3":"status-publish","4":"has-post-thumbnail","6":"product_cat-sin-categorizar","8":"first","9":"instock","10":"sale","11":"shipping-taxable","12":"product-type-external"},"jetpack_sharing_enabled":true,"_links":{"self":[{"href":"https:\/\/ofertacular.com\/index.php\/wp-json\/wp\/v2\/product\/4487","targetHints":{"allow":["GET"]}}],"collection":[{"href":"https:\/\/ofertacular.com\/index.php\/wp-json\/wp\/v2\/product"}],"about":[{"href":"https:\/\/ofertacular.com\/index.php\/wp-json\/wp\/v2\/types\/product"}],"wp:featuredmedia":[{"embeddable":true,"href":"https:\/\/ofertacular.com\/index.php\/wp-json\/wp\/v2\/media\/4486"}],"wp:attachment":[{"href":"https:\/\/ofertacular.com\/index.php\/wp-json\/wp\/v2\/media?parent=4487"}],"wp:term":[{"taxonomy":"store","embeddable":true,"href":"https:\/\/ofertacular.com\/index.php\/wp-json\/wp\/v2\/store?post=4487"},{"taxonomy":"product_brand","embeddable":true,"href":"https:\/\/ofertacular.com\/index.php\/wp-json\/wp\/v2\/product_brand?post=4487"},{"taxonomy":"product_cat","embeddable":true,"href":"https:\/\/ofertacular.com\/index.php\/wp-json\/wp\/v2\/product_cat?post=4487"},{"taxonomy":"product_tag","embeddable":true,"href":"https:\/\/ofertacular.com\/index.php\/wp-json\/wp\/v2\/product_tag?post=4487"}],"curies":[{"name":"wp","href":"https:\/\/api.w.org\/{rel}","templated":true}]}}