{"id":4503,"date":"2025-04-04T10:58:33","date_gmt":"2025-04-04T08:58:33","guid":{"rendered":"https:\/\/ofertacular.com\/index.php\/producto\/lenor-unstoppables-perfume\/"},"modified":"2025-04-04T10:58:33","modified_gmt":"2025-04-04T08:58:33","slug":"lenor-unstoppables-perfume","status":"publish","type":"product","link":"https:\/\/ofertacular.com\/index.php\/producto\/lenor-unstoppables-perfume\/","title":{"rendered":"Lenor Unstoppables Perfume"},"content":{"rendered":"<div class=\"oferta-container\">\n<p>\ud83d\udfe5 <b>SUPER OFERTA<\/b> \ud83d\udfe5 #Publicidad #Amazon #16<\/p>\n<p>\ud83d\udd34 <b>Perfume Lenor <\/b><\/p>\n<p>\u2705 <b>AHORA 17.99 \u20ac<\/b> \u2714\ufe0f\ud83d\udfe1<\/p>\n<p>\u274c Antes 26.95 \u20ac<\/p>\n<p>\ud83d\uded2: <a href=\"https:\/\/btz.es\/4HyhhBt\" target=\"_blank\" rel=\"nofollow noopener\">https:\/\/btz.es\/4HyhhBt<\/a><\/p>\n<p>&#8211; Potenciador de fragancia para el lavado con jugosos aromas c\u00edtricos envueltos en notas florales<br \/>\n&#8211; Personaliza la intensidad de la fragancia echando m\u00e1s o menos perlas<br \/>\n&#8211; Lenor UNstoppabless debe introducirse en el tambor vac\u00edo antes de cada lavado y, a continuaci\u00f3n, a\u00f1adir la ropa y el detergente como en una colada habitual<br \/>\n&#8211; Las perlas Lenor UNstoppabless est\u00e1n disponibles en diferentes aromas. Recomendamos que las combines con el detergente Ariel PODs<br \/>\n&#8211; Botella de pl\u00e1stico 100 percent reciclado, excepto el tap\u00f3n de rosca, el dosificador y la cubierta; Totalmente reciclable, excluyendo la cubierta<\/p>\n<\/p><\/div>\n","protected":false},"excerpt":{"rendered":"<p>\ud83d\udfe5 SUPER OFERTA \ud83d\udfe5 #Publicidad #Amazon #16 \ud83d\udd34 Perfume Lenor \u2705 AHORA 17.99 \u20ac \u2714\ufe0f\ud83d\udfe1 \u274c Antes 26.95 \u20ac \ud83d\uded2: https:\/\/btz.es\/4HyhhBt &#8211; Potenciador de fragancia para el lavado con jugosos aromas c\u00edtricos envueltos en notas florales &#8211; Personaliza la intensidad de la fragancia echando m\u00e1s o menos perlas &#8211; Lenor UNstoppabless debe introducirse en el [&hellip;]<\/p>\n","protected":false},"featured_media":4502,"template":"","meta":{"_gspb_post_css":""},"store":[],"product_brand":[],"product_cat":[16],"product_tag":[],"class_list":{"0":"post-4503","1":"product","2":"type-product","3":"status-publish","4":"has-post-thumbnail","6":"product_cat-sin-categorizar","8":"first","9":"instock","10":"sale","11":"shipping-taxable","12":"product-type-external"},"jetpack_sharing_enabled":true,"_links":{"self":[{"href":"https:\/\/ofertacular.com\/index.php\/wp-json\/wp\/v2\/product\/4503","targetHints":{"allow":["GET"]}}],"collection":[{"href":"https:\/\/ofertacular.com\/index.php\/wp-json\/wp\/v2\/product"}],"about":[{"href":"https:\/\/ofertacular.com\/index.php\/wp-json\/wp\/v2\/types\/product"}],"wp:featuredmedia":[{"embeddable":true,"href":"https:\/\/ofertacular.com\/index.php\/wp-json\/wp\/v2\/media\/4502"}],"wp:attachment":[{"href":"https:\/\/ofertacular.com\/index.php\/wp-json\/wp\/v2\/media?parent=4503"}],"wp:term":[{"taxonomy":"store","embeddable":true,"href":"https:\/\/ofertacular.com\/index.php\/wp-json\/wp\/v2\/store?post=4503"},{"taxonomy":"product_brand","embeddable":true,"href":"https:\/\/ofertacular.com\/index.php\/wp-json\/wp\/v2\/product_brand?post=4503"},{"taxonomy":"product_cat","embeddable":true,"href":"https:\/\/ofertacular.com\/index.php\/wp-json\/wp\/v2\/product_cat?post=4503"},{"taxonomy":"product_tag","embeddable":true,"href":"https:\/\/ofertacular.com\/index.php\/wp-json\/wp\/v2\/product_tag?post=4503"}],"curies":[{"name":"wp","href":"https:\/\/api.w.org\/{rel}","templated":true}]}}