{"id":4505,"date":"2025-04-04T10:59:22","date_gmt":"2025-04-04T08:59:22","guid":{"rendered":"https:\/\/ofertacular.com\/index.php\/producto\/calvin-klein\/"},"modified":"2025-04-04T10:59:22","modified_gmt":"2025-04-04T08:59:22","slug":"calvin-klein","status":"publish","type":"product","link":"https:\/\/ofertacular.com\/index.php\/producto\/calvin-klein\/","title":{"rendered":"Calvin Klein"},"content":{"rendered":"<div class=\"oferta-container\">\n<p>\ud83d\udfe5 <b>\u00a1OFERT\u00d3N!<\/b> \ud83d\udfe5 #Publicidad #Amazon #16<\/p>\n<p>\ud83d\udd34 <b>Calvin Klein <\/b><\/p>\n<p>\u2705 <b>AHORA 29.95 \u20ac<\/b> \u2714\ufe0f\ud83d\udfe1<\/p>\n<p>\u274c Antes 38.95 \u20ac<\/p>\n<p>\ud83d\uded2: <a href=\"https:\/\/btz.es\/4Hyhu5L\" target=\"_blank\" rel=\"nofollow noopener\">https:\/\/btz.es\/4Hyhu5L<\/a><\/p>\n<p>&#8211; CL\u00c1SICO Y ATEMPORAL: La camiseta de manga larga de Calvin Klein tiene un dise\u00f1o desenfadado y convence por su tejido suave; El logotipo tipo etiqueta de Calvin Klein en la manga completa el look de esta prenda<br \/>\n&#8211; AJUSTE ADECUADO: Este top con cuello redondo y corte slim tiene un dise\u00f1o atemporal y es muy c\u00f3modo de llevar; Gracias a su material de \u00f3ptima, es muy agradable al tacto y ofrece una \u00f3ptima libertad de movimientos<br \/>\n&#8211; PARA CUALQUIER OCASI\u00d3N: Esta prenda informal tiene un tacto especialmente agradable; Es \u00f3ptima para llevar a diario, pero tambi\u00e9n para la oficina y se puede combinar de muchas maneras<br \/>\n&#8211; MATERIAL Y CUIDADO: Camiseta de manga larga de algod\u00f3n regenerativo 100 %; Se puede lavar a m\u00e1quina y secar en secadora<br \/>\n&#8211; EMOCIONANTE Y CLARO: La marca de moda Calvin Klein, fundada en 1968, es conocida por su singular look y lleva conquistando el de la moda desde entonces; La marca americana apuesta por una est\u00e9tica minimalista<\/p>\n<\/p><\/div>\n","protected":false},"excerpt":{"rendered":"<p>\ud83d\udfe5 \u00a1OFERT\u00d3N! \ud83d\udfe5 #Publicidad #Amazon #16 \ud83d\udd34 Calvin Klein \u2705 AHORA 29.95 \u20ac \u2714\ufe0f\ud83d\udfe1 \u274c Antes 38.95 \u20ac \ud83d\uded2: https:\/\/btz.es\/4Hyhu5L &#8211; CL\u00c1SICO Y ATEMPORAL: La camiseta de manga larga de Calvin Klein tiene un dise\u00f1o desenfadado y convence por su tejido suave; El logotipo tipo etiqueta de Calvin Klein en la manga completa el look [&hellip;]<\/p>\n","protected":false},"featured_media":4504,"template":"","meta":{"_gspb_post_css":""},"store":[],"product_brand":[],"product_cat":[16],"product_tag":[],"class_list":{"0":"post-4505","1":"product","2":"type-product","3":"status-publish","4":"has-post-thumbnail","6":"product_cat-sin-categorizar","8":"first","9":"instock","10":"sale","11":"shipping-taxable","12":"product-type-external"},"jetpack_sharing_enabled":true,"_links":{"self":[{"href":"https:\/\/ofertacular.com\/index.php\/wp-json\/wp\/v2\/product\/4505","targetHints":{"allow":["GET"]}}],"collection":[{"href":"https:\/\/ofertacular.com\/index.php\/wp-json\/wp\/v2\/product"}],"about":[{"href":"https:\/\/ofertacular.com\/index.php\/wp-json\/wp\/v2\/types\/product"}],"wp:featuredmedia":[{"embeddable":true,"href":"https:\/\/ofertacular.com\/index.php\/wp-json\/wp\/v2\/media\/4504"}],"wp:attachment":[{"href":"https:\/\/ofertacular.com\/index.php\/wp-json\/wp\/v2\/media?parent=4505"}],"wp:term":[{"taxonomy":"store","embeddable":true,"href":"https:\/\/ofertacular.com\/index.php\/wp-json\/wp\/v2\/store?post=4505"},{"taxonomy":"product_brand","embeddable":true,"href":"https:\/\/ofertacular.com\/index.php\/wp-json\/wp\/v2\/product_brand?post=4505"},{"taxonomy":"product_cat","embeddable":true,"href":"https:\/\/ofertacular.com\/index.php\/wp-json\/wp\/v2\/product_cat?post=4505"},{"taxonomy":"product_tag","embeddable":true,"href":"https:\/\/ofertacular.com\/index.php\/wp-json\/wp\/v2\/product_tag?post=4505"}],"curies":[{"name":"wp","href":"https:\/\/api.w.org\/{rel}","templated":true}]}}