{"id":4507,"date":"2025-04-04T11:00:54","date_gmt":"2025-04-04T09:00:54","guid":{"rendered":"https:\/\/ofertacular.com\/index.php\/producto\/colorful-knife-set\/"},"modified":"2025-04-04T11:00:54","modified_gmt":"2025-04-04T09:00:54","slug":"colorful-knife-set","status":"publish","type":"product","link":"https:\/\/ofertacular.com\/index.php\/producto\/colorful-knife-set\/","title":{"rendered":"Colorful Knife Set"},"content":{"rendered":"<div class=\"oferta-container\">\n<p>\ud83d\udfe5 <b>\u00a1APROVECHA!<\/b> \ud83d\udfe5 #Publicidad #Amazon #16<\/p>\n<p>\ud83d\udd34 <b>Juego de cuchillos <\/b><\/p>\n<p>\u2705 <b>AHORA 15.64 \u20ac<\/b> \u2714\ufe0f\ud83d\udfe1<\/p>\n<p>\u274c Antes 16.99 \u20ac<\/p>\n<p>\ud83d\uded2: <a href=\"https:\/\/btz.es\/4HyhHsh\" target=\"_blank\" rel=\"nofollow noopener\">https:\/\/btz.es\/4HyhHsh<\/a><\/p>\n<p>&#8211; El juego de 12 piezas de cuchillos de colores incluye 6 cuchillos y 6 fundas a juego. Los cuchillos incluyen un cuchillo de pelar, un cuchillo multiusos, un cuchillo Santoku, un cuchillo de trinchar, un cuchillo de chef y un cuchillo de pan.<br \/>\n&#8211; Las hojas de acero inoxidable duradero cuentan con un filo muy cortante para un uso eficaz y seguro.<br \/>\n&#8211; Sistema \u00fanico de codificaci\u00f3n por color para una identificaci\u00f3n r\u00e1pida de los cuchillos y para reducir el riesgo de contaminaci\u00f3n cruzada durante la preparaci\u00f3n de los alimentos.<br \/>\n&#8211; El revestimiento de colores antiadherente evita que la comida se pegue a la hoja, permitiendo as\u00ed un corte m\u00e1s r\u00e1pido y f\u00e1cil.<br \/>\n&#8211; Mangos ergon\u00f3micos que ofrecen un agarre c\u00f3modo y seguro. Las fundas a juego protegen las hojas y permiten un almacenamiento seguro en un caj\u00f3n.<\/p>\n<\/p><\/div>\n","protected":false},"excerpt":{"rendered":"<p>\ud83d\udfe5 \u00a1APROVECHA! \ud83d\udfe5 #Publicidad #Amazon #16 \ud83d\udd34 Juego de cuchillos \u2705 AHORA 15.64 \u20ac \u2714\ufe0f\ud83d\udfe1 \u274c Antes 16.99 \u20ac \ud83d\uded2: https:\/\/btz.es\/4HyhHsh &#8211; El juego de 12 piezas de cuchillos de colores incluye 6 cuchillos y 6 fundas a juego. Los cuchillos incluyen un cuchillo de pelar, un cuchillo multiusos, un cuchillo Santoku, un cuchillo de [&hellip;]<\/p>\n","protected":false},"featured_media":4506,"template":"","meta":{"_gspb_post_css":""},"store":[],"product_brand":[],"product_cat":[16],"product_tag":[],"class_list":{"0":"post-4507","1":"product","2":"type-product","3":"status-publish","4":"has-post-thumbnail","6":"product_cat-sin-categorizar","8":"first","9":"instock","10":"sale","11":"shipping-taxable","12":"product-type-external"},"jetpack_sharing_enabled":true,"_links":{"self":[{"href":"https:\/\/ofertacular.com\/index.php\/wp-json\/wp\/v2\/product\/4507","targetHints":{"allow":["GET"]}}],"collection":[{"href":"https:\/\/ofertacular.com\/index.php\/wp-json\/wp\/v2\/product"}],"about":[{"href":"https:\/\/ofertacular.com\/index.php\/wp-json\/wp\/v2\/types\/product"}],"wp:featuredmedia":[{"embeddable":true,"href":"https:\/\/ofertacular.com\/index.php\/wp-json\/wp\/v2\/media\/4506"}],"wp:attachment":[{"href":"https:\/\/ofertacular.com\/index.php\/wp-json\/wp\/v2\/media?parent=4507"}],"wp:term":[{"taxonomy":"store","embeddable":true,"href":"https:\/\/ofertacular.com\/index.php\/wp-json\/wp\/v2\/store?post=4507"},{"taxonomy":"product_brand","embeddable":true,"href":"https:\/\/ofertacular.com\/index.php\/wp-json\/wp\/v2\/product_brand?post=4507"},{"taxonomy":"product_cat","embeddable":true,"href":"https:\/\/ofertacular.com\/index.php\/wp-json\/wp\/v2\/product_cat?post=4507"},{"taxonomy":"product_tag","embeddable":true,"href":"https:\/\/ofertacular.com\/index.php\/wp-json\/wp\/v2\/product_tag?post=4507"}],"curies":[{"name":"wp","href":"https:\/\/api.w.org\/{rel}","templated":true}]}}