{"id":4511,"date":"2025-04-04T11:26:20","date_gmt":"2025-04-04T09:26:20","guid":{"rendered":"https:\/\/ofertacular.com\/index.php\/producto\/don-luciano\/"},"modified":"2025-04-04T11:26:20","modified_gmt":"2025-04-04T09:26:20","slug":"don-luciano","status":"publish","type":"product","link":"https:\/\/ofertacular.com\/index.php\/producto\/don-luciano\/","title":{"rendered":"Don Luciano"},"content":{"rendered":"<div class=\"oferta-container\">\n<p>\ud83d\udfe5 <b>SUPER OFERTA<\/b> \ud83d\udfe5 #Publicidad #Amazon #16<\/p>\n<p>\ud83d\udd34 <b>Don Luciano <\/b><\/p>\n<p>\u2705 <b>AHORA 12 \u20ac<\/b> \u2714\ufe0f\ud83d\udfe1<\/p>\n<p>\u274c Antes 16.50 \u20ac<\/p>\n<p>\ud83d\uded2: <a href=\"https:\/\/btz.es\/4Hyoh1t\" target=\"_blank\" rel=\"nofollow noopener\">https:\/\/btz.es\/4Hyoh1t<\/a><\/p>\n<p>&#8211; Apariencia: Vino tinto de color rojo granate y buena intensidad.<br \/>\n&#8211; Gusto: En boca es amplio, con buena expresi\u00f3n t\u00e1nica y prolongado postgusto.<br \/>\n&#8211; Aroma: Perfil arom\u00e1tico expresivo, especiado y con toques de vainilla y de frutos maduros.<br \/>\n&#8211; Tipo de uva: Elaborado a base de una selecci\u00f3n de uvas Tempranillo cogidas a mano, que fermentan y maceran durante 7-9 d\u00edas; permanece en barricas de roble americano 6 meses para despu\u00e9s pasar 12 meses en botella.<br \/>\n&#8211; Consumo: Para disfrutar de sus cualidades \u00f3ptimas, recomendamos servir entre 16\u00baC y 18\u00baC .<br \/>\n&#8211; Maridaje: Acompa\u00f1a con todo tipo de carnes as\u00ed como con guisados bien condimentados.<\/p>\n<\/p><\/div>\n","protected":false},"excerpt":{"rendered":"<p>\ud83d\udfe5 SUPER OFERTA \ud83d\udfe5 #Publicidad #Amazon #16 \ud83d\udd34 Don Luciano \u2705 AHORA 12 \u20ac \u2714\ufe0f\ud83d\udfe1 \u274c Antes 16.50 \u20ac \ud83d\uded2: https:\/\/btz.es\/4Hyoh1t &#8211; Apariencia: Vino tinto de color rojo granate y buena intensidad. &#8211; Gusto: En boca es amplio, con buena expresi\u00f3n t\u00e1nica y prolongado postgusto. &#8211; Aroma: Perfil arom\u00e1tico expresivo, especiado y con toques de [&hellip;]<\/p>\n","protected":false},"featured_media":4510,"template":"","meta":{"_gspb_post_css":""},"store":[],"product_brand":[],"product_cat":[16],"product_tag":[],"class_list":{"0":"post-4511","1":"product","2":"type-product","3":"status-publish","4":"has-post-thumbnail","6":"product_cat-sin-categorizar","8":"first","9":"instock","10":"sale","11":"shipping-taxable","12":"product-type-external"},"jetpack_sharing_enabled":true,"_links":{"self":[{"href":"https:\/\/ofertacular.com\/index.php\/wp-json\/wp\/v2\/product\/4511","targetHints":{"allow":["GET"]}}],"collection":[{"href":"https:\/\/ofertacular.com\/index.php\/wp-json\/wp\/v2\/product"}],"about":[{"href":"https:\/\/ofertacular.com\/index.php\/wp-json\/wp\/v2\/types\/product"}],"wp:featuredmedia":[{"embeddable":true,"href":"https:\/\/ofertacular.com\/index.php\/wp-json\/wp\/v2\/media\/4510"}],"wp:attachment":[{"href":"https:\/\/ofertacular.com\/index.php\/wp-json\/wp\/v2\/media?parent=4511"}],"wp:term":[{"taxonomy":"store","embeddable":true,"href":"https:\/\/ofertacular.com\/index.php\/wp-json\/wp\/v2\/store?post=4511"},{"taxonomy":"product_brand","embeddable":true,"href":"https:\/\/ofertacular.com\/index.php\/wp-json\/wp\/v2\/product_brand?post=4511"},{"taxonomy":"product_cat","embeddable":true,"href":"https:\/\/ofertacular.com\/index.php\/wp-json\/wp\/v2\/product_cat?post=4511"},{"taxonomy":"product_tag","embeddable":true,"href":"https:\/\/ofertacular.com\/index.php\/wp-json\/wp\/v2\/product_tag?post=4511"}],"curies":[{"name":"wp","href":"https:\/\/api.w.org\/{rel}","templated":true}]}}