{"id":4515,"date":"2025-04-04T14:22:50","date_gmt":"2025-04-04T12:22:50","guid":{"rendered":"https:\/\/ofertacular.com\/index.php\/producto\/bolsa-hombre\/"},"modified":"2025-04-04T14:22:50","modified_gmt":"2025-04-04T12:22:50","slug":"bolsa-hombre","status":"publish","type":"product","link":"https:\/\/ofertacular.com\/index.php\/producto\/bolsa-hombre\/","title":{"rendered":"Bolsa Hombre"},"content":{"rendered":"<div class=\"oferta-container\">\n<p>\ud83d\udfe5 <b>\u00a1GANGAZO!<\/b> \ud83d\udfe5 #Publicidad #Amazon #16<\/p>\n<p>\ud83d\udd34 <b>Bolsa Hombre <\/b><\/p>\n<p>\u2705 <b>AHORA 3.99 \u20ac<\/b> \u2714\ufe0f\ud83d\udfe1<\/p>\n<p>\u274c Antes <\/p>\n<p>\ud83d\uded2: <a href=\"https:\/\/btz.es\/4HyW8k7\" target=\"_blank\" rel=\"nofollow noopener\">https:\/\/btz.es\/4HyW8k7<\/a><\/p>\n<p>&#8211; \u2663Material de alta calidad: la bolsa para tel\u00e9fono Crossbody est\u00e1 hecha de tela Oxford duradera, que es impermeable y evita eficazmente que las gotas de agua entren en ella. La cremallera lisa no se atasca, y en comparaci\u00f3n con la cabeza de cadena de metal, no hay necesidad de preocuparse por romper si est\u00e1 hecho de tela.<br \/>\n&#8211; \u2663 2 bolsillos con cremallera: la bolsa cruzada mide 18 x 6 x 30 cm, con mucho espacio de almacenamiento. Tiene dos bolsillos con cremallera, y el bolsillo principal con cremallera puede contener tel\u00e9fonos, carteras, bater\u00edas externas y m\u00e1s. El compartimento con cremallera m\u00e1s peque\u00f1o se puede utilizar para llaves, tarjetas de visita, auriculares inal\u00e1mbricos y otros objetos peque\u00f1os.<br \/>\n&#8211; \u2663Correa de hombro ajustable: la correa de hombro de los bolsos de hombro para hombres es ajustable, la m\u00e1s larga es de 120 cm y la m\u00e1s corta de 60 cm, que es adecuada para la mayor\u00eda de los tipos de cuerpo de hombres. Puede usarlo como una bolsa de hombro o bolsa cruzada en la parte posterior o en la parte delantera dependiendo de su forma preferida de llevar.<br \/>\n&#8211; \u2663 Pr\u00e1ctico orificio para auriculares: los bolsillos para hombres tienen un orificio para auriculares que resuelve el problema de escuchar m\u00fasica con auriculares con cable y libera tus manos para escuchar m\u00fasica libremente. Tambi\u00e9n puede evitar que los auriculares con cable se enreden.<br \/>\n&#8211; \u2663Ampliamente utilizado: las elegantes bolsas cruzadas hacen un regalo perfecto para tu padre, marido o amigos varones. Es una opci\u00f3n ideal para el viaje diario o viajes de corta distancia y es adecuado para caminar, correr, fitness, ciclismo y otras ocasiones al aire libre.<\/p>\n<\/p><\/div>\n","protected":false},"excerpt":{"rendered":"<p>\ud83d\udfe5 \u00a1GANGAZO! \ud83d\udfe5 #Publicidad #Amazon #16 \ud83d\udd34 Bolsa Hombre \u2705 AHORA 3.99 \u20ac \u2714\ufe0f\ud83d\udfe1 \u274c Antes \ud83d\uded2: https:\/\/btz.es\/4HyW8k7 &#8211; \u2663Material de alta calidad: la bolsa para tel\u00e9fono Crossbody est\u00e1 hecha de tela Oxford duradera, que es impermeable y evita eficazmente que las gotas de agua entren en ella. La cremallera lisa no se atasca, y [&hellip;]<\/p>\n","protected":false},"featured_media":4514,"template":"","meta":{"_gspb_post_css":""},"store":[],"product_brand":[],"product_cat":[16],"product_tag":[],"class_list":{"0":"post-4515","1":"product","2":"type-product","3":"status-publish","4":"has-post-thumbnail","6":"product_cat-sin-categorizar","8":"first","9":"instock","10":"shipping-taxable","11":"product-type-external"},"jetpack_sharing_enabled":true,"_links":{"self":[{"href":"https:\/\/ofertacular.com\/index.php\/wp-json\/wp\/v2\/product\/4515","targetHints":{"allow":["GET"]}}],"collection":[{"href":"https:\/\/ofertacular.com\/index.php\/wp-json\/wp\/v2\/product"}],"about":[{"href":"https:\/\/ofertacular.com\/index.php\/wp-json\/wp\/v2\/types\/product"}],"wp:featuredmedia":[{"embeddable":true,"href":"https:\/\/ofertacular.com\/index.php\/wp-json\/wp\/v2\/media\/4514"}],"wp:attachment":[{"href":"https:\/\/ofertacular.com\/index.php\/wp-json\/wp\/v2\/media?parent=4515"}],"wp:term":[{"taxonomy":"store","embeddable":true,"href":"https:\/\/ofertacular.com\/index.php\/wp-json\/wp\/v2\/store?post=4515"},{"taxonomy":"product_brand","embeddable":true,"href":"https:\/\/ofertacular.com\/index.php\/wp-json\/wp\/v2\/product_brand?post=4515"},{"taxonomy":"product_cat","embeddable":true,"href":"https:\/\/ofertacular.com\/index.php\/wp-json\/wp\/v2\/product_cat?post=4515"},{"taxonomy":"product_tag","embeddable":true,"href":"https:\/\/ofertacular.com\/index.php\/wp-json\/wp\/v2\/product_tag?post=4515"}],"curies":[{"name":"wp","href":"https:\/\/api.w.org\/{rel}","templated":true}]}}