{"id":4541,"date":"2025-04-07T10:27:14","date_gmt":"2025-04-07T08:27:14","guid":{"rendered":"https:\/\/ofertacular.com\/index.php\/producto\/playstation-controller\/"},"modified":"2025-04-07T10:27:14","modified_gmt":"2025-04-07T08:27:14","slug":"playstation-controller","status":"publish","type":"product","link":"https:\/\/ofertacular.com\/index.php\/producto\/playstation-controller\/","title":{"rendered":"Playstation Controller"},"content":{"rendered":"<div class=\"oferta-container\">\n<p>\ud83d\udfe5 <b>CHOLLAZO<\/b> \ud83d\udfe5 #Publicidad #Amazon #1<\/p>\n<p>\ud83d\udd34 <b>Controlador Playstation <\/b><\/p>\n<p>\u2705 <b>AHORA 57.84 \u20ac<\/b> \u2714\ufe0f\ud83d\udfe1<\/p>\n<p>\u274c Antes 79.99 \u20ac<\/p>\n<p>\ud83d\uded2: <a href=\"https:\/\/btz.es\/4HF6OCN\" target=\"_blank\" rel=\"nofollow noopener\">https:\/\/btz.es\/4HF6OCN<\/a><\/p>\n<p>&#8211; Dale un toque de clase a tu juego con el elegante mando inal\u00e1mbrico DualSense Sterling Silver<br \/>\n&#8211; Retroalimentaci\u00f3n h\u00e1ptica: siente la respuesta t\u00e1ctil capaz de transmitir las acciones del juego mediante dos activadores que sustituyen los motores de vibraci\u00f3n tradicionales<br \/>\n&#8211; Cuando tienes el mando en las manos, estas vibraciones din\u00e1micas logran simular todo tipo de sensaciones, como los elementos del entorno o el retroceso de diferentes armas<br \/>\n&#8211; Gatillos adaptativos: experimenta distintos niveles de fuerza y tensi\u00f3n al interactuar con tu entorno y tu equipo mientras juegas<br \/>\n&#8211; Tanto si tensas un arco como si pisas el freno de un coche de carreras, sentir\u00e1s una conexi\u00f3n f\u00edsica a las acciones de la pantalla<br \/>\n&#8211; Micr\u00f3fono integrado y conector para auriculares: charla con tus amigos online con el micr\u00f3fono integrado o conectando unos auriculares al conector de 3,5 mm<br \/>\n&#8211; Desactiva f\u00e1cilmente la captura de voz en cualquier momento con el bot\u00f3n de silenciado espec\u00edfico<br \/>\n&#8211; Bot\u00f3n Crear: captura y transmite tus momentos de juego m\u00e1s \u00e9picos con el bot\u00f3n Crear; Basado en el \u00e9xito del pionero bot\u00f3n SHARE, el bot\u00f3n Crear ofrece a los jugadores m\u00e1s maneras de producir contenido de juegos y de transmitir sus aventuras en directo para que las vea todo el mundo<br \/>\n&#8211; Bater\u00eda integrada: carga y juega, ahora con un puerto USB Type-C<br \/>\n&#8211; Emparejamiento con Bluetooth: el mando se empareja directamente con tu iPad, iPhone, Mac o Apple TV compatibles a trav\u00e9s de Bluetooth, mejorando tu experiencia de juego con la avanzada comodidad y precisi\u00f3n que caracterizan a PlayStation; S\u00f3lo compatible con PlayStation 5<\/p>\n<\/p><\/div>\n","protected":false},"excerpt":{"rendered":"<p>\ud83d\udfe5 CHOLLAZO \ud83d\udfe5 #Publicidad #Amazon #1 \ud83d\udd34 Controlador Playstation \u2705 AHORA 57.84 \u20ac \u2714\ufe0f\ud83d\udfe1 \u274c Antes 79.99 \u20ac \ud83d\uded2: https:\/\/btz.es\/4HF6OCN &#8211; Dale un toque de clase a tu juego con el elegante mando inal\u00e1mbrico DualSense Sterling Silver &#8211; Retroalimentaci\u00f3n h\u00e1ptica: siente la respuesta t\u00e1ctil capaz de transmitir las acciones del juego mediante dos activadores que [&hellip;]<\/p>\n","protected":false},"featured_media":4540,"template":"","meta":{"_gspb_post_css":""},"store":[],"product_brand":[],"product_cat":[16],"product_tag":[],"class_list":{"0":"post-4541","1":"product","2":"type-product","3":"status-publish","4":"has-post-thumbnail","6":"product_cat-sin-categorizar","8":"first","9":"instock","10":"sale","11":"shipping-taxable","12":"product-type-external"},"jetpack_sharing_enabled":true,"_links":{"self":[{"href":"https:\/\/ofertacular.com\/index.php\/wp-json\/wp\/v2\/product\/4541","targetHints":{"allow":["GET"]}}],"collection":[{"href":"https:\/\/ofertacular.com\/index.php\/wp-json\/wp\/v2\/product"}],"about":[{"href":"https:\/\/ofertacular.com\/index.php\/wp-json\/wp\/v2\/types\/product"}],"wp:featuredmedia":[{"embeddable":true,"href":"https:\/\/ofertacular.com\/index.php\/wp-json\/wp\/v2\/media\/4540"}],"wp:attachment":[{"href":"https:\/\/ofertacular.com\/index.php\/wp-json\/wp\/v2\/media?parent=4541"}],"wp:term":[{"taxonomy":"store","embeddable":true,"href":"https:\/\/ofertacular.com\/index.php\/wp-json\/wp\/v2\/store?post=4541"},{"taxonomy":"product_brand","embeddable":true,"href":"https:\/\/ofertacular.com\/index.php\/wp-json\/wp\/v2\/product_brand?post=4541"},{"taxonomy":"product_cat","embeddable":true,"href":"https:\/\/ofertacular.com\/index.php\/wp-json\/wp\/v2\/product_cat?post=4541"},{"taxonomy":"product_tag","embeddable":true,"href":"https:\/\/ofertacular.com\/index.php\/wp-json\/wp\/v2\/product_tag?post=4541"}],"curies":[{"name":"wp","href":"https:\/\/api.w.org\/{rel}","templated":true}]}}