{"id":4567,"date":"2025-04-08T08:21:12","date_gmt":"2025-04-08T06:21:12","guid":{"rendered":"https:\/\/ofertacular.com\/index.php\/producto\/braun-recortadora-2\/"},"modified":"2025-04-08T08:21:12","modified_gmt":"2025-04-08T06:21:12","slug":"braun-recortadora-2","status":"publish","type":"product","link":"https:\/\/ofertacular.com\/index.php\/producto\/braun-recortadora-2\/","title":{"rendered":"Braun Recortadora"},"content":{"rendered":"<div class=\"oferta-container\">\n<p>\ud83d\udfe5 <b>DESCUENTO<\/b> \ud83d\udfe5 #Publicidad #Amazon #16<\/p>\n<p>\ud83d\udd34 <b>Recortadora Braun <\/b><\/p>\n<p>\u2705 <b>AHORA 23.96 \u20ac<\/b> \u2714\ufe0f\ud83d\udfe1<\/p>\n<p>\u274c Antes 37.99 \u20ac<\/p>\n<p>\ud83d\uded2: <a href=\"https:\/\/btz.es\/4HKRBTG\" target=\"_blank\" rel=\"nofollow noopener\">https:\/\/btz.es\/4HKRBTG<\/a><\/p>\n<p>&#8211; Look profesional cada d\u00eda, m\u00e1xima precisi\u00f3n y control al 100 % con la recortadora de barba Series 3 de Braun<br \/>\n&#8211; Un acabado perfecto en cada pasada: atrapa el pelo complicado con las l\u00e1minas ultraafiladas para conseguir uniformidad en cualquier tipo de barba<br \/>\n&#8211; 100 % control al alcance de tu mano: elige entre 40 ajustes de longitud en tramos de 0,5 mm con el dial de precisi\u00f3n<br \/>\n&#8211; Recorta de forma segura en casa: consigue l\u00edneas definidas y un recorte uniforme para un acabado perfecto<\/p>\n<\/p><\/div>\n","protected":false},"excerpt":{"rendered":"<p>\ud83d\udfe5 DESCUENTO \ud83d\udfe5 #Publicidad #Amazon #16 \ud83d\udd34 Recortadora Braun \u2705 AHORA 23.96 \u20ac \u2714\ufe0f\ud83d\udfe1 \u274c Antes 37.99 \u20ac \ud83d\uded2: https:\/\/btz.es\/4HKRBTG &#8211; Look profesional cada d\u00eda, m\u00e1xima precisi\u00f3n y control al 100 % con la recortadora de barba Series 3 de Braun &#8211; Un acabado perfecto en cada pasada: atrapa el pelo complicado con las l\u00e1minas [&hellip;]<\/p>\n","protected":false},"featured_media":4566,"template":"","meta":{"_gspb_post_css":""},"store":[],"product_brand":[],"product_cat":[16],"product_tag":[],"class_list":{"0":"post-4567","1":"product","2":"type-product","3":"status-publish","4":"has-post-thumbnail","6":"product_cat-sin-categorizar","8":"first","9":"instock","10":"sale","11":"shipping-taxable","12":"product-type-external"},"jetpack_sharing_enabled":true,"_links":{"self":[{"href":"https:\/\/ofertacular.com\/index.php\/wp-json\/wp\/v2\/product\/4567","targetHints":{"allow":["GET"]}}],"collection":[{"href":"https:\/\/ofertacular.com\/index.php\/wp-json\/wp\/v2\/product"}],"about":[{"href":"https:\/\/ofertacular.com\/index.php\/wp-json\/wp\/v2\/types\/product"}],"wp:featuredmedia":[{"embeddable":true,"href":"https:\/\/ofertacular.com\/index.php\/wp-json\/wp\/v2\/media\/4566"}],"wp:attachment":[{"href":"https:\/\/ofertacular.com\/index.php\/wp-json\/wp\/v2\/media?parent=4567"}],"wp:term":[{"taxonomy":"store","embeddable":true,"href":"https:\/\/ofertacular.com\/index.php\/wp-json\/wp\/v2\/store?post=4567"},{"taxonomy":"product_brand","embeddable":true,"href":"https:\/\/ofertacular.com\/index.php\/wp-json\/wp\/v2\/product_brand?post=4567"},{"taxonomy":"product_cat","embeddable":true,"href":"https:\/\/ofertacular.com\/index.php\/wp-json\/wp\/v2\/product_cat?post=4567"},{"taxonomy":"product_tag","embeddable":true,"href":"https:\/\/ofertacular.com\/index.php\/wp-json\/wp\/v2\/product_tag?post=4567"}],"curies":[{"name":"wp","href":"https:\/\/api.w.org\/{rel}","templated":true}]}}