{"id":4569,"date":"2025-04-08T08:31:10","date_gmt":"2025-04-08T06:31:10","guid":{"rendered":"https:\/\/ofertacular.com\/index.php\/producto\/lenovo-tab\/"},"modified":"2025-04-08T08:31:10","modified_gmt":"2025-04-08T06:31:10","slug":"lenovo-tab","status":"publish","type":"product","link":"https:\/\/ofertacular.com\/index.php\/producto\/lenovo-tab\/","title":{"rendered":"Lenovo Tab"},"content":{"rendered":"<div class=\"oferta-container\">\n<p>\ud83d\udfe5 <b>UNA GANGA<\/b> \ud83d\udfe5 #Publicidad #Amazon #16<\/p>\n<p>\ud83d\udd34 <b>Tableta Lenovo <\/b><\/p>\n<p>\u2705 <b>AHORA 99 \u20ac<\/b> \u2714\ufe0f\ud83d\udfe1<\/p>\n<p>\u274c Antes 139.00 \u20ac<\/p>\n<p>\ud83d\uded2: <a href=\"https:\/\/btz.es\/4HKUhBA\" target=\"_blank\" rel=\"nofollow noopener\">https:\/\/btz.es\/4HKUhBA<\/a><\/p>\n<p>&#8211; Experiencias cinematogr\u00e1ficas envolventes: gracias a una excelente pantalla HD y altavoces est\u00e9reo duales mejorados equipados con Dolby Atmos, sin duda vivir\u00e1s una aut\u00e9ntica experiencia envolvente<br \/>\n&#8211; Potente juego: T\u00f3mate un descanso y juega a tus juegos favoritos con la tablet Lenovo Tab M9. Los juegos y la navegaci\u00f3n se ejecutan de forma fluida y divertida, ya que est\u00e1 equipada con el potente procesador MediaTek Helio G80 de ocho n\u00facleos y una gran capacidad de almacenamiento<br \/>\n&#8211; Google Lens: Las Google Lens te permitir\u00e1n buscar lo que ves, hacer cosas m\u00e1s r\u00e1pido e interactuar con el mundo que te rodea. Traduce texto, recibe ayuda con tus deberes o identifica r\u00e1pidamente productos, plantas y lugares<br \/>\n&#8211; Bater\u00eda de larga duraci\u00f3n: Disfruta sin interrupciones de tus series o pel\u00edculas favoritas y rel\u00e1jate durante m\u00e1s tiempo con la bater\u00eda de larga duraci\u00f3n de la tablet Lenovo Tab M9. Y con el almacenamiento ampliable de la tarjeta microSD*, podr\u00e1s llevar una biblioteca de tus pel\u00edculas y programas favoritos en el bolsillo.  La tarjeta microSD se vende por separado<br \/>\n&#8211; Modo de lectura envolvente: Deja que la tablet Lenovo Tab M9 cree el ambiente ideal con su modo de lectura envolvente que a\u00f1ade sonidos ambientales a tu momento lectura. Adem\u00e1s, con la certificaci\u00f3n T\u00dcV de protecci\u00f3n ocular frente a las pantallas, tus ojos tambi\u00e9n podr\u00e1n relajarse<\/p>\n<\/p><\/div>\n","protected":false},"excerpt":{"rendered":"<p>\ud83d\udfe5 UNA GANGA \ud83d\udfe5 #Publicidad #Amazon #16 \ud83d\udd34 Tableta Lenovo \u2705 AHORA 99 \u20ac \u2714\ufe0f\ud83d\udfe1 \u274c Antes 139.00 \u20ac \ud83d\uded2: https:\/\/btz.es\/4HKUhBA &#8211; Experiencias cinematogr\u00e1ficas envolventes: gracias a una excelente pantalla HD y altavoces est\u00e9reo duales mejorados equipados con Dolby Atmos, sin duda vivir\u00e1s una aut\u00e9ntica experiencia envolvente &#8211; Potente juego: T\u00f3mate un descanso y juega [&hellip;]<\/p>\n","protected":false},"featured_media":4568,"template":"","meta":{"_gspb_post_css":""},"store":[],"product_brand":[],"product_cat":[16],"product_tag":[],"class_list":{"0":"post-4569","1":"product","2":"type-product","3":"status-publish","4":"has-post-thumbnail","6":"product_cat-sin-categorizar","8":"first","9":"instock","10":"sale","11":"shipping-taxable","12":"product-type-external"},"jetpack_sharing_enabled":true,"_links":{"self":[{"href":"https:\/\/ofertacular.com\/index.php\/wp-json\/wp\/v2\/product\/4569","targetHints":{"allow":["GET"]}}],"collection":[{"href":"https:\/\/ofertacular.com\/index.php\/wp-json\/wp\/v2\/product"}],"about":[{"href":"https:\/\/ofertacular.com\/index.php\/wp-json\/wp\/v2\/types\/product"}],"wp:featuredmedia":[{"embeddable":true,"href":"https:\/\/ofertacular.com\/index.php\/wp-json\/wp\/v2\/media\/4568"}],"wp:attachment":[{"href":"https:\/\/ofertacular.com\/index.php\/wp-json\/wp\/v2\/media?parent=4569"}],"wp:term":[{"taxonomy":"store","embeddable":true,"href":"https:\/\/ofertacular.com\/index.php\/wp-json\/wp\/v2\/store?post=4569"},{"taxonomy":"product_brand","embeddable":true,"href":"https:\/\/ofertacular.com\/index.php\/wp-json\/wp\/v2\/product_brand?post=4569"},{"taxonomy":"product_cat","embeddable":true,"href":"https:\/\/ofertacular.com\/index.php\/wp-json\/wp\/v2\/product_cat?post=4569"},{"taxonomy":"product_tag","embeddable":true,"href":"https:\/\/ofertacular.com\/index.php\/wp-json\/wp\/v2\/product_tag?post=4569"}],"curies":[{"name":"wp","href":"https:\/\/api.w.org\/{rel}","templated":true}]}}