{"id":4572,"date":"2025-04-08T10:46:07","date_gmt":"2025-04-08T08:46:07","guid":{"rendered":"https:\/\/ofertacular.com\/index.php\/producto\/neutrogena-labial\/"},"modified":"2025-04-08T10:46:07","modified_gmt":"2025-04-08T08:46:07","slug":"neutrogena-labial","status":"publish","type":"product","link":"https:\/\/ofertacular.com\/index.php\/producto\/neutrogena-labial\/","title":{"rendered":"Neutrogena Labial"},"content":{"rendered":"<div class=\"oferta-container\">\n<p>\ud83d\udfe5 <b>SUPER OFERTA<\/b> \ud83d\udfe5 #Publicidad #Amazon #16<\/p>\n<p>\ud83d\udd34 <b>B\u00e1lsamo Labial <\/b><\/p>\n<p>\u2705 <b>AHORA 5.32 \u20ac<\/b> \u2714\ufe0f\ud83d\udfe1<\/p>\n<p>\u274c Antes 7.21 \u20ac<\/p>\n<p>\ud83d\uded2: <a href=\"https:\/\/btz.es\/4HL2gej\" target=\"_blank\" rel=\"nofollow noopener\">https:\/\/btz.es\/4HL2gej<\/a><\/p>\n<p>&#8211; Alivio inmediato: El b\u00e1lsamo labial reparador con SPF20 y F\u00f3rmula Noruega proporciona un alivio inmediato y duradero para labios secos y agrietados est\u00e9s donde est\u00e9s<br \/>\n&#8211; Cacao labios con protecci\u00f3n solar: A menudo, los labios no reciben protecci\u00f3n solar adecuada, por lo que este labial con SPF20 los protege contra los rayos solares UVA y UVB<br \/>\n&#8211; Protector hidratante labios: La f\u00f3rmula de este b\u00e1lsamo labial hidrata en profundidad y ayuda a calmar y mejorar el aspecto y la suavidad de los labios secos y agrietados<br \/>\n&#8211; B\u00e1lsamo de labios en formato barra: Gracias al pr\u00e1ctico formato de este b\u00e1lsamo Neutrogena labios, incoloro e ideal para toda la familia, podr\u00e1s tenerlo siempre a mano<br \/>\n&#8211; Detalles del env\u00edo: Neutrogena F\u00f3rmula Noruega Protector Labial SPF 20, b\u00e1lsamo reparador con protecci\u00f3n solar, labial incoloro en formato barra, cuidado facial hidratante, 2 x 4,8 g<\/p>\n<\/p><\/div>\n","protected":false},"excerpt":{"rendered":"<p>\ud83d\udfe5 SUPER OFERTA \ud83d\udfe5 #Publicidad #Amazon #16 \ud83d\udd34 B\u00e1lsamo Labial \u2705 AHORA 5.32 \u20ac \u2714\ufe0f\ud83d\udfe1 \u274c Antes 7.21 \u20ac \ud83d\uded2: https:\/\/btz.es\/4HL2gej &#8211; Alivio inmediato: El b\u00e1lsamo labial reparador con SPF20 y F\u00f3rmula Noruega proporciona un alivio inmediato y duradero para labios secos y agrietados est\u00e9s donde est\u00e9s &#8211; Cacao labios con protecci\u00f3n solar: A menudo, [&hellip;]<\/p>\n","protected":false},"featured_media":4571,"template":"","meta":{"_gspb_post_css":""},"store":[],"product_brand":[],"product_cat":[16],"product_tag":[],"class_list":{"0":"post-4572","1":"product","2":"type-product","3":"status-publish","4":"has-post-thumbnail","6":"product_cat-sin-categorizar","8":"first","9":"instock","10":"sale","11":"shipping-taxable","12":"product-type-external"},"jetpack_sharing_enabled":true,"_links":{"self":[{"href":"https:\/\/ofertacular.com\/index.php\/wp-json\/wp\/v2\/product\/4572","targetHints":{"allow":["GET"]}}],"collection":[{"href":"https:\/\/ofertacular.com\/index.php\/wp-json\/wp\/v2\/product"}],"about":[{"href":"https:\/\/ofertacular.com\/index.php\/wp-json\/wp\/v2\/types\/product"}],"wp:featuredmedia":[{"embeddable":true,"href":"https:\/\/ofertacular.com\/index.php\/wp-json\/wp\/v2\/media\/4571"}],"wp:attachment":[{"href":"https:\/\/ofertacular.com\/index.php\/wp-json\/wp\/v2\/media?parent=4572"}],"wp:term":[{"taxonomy":"store","embeddable":true,"href":"https:\/\/ofertacular.com\/index.php\/wp-json\/wp\/v2\/store?post=4572"},{"taxonomy":"product_brand","embeddable":true,"href":"https:\/\/ofertacular.com\/index.php\/wp-json\/wp\/v2\/product_brand?post=4572"},{"taxonomy":"product_cat","embeddable":true,"href":"https:\/\/ofertacular.com\/index.php\/wp-json\/wp\/v2\/product_cat?post=4572"},{"taxonomy":"product_tag","embeddable":true,"href":"https:\/\/ofertacular.com\/index.php\/wp-json\/wp\/v2\/product_tag?post=4572"}],"curies":[{"name":"wp","href":"https:\/\/api.w.org\/{rel}","templated":true}]}}