{"id":4574,"date":"2025-04-08T10:48:29","date_gmt":"2025-04-08T08:48:29","guid":{"rendered":"https:\/\/ofertacular.com\/index.php\/producto\/amazfit-gts\/"},"modified":"2025-04-08T10:48:29","modified_gmt":"2025-04-08T08:48:29","slug":"amazfit-gts","status":"publish","type":"product","link":"https:\/\/ofertacular.com\/index.php\/producto\/amazfit-gts\/","title":{"rendered":"Amazfit GTS"},"content":{"rendered":"<div class=\"oferta-container\">\n<p>\ud83d\udfe5 <b>DESCUENTO<\/b> \ud83d\udfe5 #Publicidad #Amazon #16<\/p>\n<p>\ud83d\udd34 <b>Reloj Amazfit <\/b><\/p>\n<p>\u2705 <b>AHORA 59.9 \u20ac<\/b> \u2714\ufe0f\ud83d\udfe1<\/p>\n<p>\u274c Antes 95.00 \u20ac<\/p>\n<p>\ud83d\uded2: <a href=\"https:\/\/btz.es\/4HL2GOl\" target=\"_blank\" rel=\"nofollow noopener\">https:\/\/btz.es\/4HL2GOl<\/a><\/p>\n<p>&#8211; [\ud835\udc15\ud835\udc22\ud835\udc2f\ud835\udc22\ud835\udc1d \ud835\udc00\ud835\udc25\ud835\udc30\ud835\udc1a\ud835\udc32\ud835\udc2c-\ud835\udc28\ud835\udc27 \ud835\udc03\ud835\udc22\ud835\udc2c\ud835\udc29\ud835\udc25\ud835\udc1a\ud835\udc32] Amazfit GTS 2 Smartwatch Fitness cuenta con una pantalla AMOLED de 1,65 pulgadas que compite con las mejores pantallas del mundo. La densidad de p\u00edxeles de 341 ppi hace que la pantalla sea clara, exquisita y realista, con colores vivos que garantizan una lectura fluida. Elige entre una amplia gama de temas de car\u00e1tulas para que siempre est\u00e9s a la moda. La mayor\u00eda de las esferas del reloj tienen una pantalla siempre activa personalizada, para que pueda ver la interfaz que desee cuando y donde quiera que est\u00e9.<br \/>\n&#8211; [\ud835\udc12\ud835\udc1e\ud835\udc20\ud835\udc2e\ud835\udc22\ud835\udc26\ud835\udc22\ud835\udc1e\ud835\udc27\ud835\udc2d\ud835\udc28 \ud835\udc1c\ud835\udc28\ud835\udc26\ud835\udc29\ud835\udc25\ud835\udc1e\ud835\udc2d\ud835\udc28 \ud835\udc1d\ud835\udc1e \ud835\udc25\ud835\udc1a \ud835\udc2c\ud835\udc1a\ud835\udc25\ud835\udc2e\ud835\udc1d] Amazfit GTS 2 Smartwatch Deportivo est\u00e1 equipado con el \u00faltimo sensor \u00f3ptico de seguimiento biol\u00f3gico de alta precisi\u00f3n BioTrackerTM 2 PPG de desarrollo propio. Gracias al potente motor del sensor, realmente logra una protecci\u00f3n integral de la salud, incluido el control de la frecuencia card\u00edaca y el nivel de ox\u00edgeno en la sangre, el nivel de estr\u00e9s y el seguimiento de la calidad del sue\u00f1o.<br \/>\n&#8211; [\ud835\udc0b\ud835\udc25\ud835\udc1a\ud835\udc26\ud835\udc1a\ud835\udc1d\ud835\udc1a\ud835\udc2c \ud835\udc2d\ud835\udc1e\ud835\udc25\ud835\udc1e\ud835\udc1f\u00f3\ud835\udc27\ud835\udc22\ud835\udc1c\ud835\udc1a\ud835\udc2c \ud835\udc1c\ud835\udc28\ud835\udc27 \ud835\udc01\ud835\udc25\ud835\udc2e\ud835\udc1e\ud835\udc2d\ud835\udc28\ud835\udc28\ud835\udc2d\ud835\udc21] Amazfit GTS 2 reloj inteligente Deportivo ha agregado un micr\u00f3fono y un altavoz. Puede recibir llamadas directamente en su reloj inteligente. Despu\u00e9s de conectarse a su tel\u00e9fono m\u00f3vil a trav\u00e9s de Bluetooth, puede usar el reloj para responder llamadas telef\u00f3nicas, asegur\u00e1ndose de que ya no se perder\u00e1n llamadas importantes cuando no sea conveniente sostener su tel\u00e9fono m\u00f3vil, por ejemplo, mientras corre o conduce.<br \/>\n&#8211; [\ud835\udc00\ud835\udc25\ud835\udc1e\ud835\udc31\ud835\udc1a \ud835\udc08\ud835\udc27\ud835\udc1c\ud835\udc28\ud835\udc2b\ud835\udc29\ud835\udc28\ud835\udc2b\ud835\udc1a\ud835\udc1d\ud835\udc28] Puede hablar con Alexa en su Amazfit GTS 2 reloj inteligente Fitness. Configure alarmas y temporizadores, verifique el clima, controle sus dispositivos dom\u00e9sticos inteligentes, cree listas de compras, haga preguntas, obtenga traducciones y m\u00e1s. El reloj inteligente Amazfit GTS 2 tambi\u00e9n tiene un nuevo asistente de voz fuera de l\u00ednea. Puede interactuar con su reloj sin conectarse a Internet, incluso activar los modos deportivos o abrir la funci\u00f3n de monitoreo de frecuencia card\u00edaca.<br \/>\n&#8211; [\ud835\udc00\ud835\udc25\ud835\udc26\ud835\udc1a\ud835\udc1c\ud835\udc1e\ud835\udc27\ud835\udc1a\ud835\udc26\ud835\udc22\ud835\udc1e\ud835\udc27\ud835\udc2d\ud835\udc28 \ud835\udc32 \ud835\udc2b\ud835\udc1e\ud835\udc29\ud835\udc2b\ud835\udc28\ud835\udc1d\ud835\udc2e\ud835\udc1c\ud835\udc1c\ud835\udc22\u00f3\ud835\udc27 \ud835\udc1d\ud835\udc1e \ud835\udc26\u00fa\ud835\udc2c\ud835\udc22\ud835\udc1c\ud835\udc1a] Amazfit GTS 2 Smartwatch Deporte admite el control de la reproducci\u00f3n de m\u00fasica m\u00f3vil a trav\u00e9s del reloj, y con 3 GB de almacenamiento de m\u00fasica local masivo, puede transferir 300-600 de sus canciones favoritas al reloj a trav\u00e9s de su tel\u00e9fono m\u00f3vil. Con sus auriculares inal\u00e1mbricos Amazfit PowerBuds, o directamente a trav\u00e9s del altavoz del reloj, puede escuchar instant\u00e1neamente su lista de reproducci\u00f3n cuidadosamente recopilada, as\u00ed que deje su tel\u00e9fono, haga ejercicio y siga el ritmo de la m\u00fasica en cualquier momento y en cualquier lugar.<\/p>\n<\/p><\/div>\n","protected":false},"excerpt":{"rendered":"<p>\ud83d\udfe5 DESCUENTO \ud83d\udfe5 #Publicidad #Amazon #16 \ud83d\udd34 Reloj Amazfit \u2705 AHORA 59.9 \u20ac \u2714\ufe0f\ud83d\udfe1 \u274c Antes 95.00 \u20ac \ud83d\uded2: https:\/\/btz.es\/4HL2GOl &#8211; [\ud835\udc15\ud835\udc22\ud835\udc2f\ud835\udc22\ud835\udc1d \ud835\udc00\ud835\udc25\ud835\udc30\ud835\udc1a\ud835\udc32\ud835\udc2c-\ud835\udc28\ud835\udc27 \ud835\udc03\ud835\udc22\ud835\udc2c\ud835\udc29\ud835\udc25\ud835\udc1a\ud835\udc32] Amazfit GTS 2 Smartwatch Fitness cuenta con una pantalla AMOLED de 1,65 pulgadas que compite con las mejores pantallas del mundo. La densidad de p\u00edxeles de 341 ppi hace que la [&hellip;]<\/p>\n","protected":false},"featured_media":4573,"template":"","meta":{"_gspb_post_css":""},"store":[],"product_brand":[],"product_cat":[16],"product_tag":[],"class_list":{"0":"post-4574","1":"product","2":"type-product","3":"status-publish","4":"has-post-thumbnail","6":"product_cat-sin-categorizar","8":"first","9":"instock","10":"sale","11":"shipping-taxable","12":"product-type-external"},"jetpack_sharing_enabled":true,"_links":{"self":[{"href":"https:\/\/ofertacular.com\/index.php\/wp-json\/wp\/v2\/product\/4574","targetHints":{"allow":["GET"]}}],"collection":[{"href":"https:\/\/ofertacular.com\/index.php\/wp-json\/wp\/v2\/product"}],"about":[{"href":"https:\/\/ofertacular.com\/index.php\/wp-json\/wp\/v2\/types\/product"}],"wp:featuredmedia":[{"embeddable":true,"href":"https:\/\/ofertacular.com\/index.php\/wp-json\/wp\/v2\/media\/4573"}],"wp:attachment":[{"href":"https:\/\/ofertacular.com\/index.php\/wp-json\/wp\/v2\/media?parent=4574"}],"wp:term":[{"taxonomy":"store","embeddable":true,"href":"https:\/\/ofertacular.com\/index.php\/wp-json\/wp\/v2\/store?post=4574"},{"taxonomy":"product_brand","embeddable":true,"href":"https:\/\/ofertacular.com\/index.php\/wp-json\/wp\/v2\/product_brand?post=4574"},{"taxonomy":"product_cat","embeddable":true,"href":"https:\/\/ofertacular.com\/index.php\/wp-json\/wp\/v2\/product_cat?post=4574"},{"taxonomy":"product_tag","embeddable":true,"href":"https:\/\/ofertacular.com\/index.php\/wp-json\/wp\/v2\/product_tag?post=4574"}],"curies":[{"name":"wp","href":"https:\/\/api.w.org\/{rel}","templated":true}]}}