{"id":4590,"date":"2025-04-09T10:18:08","date_gmt":"2025-04-09T08:18:08","guid":{"rendered":"https:\/\/ofertacular.com\/index.php\/producto\/somnia-colchon-2\/"},"modified":"2025-04-09T10:18:08","modified_gmt":"2025-04-09T08:18:08","slug":"somnia-colchon-2","status":"publish","type":"product","link":"https:\/\/ofertacular.com\/index.php\/producto\/somnia-colchon-2\/","title":{"rendered":"Somnia Colch\u00f3n"},"content":{"rendered":"<div class=\"oferta-container\">\n<p>\ud83d\udfe5 <b>EXCLUSIVO<\/b> \ud83d\udfe5 #Publicidad #Amazon #16<\/p>\n<p>\ud83d\udd34 <b>Colch\u00f3n Somnia <\/b><\/p>\n<p>\u2705 <b>AHORA 69.99 \u20ac<\/b> \u2714\ufe0f\ud83d\udfe1<\/p>\n<p>\u274c Antes <\/p>\n<p>\ud83d\uded2: <a href=\"https:\/\/btz.es\/4HRl96e\" target=\"_blank\" rel=\"nofollow noopener\">https:\/\/btz.es\/4HRl96e<\/a><\/p>\n<p>&#8211; \ud83d\udecf\ufe0f Colch\u00f3n Visco Hawai: Con n\u00facleo de espuma HR de gran densidad y alta recuperaci\u00f3n, y acolchado exclusivo de 2 cm de viscosoft y fibras hipoalerg\u00e9nicas en ambas caras. Hecho con materiales 100% transpirables para un descanso inigualable<br \/>\n&#8211; \ud83d\udcaa Firmeza media-alta: Ofrece una firmeza firme pero confortable, ayudando a mantener la columna vertebral en su posici\u00f3n ideal para un sue\u00f1o saludable y c\u00f3modo<br \/>\n&#8211; \ud83c\udf38 Higiene y frescura: Tratamiento Aloe Vera en el tejido, totalmente protegido contra \u00e1caros, bacterias y hongos con el tratamiento Sanitized. Evita alergias y ofrece un tacto suave y sedoso. La cara inferior incorpora tejido 3D s\u00faper transpirable para una ventilaci\u00f3n completa<br \/>\n&#8211; \ud83d\udca8 M\u00e1xima transpiraci\u00f3n: Lateral del colch\u00f3n con banda de tejido de malla s\u00faper transpirable, proporcionando una excelente ventilaci\u00f3n y facilitando la circulaci\u00f3n del aire por su interior<br \/>\n&#8211; \ud83d\udee1\ufe0f Seguridad y bienestar: Producto fabricado de manera sostenible en Espa\u00f1a, con certificados Oeko-Tex y Certipur que aseguran la ausencia de sustancias nocivas en todo su proceso de elaboraci\u00f3n. La seguridad y bienestar de los tuyos son lo primero. Altura total de 13 cm +\/-<\/p>\n<\/p><\/div>\n","protected":false},"excerpt":{"rendered":"<p>\ud83d\udfe5 EXCLUSIVO \ud83d\udfe5 #Publicidad #Amazon #16 \ud83d\udd34 Colch\u00f3n Somnia \u2705 AHORA 69.99 \u20ac \u2714\ufe0f\ud83d\udfe1 \u274c Antes \ud83d\uded2: https:\/\/btz.es\/4HRl96e &#8211; \ud83d\udecf\ufe0f Colch\u00f3n Visco Hawai: Con n\u00facleo de espuma HR de gran densidad y alta recuperaci\u00f3n, y acolchado exclusivo de 2 cm de viscosoft y fibras hipoalerg\u00e9nicas en ambas caras. Hecho con materiales 100% transpirables para un [&hellip;]<\/p>\n","protected":false},"featured_media":4589,"template":"","meta":{"_gspb_post_css":""},"store":[],"product_brand":[],"product_cat":[16],"product_tag":[],"class_list":{"0":"post-4590","1":"product","2":"type-product","3":"status-publish","4":"has-post-thumbnail","6":"product_cat-sin-categorizar","8":"first","9":"instock","10":"shipping-taxable","11":"product-type-external"},"jetpack_sharing_enabled":true,"_links":{"self":[{"href":"https:\/\/ofertacular.com\/index.php\/wp-json\/wp\/v2\/product\/4590","targetHints":{"allow":["GET"]}}],"collection":[{"href":"https:\/\/ofertacular.com\/index.php\/wp-json\/wp\/v2\/product"}],"about":[{"href":"https:\/\/ofertacular.com\/index.php\/wp-json\/wp\/v2\/types\/product"}],"wp:featuredmedia":[{"embeddable":true,"href":"https:\/\/ofertacular.com\/index.php\/wp-json\/wp\/v2\/media\/4589"}],"wp:attachment":[{"href":"https:\/\/ofertacular.com\/index.php\/wp-json\/wp\/v2\/media?parent=4590"}],"wp:term":[{"taxonomy":"store","embeddable":true,"href":"https:\/\/ofertacular.com\/index.php\/wp-json\/wp\/v2\/store?post=4590"},{"taxonomy":"product_brand","embeddable":true,"href":"https:\/\/ofertacular.com\/index.php\/wp-json\/wp\/v2\/product_brand?post=4590"},{"taxonomy":"product_cat","embeddable":true,"href":"https:\/\/ofertacular.com\/index.php\/wp-json\/wp\/v2\/product_cat?post=4590"},{"taxonomy":"product_tag","embeddable":true,"href":"https:\/\/ofertacular.com\/index.php\/wp-json\/wp\/v2\/product_tag?post=4590"}],"curies":[{"name":"wp","href":"https:\/\/api.w.org\/{rel}","templated":true}]}}