{"id":4594,"date":"2025-04-09T10:21:00","date_gmt":"2025-04-09T08:21:00","guid":{"rendered":"https:\/\/ofertacular.com\/index.php\/producto\/verbatim-ssd\/"},"modified":"2025-04-09T10:21:00","modified_gmt":"2025-04-09T08:21:00","slug":"verbatim-ssd","status":"publish","type":"product","link":"https:\/\/ofertacular.com\/index.php\/producto\/verbatim-ssd\/","title":{"rendered":"Verbatim SSD"},"content":{"rendered":"<div class=\"oferta-container\">\n<p>\ud83d\udfe5 <b>AHORRA AQU\u00cd<\/b> \ud83d\udfe5 #Publicidad #Amazon #16<\/p>\n<p>\ud83d\udd34 <b>SSD Verbatim <\/b><\/p>\n<p>\u2705 <b>AHORA 19.61 \u20ac<\/b> \u2714\ufe0f\ud83d\udfe1<\/p>\n<p>\u274c Antes <\/p>\n<p>\ud83d\uded2: <a href=\"https:\/\/btz.es\/4HRmsyW\" target=\"_blank\" rel=\"nofollow noopener\">https:\/\/btz.es\/4HRmsyW<\/a><\/p>\n<p>&#8211; R\u00c1PIDA TRANSFERENCIA DE DATOS &#8211; con velocidad de lectura de hasta 560 MB\/s y velocidad de escritura de hasta 460 MB\/s, el Vi550 es hasta 20 veces m\u00e1s r\u00e1pido que un disco duro est\u00e1ndar.<br \/>\n&#8211; RENDIMIENTO OPTIMIZADO: Los chips flash 3D NAND de alta velocidad combinados con un controlador de \u00faltima generaci\u00f3n mejoran ampliamente el tiempo de reacci\u00f3n y el rendimiento de su sistema.<br \/>\n&#8211; ROBUSTO Y DURADERO &#8211; Los SSD internos de Verbatim no poseen elementos fr\u00e1giles con piezas m\u00f3viles, lo que los hace muy resistentes a los golpes, a diferencia de los discos duros convencionales.<br \/>\n&#8211; TECNOLOG\u00cdA EFICIENTE &#8211; Nuestras unidades SSD internas son m\u00e1s silenciosas que las unidades de disco duro y adem\u00e1s generan menos calor. Esto extiende la duraci\u00f3n de la bater\u00eda de su laptop.<br \/>\n&#8211; VERBATIM &#8211; Nuestra solidez en investigaci\u00f3n y desarrollo en combinaci\u00f3n con un exigente control de calidad, garantizan productos y tecnolog\u00eda de primera clase en los que puede confiar.<\/p>\n<\/p><\/div>\n","protected":false},"excerpt":{"rendered":"<p>\ud83d\udfe5 AHORRA AQU\u00cd \ud83d\udfe5 #Publicidad #Amazon #16 \ud83d\udd34 SSD Verbatim \u2705 AHORA 19.61 \u20ac \u2714\ufe0f\ud83d\udfe1 \u274c Antes \ud83d\uded2: https:\/\/btz.es\/4HRmsyW &#8211; R\u00c1PIDA TRANSFERENCIA DE DATOS &#8211; con velocidad de lectura de hasta 560 MB\/s y velocidad de escritura de hasta 460 MB\/s, el Vi550 es hasta 20 veces m\u00e1s r\u00e1pido que un disco duro est\u00e1ndar. &#8211; [&hellip;]<\/p>\n","protected":false},"featured_media":4593,"template":"","meta":{"_gspb_post_css":""},"store":[],"product_brand":[],"product_cat":[16],"product_tag":[],"class_list":{"0":"post-4594","1":"product","2":"type-product","3":"status-publish","4":"has-post-thumbnail","6":"product_cat-sin-categorizar","8":"first","9":"instock","10":"shipping-taxable","11":"product-type-external"},"jetpack_sharing_enabled":true,"_links":{"self":[{"href":"https:\/\/ofertacular.com\/index.php\/wp-json\/wp\/v2\/product\/4594","targetHints":{"allow":["GET"]}}],"collection":[{"href":"https:\/\/ofertacular.com\/index.php\/wp-json\/wp\/v2\/product"}],"about":[{"href":"https:\/\/ofertacular.com\/index.php\/wp-json\/wp\/v2\/types\/product"}],"wp:featuredmedia":[{"embeddable":true,"href":"https:\/\/ofertacular.com\/index.php\/wp-json\/wp\/v2\/media\/4593"}],"wp:attachment":[{"href":"https:\/\/ofertacular.com\/index.php\/wp-json\/wp\/v2\/media?parent=4594"}],"wp:term":[{"taxonomy":"store","embeddable":true,"href":"https:\/\/ofertacular.com\/index.php\/wp-json\/wp\/v2\/store?post=4594"},{"taxonomy":"product_brand","embeddable":true,"href":"https:\/\/ofertacular.com\/index.php\/wp-json\/wp\/v2\/product_brand?post=4594"},{"taxonomy":"product_cat","embeddable":true,"href":"https:\/\/ofertacular.com\/index.php\/wp-json\/wp\/v2\/product_cat?post=4594"},{"taxonomy":"product_tag","embeddable":true,"href":"https:\/\/ofertacular.com\/index.php\/wp-json\/wp\/v2\/product_tag?post=4594"}],"curies":[{"name":"wp","href":"https:\/\/api.w.org\/{rel}","templated":true}]}}