{"id":4611,"date":"2025-04-10T08:56:26","date_gmt":"2025-04-10T06:56:26","guid":{"rendered":"https:\/\/ofertacular.com\/index.php\/producto\/policia-helicoptero\/"},"modified":"2025-04-10T08:56:26","modified_gmt":"2025-04-10T06:56:26","slug":"policia-helicoptero","status":"publish","type":"product","link":"https:\/\/ofertacular.com\/index.php\/producto\/policia-helicoptero\/","title":{"rendered":"Polic\u00eda Helic\u00f3ptero"},"content":{"rendered":"<div class=\"oferta-container\">\n<p>\ud83d\udfe5 <b>\u00a1OFERT\u00d3N!<\/b> \ud83d\udfe5 #Publicidad #Amazon #16<\/p>\n<p>\ud83d\udd34 <b>Helic\u00f3ptero Polic\u00eda <\/b><\/p>\n<p>\u2705 <b>AHORA 12 \u20ac<\/b> \u2714\ufe0f\ud83d\udfe1<\/p>\n<p>\u274c Antes 34.99 \u20ac<\/p>\n<p>\ud83d\uded2: <a href=\"https:\/\/btz.es\/4HWH6V3\" target=\"_blank\" rel=\"nofollow noopener\">https:\/\/btz.es\/4HWH6V3<\/a><\/p>\n<p>&#8211; Misi\u00f3n para el helic\u00f3ptero de la polic\u00eda: persecuci\u00f3n en paraca\u00eddas PLAYMOBIL con polic\u00eda, criminal y accesorios para una recreaci\u00f3n detallada<br \/>\n&#8211; Helic\u00f3ptero: rotores giratorios, espacio para 2 figuras adultas, pat\u00edn en el exterior para estar de pie, paraca\u00eddas para 1 figura: para lanzarse\/saltar y mucho m\u00e1s<br \/>\n&#8211; Juego de figuras para ni\u00f1os a partir de 4 a\u00f1os: \u00f3ptimo para el tama\u00f1o de sus manos y bordes redondeados agradables al tacto<br \/>\n&#8211; Para jugar a diario: Incluye instrucciones para montarlo con ayuda de los padres, gran calidad y dise\u00f1o robusto, Limpieza de las piezas sin pegatinas con agua corriente y sin qu\u00edmicos<br \/>\n&#8211; Contenido: 1x PLAYMOBIL City Action Helic\u00f3ptero de la polic\u00eda: Persecuci\u00f3n en paraca\u00eddas, Set de 19 piezas con instrucciones: 1 helic\u00f3ptero, 1 paraca\u00eddas, 2 figuras, 15 accesorios, Material: pl\u00e1stico, LxDxH Helic\u00f3ptero: 31&#215;11,5&#215;13,5 cm \/ Di\u00e1metro paraca\u00eddas: 48 cm, Peso: 214 g, 70569<\/p>\n<\/p><\/div>\n","protected":false},"excerpt":{"rendered":"<p>\ud83d\udfe5 \u00a1OFERT\u00d3N! \ud83d\udfe5 #Publicidad #Amazon #16 \ud83d\udd34 Helic\u00f3ptero Polic\u00eda \u2705 AHORA 12 \u20ac \u2714\ufe0f\ud83d\udfe1 \u274c Antes 34.99 \u20ac \ud83d\uded2: https:\/\/btz.es\/4HWH6V3 &#8211; Misi\u00f3n para el helic\u00f3ptero de la polic\u00eda: persecuci\u00f3n en paraca\u00eddas PLAYMOBIL con polic\u00eda, criminal y accesorios para una recreaci\u00f3n detallada &#8211; Helic\u00f3ptero: rotores giratorios, espacio para 2 figuras adultas, pat\u00edn en el exterior para [&hellip;]<\/p>\n","protected":false},"featured_media":4610,"template":"","meta":{"_gspb_post_css":""},"store":[],"product_brand":[],"product_cat":[16],"product_tag":[],"class_list":{"0":"post-4611","1":"product","2":"type-product","3":"status-publish","4":"has-post-thumbnail","6":"product_cat-sin-categorizar","8":"first","9":"instock","10":"sale","11":"shipping-taxable","12":"product-type-external"},"jetpack_sharing_enabled":true,"_links":{"self":[{"href":"https:\/\/ofertacular.com\/index.php\/wp-json\/wp\/v2\/product\/4611","targetHints":{"allow":["GET"]}}],"collection":[{"href":"https:\/\/ofertacular.com\/index.php\/wp-json\/wp\/v2\/product"}],"about":[{"href":"https:\/\/ofertacular.com\/index.php\/wp-json\/wp\/v2\/types\/product"}],"wp:featuredmedia":[{"embeddable":true,"href":"https:\/\/ofertacular.com\/index.php\/wp-json\/wp\/v2\/media\/4610"}],"wp:attachment":[{"href":"https:\/\/ofertacular.com\/index.php\/wp-json\/wp\/v2\/media?parent=4611"}],"wp:term":[{"taxonomy":"store","embeddable":true,"href":"https:\/\/ofertacular.com\/index.php\/wp-json\/wp\/v2\/store?post=4611"},{"taxonomy":"product_brand","embeddable":true,"href":"https:\/\/ofertacular.com\/index.php\/wp-json\/wp\/v2\/product_brand?post=4611"},{"taxonomy":"product_cat","embeddable":true,"href":"https:\/\/ofertacular.com\/index.php\/wp-json\/wp\/v2\/product_cat?post=4611"},{"taxonomy":"product_tag","embeddable":true,"href":"https:\/\/ofertacular.com\/index.php\/wp-json\/wp\/v2\/product_tag?post=4611"}],"curies":[{"name":"wp","href":"https:\/\/api.w.org\/{rel}","templated":true}]}}