{"id":4615,"date":"2025-04-10T10:14:40","date_gmt":"2025-04-10T08:14:40","guid":{"rendered":"https:\/\/ofertacular.com\/index.php\/producto\/coconut-bath\/"},"modified":"2025-04-10T10:14:40","modified_gmt":"2025-04-10T08:14:40","slug":"coconut-bath","status":"publish","type":"product","link":"https:\/\/ofertacular.com\/index.php\/producto\/coconut-bath\/","title":{"rendered":"Coconut Bath"},"content":{"rendered":"<div class=\"oferta-container\">\n<p>\ud83d\udfe5 <b>DESCUENTO<\/b> \ud83d\udfe5 #Publicidad #Amazon #16<\/p>\n<p>\ud83d\udd34 <b>Ba\u00f1o Coco <\/b><\/p>\n<p>\u2705 <b>AHORA 7.88 \u20ac<\/b> \u2714\ufe0f\ud83d\udfe1<\/p>\n<p>\u274c Antes <\/p>\n<p>\ud83d\uded2: <a href=\"https:\/\/btz.es\/4HXbocw\" target=\"_blank\" rel=\"nofollow noopener\">https:\/\/btz.es\/4HXbocw<\/a><\/p>\n<p>&#8211; No testado en animales; vegano; fabricaci\u00f3n \u00edntegra en espa\u00f1a<br \/>\n&#8211; Libre de parabenos; dermatol\u00f3gicamente testado; crea mucha espuma<br \/>\n&#8211; Gel muy perfumado; perfume de coco; ex\u00f3tica fragancia<br \/>\n&#8211; G\u00e9nero; unisex; adulto e infantil<br \/>\n&#8211; Gel de ba\u00f1o y ducha nutriente, aporta gran suavidad a la piel dej\u00e1ndola perfumada<br \/>\n&#8211; Ingredientes: Ingredients: Aqua Water; sodium Laureth Sulfate; cocamidopropyl Betaine; sodium Chloride; styrene\/Acrylates Copolymer; parfum Fragrance;Sodium Benzoate; citric Acid;Potassium Sorbate; pEG-200 Hydrogenated Glyceryl Palmate; poliquaternium-7; pEG-7 Glyceryl Cocoate; propylene Glycol; pEG-55 Propylene Glycol Oleate; benzyl Salicylate; hexyl Cinnamal; benzyl Alcohol; coumarin; linalool<br \/>\n&#8211; Tipo de piel: Sensible<\/p>\n<\/p><\/div>\n","protected":false},"excerpt":{"rendered":"<p>\ud83d\udfe5 DESCUENTO \ud83d\udfe5 #Publicidad #Amazon #16 \ud83d\udd34 Ba\u00f1o Coco \u2705 AHORA 7.88 \u20ac \u2714\ufe0f\ud83d\udfe1 \u274c Antes \ud83d\uded2: https:\/\/btz.es\/4HXbocw &#8211; No testado en animales; vegano; fabricaci\u00f3n \u00edntegra en espa\u00f1a &#8211; Libre de parabenos; dermatol\u00f3gicamente testado; crea mucha espuma &#8211; Gel muy perfumado; perfume de coco; ex\u00f3tica fragancia &#8211; G\u00e9nero; unisex; adulto e infantil &#8211; Gel de [&hellip;]<\/p>\n","protected":false},"featured_media":4614,"template":"","meta":{"_gspb_post_css":""},"store":[],"product_brand":[],"product_cat":[16],"product_tag":[],"class_list":{"0":"post-4615","1":"product","2":"type-product","3":"status-publish","4":"has-post-thumbnail","6":"product_cat-sin-categorizar","8":"first","9":"instock","10":"shipping-taxable","11":"product-type-external"},"jetpack_sharing_enabled":true,"_links":{"self":[{"href":"https:\/\/ofertacular.com\/index.php\/wp-json\/wp\/v2\/product\/4615","targetHints":{"allow":["GET"]}}],"collection":[{"href":"https:\/\/ofertacular.com\/index.php\/wp-json\/wp\/v2\/product"}],"about":[{"href":"https:\/\/ofertacular.com\/index.php\/wp-json\/wp\/v2\/types\/product"}],"wp:featuredmedia":[{"embeddable":true,"href":"https:\/\/ofertacular.com\/index.php\/wp-json\/wp\/v2\/media\/4614"}],"wp:attachment":[{"href":"https:\/\/ofertacular.com\/index.php\/wp-json\/wp\/v2\/media?parent=4615"}],"wp:term":[{"taxonomy":"store","embeddable":true,"href":"https:\/\/ofertacular.com\/index.php\/wp-json\/wp\/v2\/store?post=4615"},{"taxonomy":"product_brand","embeddable":true,"href":"https:\/\/ofertacular.com\/index.php\/wp-json\/wp\/v2\/product_brand?post=4615"},{"taxonomy":"product_cat","embeddable":true,"href":"https:\/\/ofertacular.com\/index.php\/wp-json\/wp\/v2\/product_cat?post=4615"},{"taxonomy":"product_tag","embeddable":true,"href":"https:\/\/ofertacular.com\/index.php\/wp-json\/wp\/v2\/product_tag?post=4615"}],"curies":[{"name":"wp","href":"https:\/\/api.w.org\/{rel}","templated":true}]}}