{"id":4619,"date":"2025-04-10T11:37:53","date_gmt":"2025-04-10T09:37:53","guid":{"rendered":"https:\/\/ofertacular.com\/index.php\/producto\/mahou-lager\/"},"modified":"2025-04-10T11:37:53","modified_gmt":"2025-04-10T09:37:53","slug":"mahou-lager","status":"publish","type":"product","link":"https:\/\/ofertacular.com\/index.php\/producto\/mahou-lager\/","title":{"rendered":"Mahou Lager"},"content":{"rendered":"<div class=\"oferta-container\">\n<p>\ud83d\udfe5 <b>\u00a1DESCUENTO \u00daNICO!<\/b> \ud83d\udfe5 #Publicidad #Amazon #16<\/p>\n<p>\ud83d\udd34 <b>Cerveza Mahou <\/b><\/p>\n<p>\u2705 <b>AHORA 16.99 \u20ac<\/b> \u2714\ufe0f\ud83d\udfe1<\/p>\n<p>\u274c Antes 22.69 \u20ac<\/p>\n<p>\ud83d\uded2: <a href=\"https:\/\/btz.es\/4HXwlc9\" target=\"_blank\" rel=\"nofollow noopener\">https:\/\/btz.es\/4HXwlc9<\/a><\/p>\n<p>&#8211; Pack de 28 latas de 33 cl de Mahou 5 estrellas, cerveza lata ic\u00f3nica nacida hace m\u00e1s de 40 a\u00f1os para satisfacer a los paladares m\u00e1s exigentes, con 5,5% de alcohol. Para un mayor disfrute se recomienda consumir entre 4\u00ba y 6\u00ba C<br \/>\n&#8211; Apariencia: Cerveza dorada Mahou 5 estrellas de aspecto brillante, color dorado y una espuma cremosa y consistente<br \/>\n&#8211; Aroma: Con un aroma principal afrutado suave y fresco, a pl\u00e1tano y manzana, la cerveza 5 estrellas de Mahou tiene tambi\u00e9n cierta fragancia seca y un toque a levadura, donde se aprecian notas florales del l\u00fapulo al beber<br \/>\n&#8211; Sabor: En boca la cerveza Mahou 5 estrellas tiene fuerza, consistencia y es muy equilibrada, con un amargor moderado y ligera acidez. Cerveza sabrosa y con un buen balance gustativo que se mantiene en el paladar<br \/>\n&#8211; Los or\u00edgenes de Mahou 5 Estrellas Cerveza Dorada Lager se remontan a 1936, con la denominada cerveza especial. Aunque no es hasta 1969 cuando culmina su evoluci\u00f3n con el lanzamiento de Mahou Cinco Estrellas y la creaci\u00f3n del formato lata. Elaborada con las mejores variedades de l\u00fapulo y levadura, adem\u00e1s de agua y malta, dando lugar al sabor cervecero de siempre, al de toda la vida<\/p>\n<\/p><\/div>\n","protected":false},"excerpt":{"rendered":"<p>\ud83d\udfe5 \u00a1DESCUENTO \u00daNICO! \ud83d\udfe5 #Publicidad #Amazon #16 \ud83d\udd34 Cerveza Mahou \u2705 AHORA 16.99 \u20ac \u2714\ufe0f\ud83d\udfe1 \u274c Antes 22.69 \u20ac \ud83d\uded2: https:\/\/btz.es\/4HXwlc9 &#8211; Pack de 28 latas de 33 cl de Mahou 5 estrellas, cerveza lata ic\u00f3nica nacida hace m\u00e1s de 40 a\u00f1os para satisfacer a los paladares m\u00e1s exigentes, con 5,5% de alcohol. Para un [&hellip;]<\/p>\n","protected":false},"featured_media":4618,"template":"","meta":{"_gspb_post_css":""},"store":[],"product_brand":[],"product_cat":[16],"product_tag":[],"class_list":{"0":"post-4619","1":"product","2":"type-product","3":"status-publish","4":"has-post-thumbnail","6":"product_cat-sin-categorizar","8":"first","9":"instock","10":"sale","11":"shipping-taxable","12":"product-type-external"},"jetpack_sharing_enabled":true,"_links":{"self":[{"href":"https:\/\/ofertacular.com\/index.php\/wp-json\/wp\/v2\/product\/4619","targetHints":{"allow":["GET"]}}],"collection":[{"href":"https:\/\/ofertacular.com\/index.php\/wp-json\/wp\/v2\/product"}],"about":[{"href":"https:\/\/ofertacular.com\/index.php\/wp-json\/wp\/v2\/types\/product"}],"wp:featuredmedia":[{"embeddable":true,"href":"https:\/\/ofertacular.com\/index.php\/wp-json\/wp\/v2\/media\/4618"}],"wp:attachment":[{"href":"https:\/\/ofertacular.com\/index.php\/wp-json\/wp\/v2\/media?parent=4619"}],"wp:term":[{"taxonomy":"store","embeddable":true,"href":"https:\/\/ofertacular.com\/index.php\/wp-json\/wp\/v2\/store?post=4619"},{"taxonomy":"product_brand","embeddable":true,"href":"https:\/\/ofertacular.com\/index.php\/wp-json\/wp\/v2\/product_brand?post=4619"},{"taxonomy":"product_cat","embeddable":true,"href":"https:\/\/ofertacular.com\/index.php\/wp-json\/wp\/v2\/product_cat?post=4619"},{"taxonomy":"product_tag","embeddable":true,"href":"https:\/\/ofertacular.com\/index.php\/wp-json\/wp\/v2\/product_tag?post=4619"}],"curies":[{"name":"wp","href":"https:\/\/api.w.org\/{rel}","templated":true}]}}