{"id":4621,"date":"2025-04-10T11:42:30","date_gmt":"2025-04-10T09:42:30","guid":{"rendered":"https:\/\/ofertacular.com\/index.php\/producto\/amazfit-gtr-2\/"},"modified":"2025-04-10T11:42:30","modified_gmt":"2025-04-10T09:42:30","slug":"amazfit-gtr-2","status":"publish","type":"product","link":"https:\/\/ofertacular.com\/index.php\/producto\/amazfit-gtr-2\/","title":{"rendered":"Amazfit GTR"},"content":{"rendered":"<div class=\"oferta-container\">\n<p>\ud83d\udfe5 <b>AHORRA AQU\u00cd<\/b> \ud83d\udfe5 #Publicidad #Amazon #5<\/p>\n<p>\ud83d\udd34 <b>Reloj inteligente <\/b><\/p>\n<p>\u2705 <b>AHORA 79.9 \u20ac<\/b> \u2714\ufe0f\ud83d\udfe1<\/p>\n<p>\u274c Antes 99.90 \u20ac<\/p>\n<p>\ud83d\uded2: <a href=\"https:\/\/btz.es\/4HXxvqk\" target=\"_blank\" rel=\"nofollow noopener\">https:\/\/btz.es\/4HXxvqk<\/a><\/p>\n<p>&#8211; 1. Zepp sistema operativo Potente y pantallas siempre encendidas ES f\u00e1cil de encontrar la aplicaci\u00f3n entre mucho . Hemos construido un marco de aplicaci\u00f3n, que incluye m\u00e1s de 10 miniaplicaciones e incluso Home Connect. Con los 60 FPS y una interfaz de usuario dise\u00f1ada espec\u00edficamente, navega a la funci\u00f3n requiera una interacci\u00f3n perfecta que consume menos energ\u00eda. Amazfit GTR 3 Smartwatch Fitness tiene una pantalla HD AMOLED realmente clara y f\u00e1cil de leer de 1,39 pulgadas.<br \/>\n&#8211; 2. Asistente de voz integrado y sin conexi\u00f3n de Alexa: Amazfit GTR 3 Smartwatch Deportivo est\u00e1 integrado Alexa. Puede configurar f\u00e1cilmente la alarma, hacer preguntas, Traducci\u00f3n. Si est\u00e1 fuera y no tiene acceso a Internet, el reloj inteligente tiene un asistente de voz sin conexi\u00f3n para que realice operaciones como activar un modo deportivo etc.<br \/>\n&#8211; 3. 21 d\u00edas de duraci\u00f3n de la bater\u00eda y Potentes sistemas de navegaci\u00f3n\uff1a Amazfit GTR 3 Reloj inteligente Ftiness integra una gran cantidad de funciones avanzadas en un cuerpo delgado y liviano. Para restrear actividad tres semanas 21 dias, GTR 3 Smartwatch est\u00e1 equipado con una bater\u00eda potente. Amazfit GTR 3 Fitness Tracker es compatible con los sistemas de navegaci\u00f3n por sat\u00e9lite GPS, GLONASS, Galileo, BDS y QZSS para rastrear con precisi\u00f3n su ruta.<br \/>\n&#8211; 4.M\u00e1s de 150+ modos deportivos y Virtual Pacer Con m\u00e1s de 150 modos deportivos integrados para adaptarse a su elecci\u00f3n de actividad, el rastreador de actividad puede rastrear m\u00e9tricas como frecuencia card\u00edaca, calor\u00edas quemadas y m\u00e1s. Amazfit GTR 3 Smartwatch hombre mostrar\u00e1 un \u00edcono para representar una de sus carreras previamente grabadas. Y otro \u00edcono mostra su rendimiento actual. Para mejorar cada carrera, nuestro engeniero desarrollar nueva funcion Virtual Pacer<br \/>\n&#8211; 5. Pruebe cuatro m\u00e9tricas de salud en un solo toque: Con Amazfit GTR 3 reloj inteligente deportivo, puede probar su frecuencia card\u00edaca, la saturaci\u00f3n de ox\u00edgeno en sangre, el nivel de estr\u00e9s y la frecuencia respiratoria con un solo toque, para obtener un resultado en tan solo 45 segundos. Obtenga los cuatro datos una vez.<\/p>\n<\/p><\/div>\n","protected":false},"excerpt":{"rendered":"<p>\ud83d\udfe5 AHORRA AQU\u00cd \ud83d\udfe5 #Publicidad #Amazon #5 \ud83d\udd34 Reloj inteligente \u2705 AHORA 79.9 \u20ac \u2714\ufe0f\ud83d\udfe1 \u274c Antes 99.90 \u20ac \ud83d\uded2: https:\/\/btz.es\/4HXxvqk &#8211; 1. Zepp sistema operativo Potente y pantallas siempre encendidas ES f\u00e1cil de encontrar la aplicaci\u00f3n entre mucho . Hemos construido un marco de aplicaci\u00f3n, que incluye m\u00e1s de 10 miniaplicaciones e incluso Home [&hellip;]<\/p>\n","protected":false},"featured_media":4620,"template":"","meta":{"_gspb_post_css":""},"store":[],"product_brand":[],"product_cat":[16],"product_tag":[],"class_list":{"0":"post-4621","1":"product","2":"type-product","3":"status-publish","4":"has-post-thumbnail","6":"product_cat-sin-categorizar","8":"first","9":"instock","10":"sale","11":"shipping-taxable","12":"product-type-external"},"jetpack_sharing_enabled":true,"_links":{"self":[{"href":"https:\/\/ofertacular.com\/index.php\/wp-json\/wp\/v2\/product\/4621","targetHints":{"allow":["GET"]}}],"collection":[{"href":"https:\/\/ofertacular.com\/index.php\/wp-json\/wp\/v2\/product"}],"about":[{"href":"https:\/\/ofertacular.com\/index.php\/wp-json\/wp\/v2\/types\/product"}],"wp:featuredmedia":[{"embeddable":true,"href":"https:\/\/ofertacular.com\/index.php\/wp-json\/wp\/v2\/media\/4620"}],"wp:attachment":[{"href":"https:\/\/ofertacular.com\/index.php\/wp-json\/wp\/v2\/media?parent=4621"}],"wp:term":[{"taxonomy":"store","embeddable":true,"href":"https:\/\/ofertacular.com\/index.php\/wp-json\/wp\/v2\/store?post=4621"},{"taxonomy":"product_brand","embeddable":true,"href":"https:\/\/ofertacular.com\/index.php\/wp-json\/wp\/v2\/product_brand?post=4621"},{"taxonomy":"product_cat","embeddable":true,"href":"https:\/\/ofertacular.com\/index.php\/wp-json\/wp\/v2\/product_cat?post=4621"},{"taxonomy":"product_tag","embeddable":true,"href":"https:\/\/ofertacular.com\/index.php\/wp-json\/wp\/v2\/product_tag?post=4621"}],"curies":[{"name":"wp","href":"https:\/\/api.w.org\/{rel}","templated":true}]}}