{"id":4623,"date":"2025-04-10T11:45:29","date_gmt":"2025-04-10T09:45:29","guid":{"rendered":"https:\/\/ofertacular.com\/index.php\/producto\/nutriben-potitos\/"},"modified":"2025-04-10T11:45:29","modified_gmt":"2025-04-10T09:45:29","slug":"nutriben-potitos","status":"publish","type":"product","link":"https:\/\/ofertacular.com\/index.php\/producto\/nutriben-potitos\/","title":{"rendered":"Nutrib\u00e9n Potitos"},"content":{"rendered":"<div class=\"oferta-container\">\n<p>\ud83d\udfe5 <b>\u00a1S\u00d3LO HOY!<\/b> \ud83d\udfe5 #Publicidad #Amazon #16<\/p>\n<p>\ud83d\udd34 <b>Potitos Nutrib\u00e9n <\/b><\/p>\n<p>\u2705 <b>AHORA 9.84 \u20ac<\/b> \u2714\ufe0f\ud83d\udfe1<\/p>\n<p>\u274c Antes 19.06 \u20ac<\/p>\n<p>\ud83d\uded2: <a href=\"https:\/\/btz.es\/4HXyfVf\" target=\"_blank\" rel=\"nofollow noopener\">https:\/\/btz.es\/4HXyfVf<\/a><\/p>\n<p>&#8211; Le informazioni seguenti si applicano a ciascuna unit\u00e0 della confezione<br \/>\n&#8211; La siguiente informaci\u00f3n se aplica a cada unidad del paquete<br \/>\n&#8211; Nutrib\u00e9n Potitos Menestra de verduras pollo y ternera es un alimento infantil destinado a ni\u00f1os a partir del 6\u00ba mes de edad. Pack de 6 unidades<br \/>\n&#8211; Sin Almidones, sin Sal A\u00f1adida, sin Colorantes ni Conservantes. S\u00edn Gluten, huevo, leche, aromas y especias<br \/>\n&#8211; Ingredientes: Agua de cocci\u00f3n, Tomate 20%, Patatas 14%, Jud\u00edas verdes 11%, Arroz, Pollo 5 %, Ternera 3 %, Aceite de oliva virgen extra 2 %, Cebolla, Zumo de lim\u00f3n. Elaborados con aceite de oliva 100% virgen extra, carne, fruta y vegetales frescos y sin aceite de palma<br \/>\n&#8211; Preparaci\u00f3n: al abrir el potito oir\u00e1 un \u00abpop\u00bb, garant\u00eda de la calidad del Potito. Una vez abierto, caliente al ba\u00f1o mar\u00eda o en el microondas sin tapa. Remueva y compruebe la temperatura antes de d\u00e1rselo al ni\u00f1o. No a\u00f1ada sal. Una vez abierto se conserva 24 horas en el frigor\u00edfico. Pres\u00e9rvese del sol<br \/>\n&#8211; Cumple con los est\u00e1ndares de composici\u00f3n establecidos por la FAO ONU en el Codex Alimentarius para preparados alimenticios complementarios para lactantes de m\u00e1s edad y ni\u00f1os peque\u00f1os. El producto cumple con el Reglamento 609\/2013 relativo a los alimentos destinados a lactantes y ni\u00f1os de corta edad, los alimentos para usos m\u00e9dicos especiales y los sustitutivos de la dieta completa para el control de peso<\/p>\n<\/p><\/div>\n","protected":false},"excerpt":{"rendered":"<p>\ud83d\udfe5 \u00a1S\u00d3LO HOY! \ud83d\udfe5 #Publicidad #Amazon #16 \ud83d\udd34 Potitos Nutrib\u00e9n \u2705 AHORA 9.84 \u20ac \u2714\ufe0f\ud83d\udfe1 \u274c Antes 19.06 \u20ac \ud83d\uded2: https:\/\/btz.es\/4HXyfVf &#8211; Le informazioni seguenti si applicano a ciascuna unit\u00e0 della confezione &#8211; La siguiente informaci\u00f3n se aplica a cada unidad del paquete &#8211; Nutrib\u00e9n Potitos Menestra de verduras pollo y ternera es un alimento [&hellip;]<\/p>\n","protected":false},"featured_media":4622,"template":"","meta":{"_gspb_post_css":""},"store":[],"product_brand":[],"product_cat":[16],"product_tag":[],"class_list":{"0":"post-4623","1":"product","2":"type-product","3":"status-publish","4":"has-post-thumbnail","6":"product_cat-sin-categorizar","8":"first","9":"instock","10":"sale","11":"shipping-taxable","12":"product-type-external"},"jetpack_sharing_enabled":true,"_links":{"self":[{"href":"https:\/\/ofertacular.com\/index.php\/wp-json\/wp\/v2\/product\/4623","targetHints":{"allow":["GET"]}}],"collection":[{"href":"https:\/\/ofertacular.com\/index.php\/wp-json\/wp\/v2\/product"}],"about":[{"href":"https:\/\/ofertacular.com\/index.php\/wp-json\/wp\/v2\/types\/product"}],"wp:featuredmedia":[{"embeddable":true,"href":"https:\/\/ofertacular.com\/index.php\/wp-json\/wp\/v2\/media\/4622"}],"wp:attachment":[{"href":"https:\/\/ofertacular.com\/index.php\/wp-json\/wp\/v2\/media?parent=4623"}],"wp:term":[{"taxonomy":"store","embeddable":true,"href":"https:\/\/ofertacular.com\/index.php\/wp-json\/wp\/v2\/store?post=4623"},{"taxonomy":"product_brand","embeddable":true,"href":"https:\/\/ofertacular.com\/index.php\/wp-json\/wp\/v2\/product_brand?post=4623"},{"taxonomy":"product_cat","embeddable":true,"href":"https:\/\/ofertacular.com\/index.php\/wp-json\/wp\/v2\/product_cat?post=4623"},{"taxonomy":"product_tag","embeddable":true,"href":"https:\/\/ofertacular.com\/index.php\/wp-json\/wp\/v2\/product_tag?post=4623"}],"curies":[{"name":"wp","href":"https:\/\/api.w.org\/{rel}","templated":true}]}}