{"id":4639,"date":"2025-04-11T08:39:41","date_gmt":"2025-04-11T06:39:41","guid":{"rendered":"https:\/\/ofertacular.com\/index.php\/producto\/baseus-auriculares\/"},"modified":"2025-04-11T08:39:41","modified_gmt":"2025-04-11T06:39:41","slug":"baseus-auriculares","status":"publish","type":"product","link":"https:\/\/ofertacular.com\/index.php\/producto\/baseus-auriculares\/","title":{"rendered":"Baseus Auriculares"},"content":{"rendered":"<div class=\"oferta-container\">\n<p>\ud83d\udfe5 <b>GRAN OFERTA<\/b> \ud83d\udfe5 #Publicidad #Amazon #16<\/p>\n<p>\ud83d\udd34 <b>Auriculares Baseus <\/b><\/p>\n<p>\u2705 <b>AHORA 19.99 \u20ac<\/b> \u2714\ufe0f\ud83d\udfe1<\/p>\n<p>\u274c Antes 29.99 \u20ac<\/p>\n<p>\ud83d\uded2: <a href=\"https:\/\/btz.es\/4Ic3Qob\" target=\"_blank\" rel=\"nofollow noopener\">https:\/\/btz.es\/4Ic3Qob<\/a><\/p>\n<p>&#8211; [Graves 100% m\u00e1s potentes] Los auriculares Bluetooth inal\u00e1mbricos Bass 30 Max adoptan transductores de gran tama\u00f1o de 40 mm y la tecnolog\u00eda de mejora de graves Baseus dise\u00f1ada para maximizar los graves del audio, por fin podr\u00e1 disfrutar de sus bandas sonoras con graves y caracteres tonalmente ricos.<br \/>\n&#8211; [Tiempo de escucha de 50 horas] Despu\u00e9s de un viaje diario al trabajo, un d\u00eda en la oficina y una secci\u00f3n en el gimnasio, descubrir\u00e1 que estos auriculares siguen funcionando bien sin la preocupaci\u00f3n de tener que cargarlos con frecuencia. La duraci\u00f3n de dos d\u00edas de la bater\u00eda le garantiza energ\u00eda para viajes largos.<br \/>\n&#8211; [Claridad de llamada mejorada] Los micr\u00f3fonos ENC cancelan el ruido y amplifican la voz para que las llamadas sean n\u00edtidas en cualquier entorno. Las llamadas suenan n\u00edtidas, claras y sin ruidos no deseados.<br \/>\n&#8211; [Plegables, c\u00f3modos y ligeros] Los auriculares inal\u00e1mbricos Bass 30 Max tienen orejeras totalmente ajustables con almohadillas ultrasuaves que a\u00edslan del ruido para que se adapten c\u00f3modamente a los o\u00eddos y bloqueen el ruido de fondo. Su construcci\u00f3n ligera tambi\u00e9n garantiza que sean c\u00f3modos para largas sesiones de escucha.<br \/>\n&#8211; [Tecnolog\u00eda Bluetooth 5.3] Disfrute de una conexi\u00f3n estable con baja latencia y bajo consumo de energ\u00eda que mantiene el audio perfectamente sincronizado en todos los dispositivos compatibles, gracias al avanzado Bluetooth 5.3 de los auriculares inal\u00e1mbricos Bluetooth Bass 30 Max.<\/p>\n<\/p><\/div>\n","protected":false},"excerpt":{"rendered":"<p>\ud83d\udfe5 GRAN OFERTA \ud83d\udfe5 #Publicidad #Amazon #16 \ud83d\udd34 Auriculares Baseus \u2705 AHORA 19.99 \u20ac \u2714\ufe0f\ud83d\udfe1 \u274c Antes 29.99 \u20ac \ud83d\uded2: https:\/\/btz.es\/4Ic3Qob &#8211; [Graves 100% m\u00e1s potentes] Los auriculares Bluetooth inal\u00e1mbricos Bass 30 Max adoptan transductores de gran tama\u00f1o de 40 mm y la tecnolog\u00eda de mejora de graves Baseus dise\u00f1ada para maximizar los graves del [&hellip;]<\/p>\n","protected":false},"featured_media":4638,"template":"","meta":{"_gspb_post_css":""},"store":[],"product_brand":[],"product_cat":[16],"product_tag":[],"class_list":{"0":"post-4639","1":"product","2":"type-product","3":"status-publish","4":"has-post-thumbnail","6":"product_cat-sin-categorizar","8":"first","9":"instock","10":"sale","11":"shipping-taxable","12":"product-type-external"},"jetpack_sharing_enabled":true,"_links":{"self":[{"href":"https:\/\/ofertacular.com\/index.php\/wp-json\/wp\/v2\/product\/4639","targetHints":{"allow":["GET"]}}],"collection":[{"href":"https:\/\/ofertacular.com\/index.php\/wp-json\/wp\/v2\/product"}],"about":[{"href":"https:\/\/ofertacular.com\/index.php\/wp-json\/wp\/v2\/types\/product"}],"wp:featuredmedia":[{"embeddable":true,"href":"https:\/\/ofertacular.com\/index.php\/wp-json\/wp\/v2\/media\/4638"}],"wp:attachment":[{"href":"https:\/\/ofertacular.com\/index.php\/wp-json\/wp\/v2\/media?parent=4639"}],"wp:term":[{"taxonomy":"store","embeddable":true,"href":"https:\/\/ofertacular.com\/index.php\/wp-json\/wp\/v2\/store?post=4639"},{"taxonomy":"product_brand","embeddable":true,"href":"https:\/\/ofertacular.com\/index.php\/wp-json\/wp\/v2\/product_brand?post=4639"},{"taxonomy":"product_cat","embeddable":true,"href":"https:\/\/ofertacular.com\/index.php\/wp-json\/wp\/v2\/product_cat?post=4639"},{"taxonomy":"product_tag","embeddable":true,"href":"https:\/\/ofertacular.com\/index.php\/wp-json\/wp\/v2\/product_tag?post=4639"}],"curies":[{"name":"wp","href":"https:\/\/api.w.org\/{rel}","templated":true}]}}