{"id":4641,"date":"2025-04-11T10:03:10","date_gmt":"2025-04-11T08:03:10","guid":{"rendered":"https:\/\/ofertacular.com\/index.php\/producto\/gaming-monitor-2\/"},"modified":"2025-04-11T10:03:10","modified_gmt":"2025-04-11T08:03:10","slug":"gaming-monitor-2","status":"publish","type":"product","link":"https:\/\/ofertacular.com\/index.php\/producto\/gaming-monitor-2\/","title":{"rendered":"Gaming Monitor"},"content":{"rendered":"<div class=\"oferta-container\">\n<p>\ud83d\udfe5 <b>DESCUENTO<\/b> \ud83d\udfe5 #Publicidad #Amazon #16<\/p>\n<p>\ud83d\udd34 <b>Monitor Gaming <\/b><\/p>\n<p>\u2705 <b>AHORA 99.99 \u20ac<\/b> \u2714\ufe0f\ud83d\udfe1<\/p>\n<p>\u274c Antes 149.98 \u20ac<\/p>\n<p>\ud83d\uded2: <a href=\"https:\/\/btz.es\/4IcORqI\" target=\"_blank\" rel=\"nofollow noopener\">https:\/\/btz.es\/4IcORqI<\/a><\/p>\n<p>&#8211; 24.5\u00bb FHD Gaming Monitor; Monitor VA de 24,5 pulgadas 1920 x 1080P con dise\u00f1o de bisel ultrafino de 3 lados, \u00e1ngulo ajustable de -5\u00b0 a 20\u00b0, el amplio \u00e1ngulo de visi\u00f3n de 178\u00b0 le permite disfrutar de un rendimiento de color superior, reducir la fatiga incluso despu\u00e9s de un uso prolongado<br \/>\n&#8211; Excepcional experiencia de juego; Ofrece una experiencia de juego fluida y sin interrupciones con un tiempo de respuesta de 1 ms y una frecuencia de actualizaci\u00f3n de 180 Hz. La tecnolog\u00eda Adpitive Sync integrada elimina pr\u00e1cticamente el desgarro de la pantalla, las interrupciones y la latencia de entrada. Los modos FPS, RTS y crosshair te ofrecen una experiencia de juego excepcional<br \/>\n&#8211; Excelente Color; Tecnolog\u00eda sin parpadeos, filtro de luz azul, gama de colores 16.7M con 3000: 1 de contraste din\u00e1mico y 99% SRGB NTSC 72% hacen que la imagen sea m\u00e1s realista, el color es m\u00e1s saturado, 20 millones de relaci\u00f3n de contraste din\u00e1mico y 250cd\/\u33a1 8bit le proporciona colores ricos y captura m\u00e1s detalles de la imagen<br \/>\n&#8211; Conectividad Flexible; El monitor de 24 pulgadas proporciona interfaces de v\u00eddeo a trav\u00e9s de HDMI2.0x2 y DisplayPort1.4&#215;1. Puede conectar el monitor de ordenador de 24 pulgadas a Xbox, PC y ordenadores port\u00e1tiles, etc, la transmisi\u00f3n de im\u00e1genes de alta calidad, cualquier cambio entre la oficina y el entretenimiento. Soporta HDMI y DPhasta 180HZ, soporta VESA 75mm*75mm<br \/>\n&#8211; KOORUI SERVICES; KOORUI proporciona monitores de ordenador de alta calidad y servicios premium. Si usted encuentra cualquier da\u00f1o, mal funcionamiento o falta de accesorios, por favor no dude en contactar con nosotros<\/p>\n<\/p><\/div>\n","protected":false},"excerpt":{"rendered":"<p>\ud83d\udfe5 DESCUENTO \ud83d\udfe5 #Publicidad #Amazon #16 \ud83d\udd34 Monitor Gaming \u2705 AHORA 99.99 \u20ac \u2714\ufe0f\ud83d\udfe1 \u274c Antes 149.98 \u20ac \ud83d\uded2: https:\/\/btz.es\/4IcORqI &#8211; 24.5\u00bb FHD Gaming Monitor; Monitor VA de 24,5 pulgadas 1920 x 1080P con dise\u00f1o de bisel ultrafino de 3 lados, \u00e1ngulo ajustable de -5\u00b0 a 20\u00b0, el amplio \u00e1ngulo de visi\u00f3n de 178\u00b0 le [&hellip;]<\/p>\n","protected":false},"featured_media":4640,"template":"","meta":{"_gspb_post_css":""},"store":[],"product_brand":[],"product_cat":[16],"product_tag":[],"class_list":{"0":"post-4641","1":"product","2":"type-product","3":"status-publish","4":"has-post-thumbnail","6":"product_cat-sin-categorizar","8":"first","9":"instock","10":"sale","11":"shipping-taxable","12":"product-type-external"},"jetpack_sharing_enabled":true,"_links":{"self":[{"href":"https:\/\/ofertacular.com\/index.php\/wp-json\/wp\/v2\/product\/4641","targetHints":{"allow":["GET"]}}],"collection":[{"href":"https:\/\/ofertacular.com\/index.php\/wp-json\/wp\/v2\/product"}],"about":[{"href":"https:\/\/ofertacular.com\/index.php\/wp-json\/wp\/v2\/types\/product"}],"wp:featuredmedia":[{"embeddable":true,"href":"https:\/\/ofertacular.com\/index.php\/wp-json\/wp\/v2\/media\/4640"}],"wp:attachment":[{"href":"https:\/\/ofertacular.com\/index.php\/wp-json\/wp\/v2\/media?parent=4641"}],"wp:term":[{"taxonomy":"store","embeddable":true,"href":"https:\/\/ofertacular.com\/index.php\/wp-json\/wp\/v2\/store?post=4641"},{"taxonomy":"product_brand","embeddable":true,"href":"https:\/\/ofertacular.com\/index.php\/wp-json\/wp\/v2\/product_brand?post=4641"},{"taxonomy":"product_cat","embeddable":true,"href":"https:\/\/ofertacular.com\/index.php\/wp-json\/wp\/v2\/product_cat?post=4641"},{"taxonomy":"product_tag","embeddable":true,"href":"https:\/\/ofertacular.com\/index.php\/wp-json\/wp\/v2\/product_tag?post=4641"}],"curies":[{"name":"wp","href":"https:\/\/api.w.org\/{rel}","templated":true}]}}