{"id":4647,"date":"2025-04-11T13:01:46","date_gmt":"2025-04-11T11:01:46","guid":{"rendered":"https:\/\/ofertacular.com\/index.php\/producto\/bergner-cutlery\/"},"modified":"2025-04-11T13:01:46","modified_gmt":"2025-04-11T11:01:46","slug":"bergner-cutlery","status":"publish","type":"product","link":"https:\/\/ofertacular.com\/index.php\/producto\/bergner-cutlery\/","title":{"rendered":"Bergner Cutlery"},"content":{"rendered":"<div class=\"oferta-container\">\n<p>\ud83d\udfe5 <b>AHORRA AQU\u00cd<\/b> \ud83d\udfe5 #Publicidad #Amazon #16<\/p>\n<p>\ud83d\udd34 <b>Cuchiller\u00eda <\/b><\/p>\n<p>\u2705 <b>AHORA 9.99 \u20ac<\/b> \u2714\ufe0f\ud83d\udfe1<\/p>\n<p>\u274c Antes <\/p>\n<p>\ud83d\uded2: <a href=\"https:\/\/btz.es\/4Id7OYO\" target=\"_blank\" rel=\"nofollow noopener\">https:\/\/btz.es\/4Id7OYO<\/a><\/p>\n<p>&#8211; JUEGO COMPLETO PARA 4 PERSONAS: Este set de 16 piezas incluye 4 cuchillos, 4 tenedores, 4 cucharas y 4 cucharillas, proporcionando un conjunto esencial para todas tus comidas diarias o cenas especiales<br \/>\n&#8211; ACERO INOXIDABLE DE ALTA CALIDAD: Fabricado con acero inoxidable resistente, este set ofrece durabilidad, resistencia a la corrosi\u00f3n y una larga vida \u00fatil, incluso con uso frecuente<br \/>\n&#8211; ACABADO EN COLOR ELEGANTE: Con un acabado moderno y sofisticado, estos cubiertos a\u00f1aden un toque distintivo y contempor\u00e1neo a cualquier mesa, \u00f3ptimo para todo tipo de ocasiones<br \/>\n&#8211; F\u00c1CIL DE LIMPIAR Y APTOS PARA LAVAVAJILLAS: Dise\u00f1ados para ser pr\u00e1cticos, los cubiertos son f\u00e1ciles de limpiar y aptos para lavavajillas, asegurando un mantenimiento sin complicaciones<br \/>\n&#8211; DURABILIDAD Y ESTILO: Este juego de cubiertos no solo es est\u00e9ticamente agradable, sino tambi\u00e9n extremadamente resistente, ofreciendo la combinaci\u00f3n \u00f3ptima de estilo y funcionalidad para cualquier ocasi\u00f3n<\/p>\n<\/p><\/div>\n","protected":false},"excerpt":{"rendered":"<p>\ud83d\udfe5 AHORRA AQU\u00cd \ud83d\udfe5 #Publicidad #Amazon #16 \ud83d\udd34 Cuchiller\u00eda \u2705 AHORA 9.99 \u20ac \u2714\ufe0f\ud83d\udfe1 \u274c Antes \ud83d\uded2: https:\/\/btz.es\/4Id7OYO &#8211; JUEGO COMPLETO PARA 4 PERSONAS: Este set de 16 piezas incluye 4 cuchillos, 4 tenedores, 4 cucharas y 4 cucharillas, proporcionando un conjunto esencial para todas tus comidas diarias o cenas especiales &#8211; ACERO INOXIDABLE DE [&hellip;]<\/p>\n","protected":false},"featured_media":4646,"template":"","meta":{"_gspb_post_css":""},"store":[],"product_brand":[],"product_cat":[16],"product_tag":[],"class_list":{"0":"post-4647","1":"product","2":"type-product","3":"status-publish","4":"has-post-thumbnail","6":"product_cat-sin-categorizar","8":"first","9":"instock","10":"shipping-taxable","11":"product-type-external"},"jetpack_sharing_enabled":true,"_links":{"self":[{"href":"https:\/\/ofertacular.com\/index.php\/wp-json\/wp\/v2\/product\/4647","targetHints":{"allow":["GET"]}}],"collection":[{"href":"https:\/\/ofertacular.com\/index.php\/wp-json\/wp\/v2\/product"}],"about":[{"href":"https:\/\/ofertacular.com\/index.php\/wp-json\/wp\/v2\/types\/product"}],"wp:featuredmedia":[{"embeddable":true,"href":"https:\/\/ofertacular.com\/index.php\/wp-json\/wp\/v2\/media\/4646"}],"wp:attachment":[{"href":"https:\/\/ofertacular.com\/index.php\/wp-json\/wp\/v2\/media?parent=4647"}],"wp:term":[{"taxonomy":"store","embeddable":true,"href":"https:\/\/ofertacular.com\/index.php\/wp-json\/wp\/v2\/store?post=4647"},{"taxonomy":"product_brand","embeddable":true,"href":"https:\/\/ofertacular.com\/index.php\/wp-json\/wp\/v2\/product_brand?post=4647"},{"taxonomy":"product_cat","embeddable":true,"href":"https:\/\/ofertacular.com\/index.php\/wp-json\/wp\/v2\/product_cat?post=4647"},{"taxonomy":"product_tag","embeddable":true,"href":"https:\/\/ofertacular.com\/index.php\/wp-json\/wp\/v2\/product_tag?post=4647"}],"curies":[{"name":"wp","href":"https:\/\/api.w.org\/{rel}","templated":true}]}}