{"id":4649,"date":"2025-04-11T13:11:36","date_gmt":"2025-04-11T11:11:36","guid":{"rendered":"https:\/\/ofertacular.com\/index.php\/producto\/beige-rocking-chair\/"},"modified":"2025-04-11T13:11:36","modified_gmt":"2025-04-11T11:11:36","slug":"beige-rocking-chair","status":"publish","type":"product","link":"https:\/\/ofertacular.com\/index.php\/producto\/beige-rocking-chair\/","title":{"rendered":"Beige Rocking Chair"},"content":{"rendered":"<div class=\"oferta-container\">\n<p>\ud83d\udfe5 <b>EXCLUSIVO<\/b> \ud83d\udfe5 #Publicidad #Amazon #16<\/p>\n<p>\ud83d\udd34 <b>Silla mecedora <\/b><\/p>\n<p>\u2705 <b>AHORA 74.99 \u20ac<\/b> \u2714\ufe0f\ud83d\udfe1<\/p>\n<p>\u274c Antes 95.99 \u20ac<\/p>\n<p>\ud83d\uded2: <a href=\"https:\/\/btz.es\/4IdAsoS\" target=\"_blank\" rel=\"nofollow noopener\">https:\/\/btz.es\/4IdAsoS<\/a><\/p>\n<p>&#8211; Buena capacidad de carga: la mecedora est\u00e1 hecha de madera resistente de alta calidad y una funda de algod\u00f3n 100%. La s\u00f3lida estructura est\u00e1 fabricada en madera de abedul y barnizada de forma natural, lo que garantiza la mejor estabilidad posible. Material: madera de abedul + espuma + algod\u00f3n. M\u00e1x. Capacidad de carga: 120 kg<br \/>\n&#8211; Dise\u00f1o \u00fanico: toda la estructura es 10 cm m\u00e1s alta que la mecedora general. Gracias a su construcci\u00f3n de madera estable y al dise\u00f1o \u00fanico, el sill\u00f3n oscila m\u00e1s fuerte que la serie LYY10 y le da una experiencia de asiento m\u00e1s c\u00f3moda. Tambi\u00e9n es m\u00e1s f\u00e1cil para ti volver a subir a los ancianos de la silla<br \/>\n&#8211; Gran comodidad de asiento: relleno de espuma de alta densidad de calidad, buena elasticidad y mejor ajuste. Estructura aerodin\u00e1mica y ergon\u00f3mica, lo que permite una comodidad \u00f3ptima y una postura c\u00f3moda. La almohada integrada soporta tu cuello para que puedas relajarte hacia atr\u00e1s. La construcci\u00f3n del asiento est\u00e1 muy bien pensada, por lo que no hay dolor de espalda incluso despu\u00e9s de estar sentado durante mucho tiempo<br \/>\n&#8211; Agradable sensaci\u00f3n en la piel: la funda de tela est\u00e1 hecha de 100% algod\u00f3n, se siente bien en la piel y tiene una buena permeabilidad al aire; la funda de tela utilizada no est\u00e1 tratada qu\u00edmicamente y no se blanquea. La tela es puramente natural los peque\u00f1os puntos negros son mangas de algod\u00f3n. Gracias a la cremallera en la parte posterior, la funda es f\u00e1cil de separar, tambi\u00e9n es lavable y garantiza el m\u00e1ximo confort<br \/>\n&#8211; F\u00e1cil montaje: en el paquete hay unas instrucciones de montaje comprensibles, el sill\u00f3n es f\u00e1cil y r\u00e1pido de montar y desmontar. Gracias a su bonito aspecto y a los colores sencillos, la mecedora se adapta perfectamente a muebles modernos<\/p>\n<\/p><\/div>\n","protected":false},"excerpt":{"rendered":"<p>\ud83d\udfe5 EXCLUSIVO \ud83d\udfe5 #Publicidad #Amazon #16 \ud83d\udd34 Silla mecedora \u2705 AHORA 74.99 \u20ac \u2714\ufe0f\ud83d\udfe1 \u274c Antes 95.99 \u20ac \ud83d\uded2: https:\/\/btz.es\/4IdAsoS &#8211; Buena capacidad de carga: la mecedora est\u00e1 hecha de madera resistente de alta calidad y una funda de algod\u00f3n 100%. La s\u00f3lida estructura est\u00e1 fabricada en madera de abedul y barnizada de forma natural, [&hellip;]<\/p>\n","protected":false},"featured_media":4648,"template":"","meta":{"_gspb_post_css":""},"store":[],"product_brand":[],"product_cat":[16],"product_tag":[],"class_list":{"0":"post-4649","1":"product","2":"type-product","3":"status-publish","4":"has-post-thumbnail","6":"product_cat-sin-categorizar","8":"first","9":"instock","10":"sale","11":"shipping-taxable","12":"product-type-external"},"jetpack_sharing_enabled":true,"_links":{"self":[{"href":"https:\/\/ofertacular.com\/index.php\/wp-json\/wp\/v2\/product\/4649","targetHints":{"allow":["GET"]}}],"collection":[{"href":"https:\/\/ofertacular.com\/index.php\/wp-json\/wp\/v2\/product"}],"about":[{"href":"https:\/\/ofertacular.com\/index.php\/wp-json\/wp\/v2\/types\/product"}],"wp:featuredmedia":[{"embeddable":true,"href":"https:\/\/ofertacular.com\/index.php\/wp-json\/wp\/v2\/media\/4648"}],"wp:attachment":[{"href":"https:\/\/ofertacular.com\/index.php\/wp-json\/wp\/v2\/media?parent=4649"}],"wp:term":[{"taxonomy":"store","embeddable":true,"href":"https:\/\/ofertacular.com\/index.php\/wp-json\/wp\/v2\/store?post=4649"},{"taxonomy":"product_brand","embeddable":true,"href":"https:\/\/ofertacular.com\/index.php\/wp-json\/wp\/v2\/product_brand?post=4649"},{"taxonomy":"product_cat","embeddable":true,"href":"https:\/\/ofertacular.com\/index.php\/wp-json\/wp\/v2\/product_cat?post=4649"},{"taxonomy":"product_tag","embeddable":true,"href":"https:\/\/ofertacular.com\/index.php\/wp-json\/wp\/v2\/product_tag?post=4649"}],"curies":[{"name":"wp","href":"https:\/\/api.w.org\/{rel}","templated":true}]}}