{"id":4656,"date":"2025-04-11T14:23:03","date_gmt":"2025-04-11T12:23:03","guid":{"rendered":"https:\/\/ofertacular.com\/index.php\/producto\/logitech-m90\/"},"modified":"2025-04-11T14:23:03","modified_gmt":"2025-04-11T12:23:03","slug":"logitech-m90","status":"publish","type":"product","link":"https:\/\/ofertacular.com\/index.php\/producto\/logitech-m90\/","title":{"rendered":"Logitech M90"},"content":{"rendered":"<div class=\"oferta-container\">\n<p>\ud83d\udfe5 <b>AHORRA AQU\u00cd<\/b> \ud83d\udfe5 #Publicidad #Amazon #16<\/p>\n<p>\ud83d\udd34 <b>Raton Logitech <\/b><\/p>\n<p>\u2705 <b>AHORA 7.49 \u20ac<\/b> \u2714\ufe0f\ud83d\udfe1<\/p>\n<p>\u274c Antes 10.99 \u20ac<\/p>\n<p>\ud83d\uded2: <a href=\"https:\/\/btz.es\/4IdSr53\" target=\"_blank\" rel=\"nofollow noopener\">https:\/\/btz.es\/4IdSr53<\/a><\/p>\n<p>&#8211; Sencillo de Configurar y Usar: No hay necesidad de instalar software con el rat\u00f3n M90 Logitech. Como tiene cable, se puede conectar a un puerto USB y usar inmediatamente<br \/>\n&#8211; Seguimiento \u00d3ptico de \u00f3ptima Definici\u00f3n: Con 100 DPI tiene un control de cursor fiable y uniforme para el seguimiento preciso y la f\u00e1cil selecci\u00f3n de texto<br \/>\n&#8211; Fabricado por Logitech: Logitech es expertos en ratones. Se ha creado con la calidad y el dise\u00f1o que hemos aplicado a m\u00e1s de mil millones de ratones, m\u00e1s que ning\u00fan otro fabricante<br \/>\n&#8211; Pasa al Nivel \u00d3ptimo: El rat\u00f3n inal\u00e1mbrico M330 Silent Plus es hecha para la mano derecha y ofrece un mundo de silencio<br \/>\n&#8211; Compatibilidad: Windows Vista, Windows 7, Windows 8, Windows 10, Mac OS X 10.5 posterior, Linux kernel 2.6+, Chrome OS, se necesita un puerto USB<br \/>\n&#8211; Prueba el Rat\u00f3n Inal\u00e1mbrico Silencioso Logitech M330, para Mayor Comodidad: Forma contorneada y recubrimiento de goma suave, clics silenciosos y libertad inal\u00e1mbrica<\/p>\n<\/p><\/div>\n","protected":false},"excerpt":{"rendered":"<p>\ud83d\udfe5 AHORRA AQU\u00cd \ud83d\udfe5 #Publicidad #Amazon #16 \ud83d\udd34 Raton Logitech \u2705 AHORA 7.49 \u20ac \u2714\ufe0f\ud83d\udfe1 \u274c Antes 10.99 \u20ac \ud83d\uded2: https:\/\/btz.es\/4IdSr53 &#8211; Sencillo de Configurar y Usar: No hay necesidad de instalar software con el rat\u00f3n M90 Logitech. Como tiene cable, se puede conectar a un puerto USB y usar inmediatamente &#8211; Seguimiento \u00d3ptico de [&hellip;]<\/p>\n","protected":false},"featured_media":4655,"template":"","meta":{"_gspb_post_css":""},"store":[],"product_brand":[],"product_cat":[16],"product_tag":[],"class_list":{"0":"post-4656","1":"product","2":"type-product","3":"status-publish","4":"has-post-thumbnail","6":"product_cat-sin-categorizar","8":"first","9":"instock","10":"sale","11":"shipping-taxable","12":"product-type-external"},"jetpack_sharing_enabled":true,"_links":{"self":[{"href":"https:\/\/ofertacular.com\/index.php\/wp-json\/wp\/v2\/product\/4656","targetHints":{"allow":["GET"]}}],"collection":[{"href":"https:\/\/ofertacular.com\/index.php\/wp-json\/wp\/v2\/product"}],"about":[{"href":"https:\/\/ofertacular.com\/index.php\/wp-json\/wp\/v2\/types\/product"}],"wp:featuredmedia":[{"embeddable":true,"href":"https:\/\/ofertacular.com\/index.php\/wp-json\/wp\/v2\/media\/4655"}],"wp:attachment":[{"href":"https:\/\/ofertacular.com\/index.php\/wp-json\/wp\/v2\/media?parent=4656"}],"wp:term":[{"taxonomy":"store","embeddable":true,"href":"https:\/\/ofertacular.com\/index.php\/wp-json\/wp\/v2\/store?post=4656"},{"taxonomy":"product_brand","embeddable":true,"href":"https:\/\/ofertacular.com\/index.php\/wp-json\/wp\/v2\/product_brand?post=4656"},{"taxonomy":"product_cat","embeddable":true,"href":"https:\/\/ofertacular.com\/index.php\/wp-json\/wp\/v2\/product_cat?post=4656"},{"taxonomy":"product_tag","embeddable":true,"href":"https:\/\/ofertacular.com\/index.php\/wp-json\/wp\/v2\/product_tag?post=4656"}],"curies":[{"name":"wp","href":"https:\/\/api.w.org\/{rel}","templated":true}]}}