{"id":4668,"date":"2025-04-16T08:29:47","date_gmt":"2025-04-16T06:29:47","guid":{"rendered":"https:\/\/ofertacular.com\/index.php\/producto\/cabin-bag\/"},"modified":"2025-04-16T08:29:47","modified_gmt":"2025-04-16T06:29:47","slug":"cabin-bag","status":"publish","type":"product","link":"https:\/\/ofertacular.com\/index.php\/producto\/cabin-bag\/","title":{"rendered":"Cabin Bag"},"content":{"rendered":"<div class=\"oferta-container\">\n<p>\ud83d\udfe5 <b>\u00a1NO TE LA PIERDAS!<\/b> \ud83d\udfe5 #Publicidad #Amazon #16<\/p>\n<p>\ud83d\udd34 <b>Maleta Cabina <\/b><\/p>\n<p>\u2705 <b>AHORA 40.88 \u20ac<\/b> \u2714\ufe0f\ud83d\udfe1<\/p>\n<p>\u274c Antes 59.95 \u20ac<\/p>\n<p>\ud83d\uded2: <a href=\"https:\/\/btz.es\/4I5FYBW\" target=\"_blank\" rel=\"nofollow noopener\">https:\/\/btz.es\/4I5FYBW<\/a><\/p>\n<p>&#8211; Mochila submarina M para aviones, bolsa de cabina Easyjet equipaje de mano, 2 d\u00edas de viaje, 36 x 20 x 45 cm, 38.5 L, 0.70 kg<br \/>\n&#8211; M\u00faltiples compartimentos para una f\u00e1cil organizaci\u00f3n<br \/>\n&#8211; Adecuado a las dimensiones de vuelo gratuito de easyJet mochila M, consulte con su aerol\u00ednea antes de la salida si se aplican restricciones de tama\u00f1o y peso en la cabina<br \/>\n&#8211; Material interior y exterior fabricado a partir de botellas de PET recicladas con nuestra tecnolog\u00eda de materiales Recyclex<br \/>\n&#8211; Mochila M con compartimento acolchado para port\u00e1til<\/p>\n<\/p><\/div>\n","protected":false},"excerpt":{"rendered":"<p>\ud83d\udfe5 \u00a1NO TE LA PIERDAS! \ud83d\udfe5 #Publicidad #Amazon #16 \ud83d\udd34 Maleta Cabina \u2705 AHORA 40.88 \u20ac \u2714\ufe0f\ud83d\udfe1 \u274c Antes 59.95 \u20ac \ud83d\uded2: https:\/\/btz.es\/4I5FYBW &#8211; Mochila submarina M para aviones, bolsa de cabina Easyjet equipaje de mano, 2 d\u00edas de viaje, 36 x 20 x 45 cm, 38.5 L, 0.70 kg &#8211; M\u00faltiples compartimentos para una [&hellip;]<\/p>\n","protected":false},"featured_media":4667,"template":"","meta":{"_gspb_post_css":""},"store":[],"product_brand":[],"product_cat":[16],"product_tag":[],"class_list":{"0":"post-4668","1":"product","2":"type-product","3":"status-publish","4":"has-post-thumbnail","6":"product_cat-sin-categorizar","8":"first","9":"instock","10":"sale","11":"shipping-taxable","12":"product-type-external"},"jetpack_sharing_enabled":true,"_links":{"self":[{"href":"https:\/\/ofertacular.com\/index.php\/wp-json\/wp\/v2\/product\/4668","targetHints":{"allow":["GET"]}}],"collection":[{"href":"https:\/\/ofertacular.com\/index.php\/wp-json\/wp\/v2\/product"}],"about":[{"href":"https:\/\/ofertacular.com\/index.php\/wp-json\/wp\/v2\/types\/product"}],"wp:featuredmedia":[{"embeddable":true,"href":"https:\/\/ofertacular.com\/index.php\/wp-json\/wp\/v2\/media\/4667"}],"wp:attachment":[{"href":"https:\/\/ofertacular.com\/index.php\/wp-json\/wp\/v2\/media?parent=4668"}],"wp:term":[{"taxonomy":"store","embeddable":true,"href":"https:\/\/ofertacular.com\/index.php\/wp-json\/wp\/v2\/store?post=4668"},{"taxonomy":"product_brand","embeddable":true,"href":"https:\/\/ofertacular.com\/index.php\/wp-json\/wp\/v2\/product_brand?post=4668"},{"taxonomy":"product_cat","embeddable":true,"href":"https:\/\/ofertacular.com\/index.php\/wp-json\/wp\/v2\/product_cat?post=4668"},{"taxonomy":"product_tag","embeddable":true,"href":"https:\/\/ofertacular.com\/index.php\/wp-json\/wp\/v2\/product_tag?post=4668"}],"curies":[{"name":"wp","href":"https:\/\/api.w.org\/{rel}","templated":true}]}}