{"id":4670,"date":"2025-04-16T08:39:40","date_gmt":"2025-04-16T06:39:40","guid":{"rendered":"https:\/\/ofertacular.com\/index.php\/producto\/botella-aluminio\/"},"modified":"2025-04-16T08:39:40","modified_gmt":"2025-04-16T06:39:40","slug":"botella-aluminio","status":"publish","type":"product","link":"https:\/\/ofertacular.com\/index.php\/producto\/botella-aluminio\/","title":{"rendered":"Botella Aluminio"},"content":{"rendered":"<div class=\"oferta-container\">\n<p>\ud83d\udfe5 <b>DATE PRISA<\/b> \ud83d\udfe5 #Publicidad #Amazon #16<\/p>\n<p>\ud83d\udd34 <b>Botella Aluminio <\/b><\/p>\n<p>\u2705 <b>AHORA 7 \u20ac<\/b> \u2714\ufe0f\ud83d\udfe1<\/p>\n<p>\u274c Antes 10.70 \u20ac<\/p>\n<p>\ud83d\uded2: <a href=\"https:\/\/btz.es\/4I5I2U2\" target=\"_blank\" rel=\"nofollow noopener\">https:\/\/btz.es\/4I5I2U2<\/a><\/p>\n<p>&#8211; Ligera botella de aluminio con tapa de rosca y cuello estrecho: Ideal para tu estilo de vida activo, esta botella de aluminio es liviana y cuenta con un tap\u00f3n de rosca y un cuello estrecho para un f\u00e1cil manejo durante tus actividades diarias.<br \/>\n&#8211; Libre de sustancias nocivas y revestimiento interior de poliamida: Tu salud es nuestra prioridad. Esta botella est\u00e1 libre de bisfenol, ftalatos, plomo y otras sustancias da\u00f1inas. Adem\u00e1s, su revestimiento interior de poliamida garantiza una experiencia de bebida segura.<br \/>\n&#8211; No retiene ni transmite sabores: Disfruta de tus bebidas favoritas sin preocuparte por los sabores no deseados. Esta botella de aluminio no retiene ni transmite sabores, asegurando siempre un sabor puro y fresco. No usar con bebidas calientes.<br \/>\n&#8211; Herm\u00e9tica, reutilizable y 100% reciclable: Esta botella no solo es herm\u00e9tica, sino tambi\u00e9n reutilizable y completamente reciclable, contribuyendo a la sostenibilidad. Disponible en 600 ml, 750 ml y 1 litro.<br \/>\n&#8211; Contenido del paquete &#8211; Cada compra incluye una 1 botella Laken de aluminio con tapa roscada y cuello estrecho, perfecta para mantenerte hidratado\/a en cualquier momento y lugar.<\/p>\n<\/p><\/div>\n","protected":false},"excerpt":{"rendered":"<p>\ud83d\udfe5 DATE PRISA \ud83d\udfe5 #Publicidad #Amazon #16 \ud83d\udd34 Botella Aluminio \u2705 AHORA 7 \u20ac \u2714\ufe0f\ud83d\udfe1 \u274c Antes 10.70 \u20ac \ud83d\uded2: https:\/\/btz.es\/4I5I2U2 &#8211; Ligera botella de aluminio con tapa de rosca y cuello estrecho: Ideal para tu estilo de vida activo, esta botella de aluminio es liviana y cuenta con un tap\u00f3n de rosca y un [&hellip;]<\/p>\n","protected":false},"featured_media":4669,"template":"","meta":{"_gspb_post_css":""},"store":[],"product_brand":[],"product_cat":[16],"product_tag":[],"class_list":{"0":"post-4670","1":"product","2":"type-product","3":"status-publish","4":"has-post-thumbnail","6":"product_cat-sin-categorizar","8":"first","9":"instock","10":"sale","11":"shipping-taxable","12":"product-type-external"},"jetpack_sharing_enabled":true,"_links":{"self":[{"href":"https:\/\/ofertacular.com\/index.php\/wp-json\/wp\/v2\/product\/4670","targetHints":{"allow":["GET"]}}],"collection":[{"href":"https:\/\/ofertacular.com\/index.php\/wp-json\/wp\/v2\/product"}],"about":[{"href":"https:\/\/ofertacular.com\/index.php\/wp-json\/wp\/v2\/types\/product"}],"wp:featuredmedia":[{"embeddable":true,"href":"https:\/\/ofertacular.com\/index.php\/wp-json\/wp\/v2\/media\/4669"}],"wp:attachment":[{"href":"https:\/\/ofertacular.com\/index.php\/wp-json\/wp\/v2\/media?parent=4670"}],"wp:term":[{"taxonomy":"store","embeddable":true,"href":"https:\/\/ofertacular.com\/index.php\/wp-json\/wp\/v2\/store?post=4670"},{"taxonomy":"product_brand","embeddable":true,"href":"https:\/\/ofertacular.com\/index.php\/wp-json\/wp\/v2\/product_brand?post=4670"},{"taxonomy":"product_cat","embeddable":true,"href":"https:\/\/ofertacular.com\/index.php\/wp-json\/wp\/v2\/product_cat?post=4670"},{"taxonomy":"product_tag","embeddable":true,"href":"https:\/\/ofertacular.com\/index.php\/wp-json\/wp\/v2\/product_tag?post=4670"}],"curies":[{"name":"wp","href":"https:\/\/api.w.org\/{rel}","templated":true}]}}