{"id":4672,"date":"2025-04-16T08:46:14","date_gmt":"2025-04-16T06:46:14","guid":{"rendered":"https:\/\/ofertacular.com\/index.php\/producto\/cacahuetes-tostados\/"},"modified":"2025-04-16T08:46:14","modified_gmt":"2025-04-16T06:46:14","slug":"cacahuetes-tostados","status":"publish","type":"product","link":"https:\/\/ofertacular.com\/index.php\/producto\/cacahuetes-tostados\/","title":{"rendered":"Cacahuetes Tostados"},"content":{"rendered":"<div class=\"oferta-container\">\n<p>\ud83d\udfe5 <b>\u00a1GANGAZO!<\/b> \ud83d\udfe5 #Publicidad #Amazon #16<\/p>\n<p>\ud83d\udd34 <b>Cacahuetes Tostados <\/b><\/p>\n<p>\u2705 <b>AHORA 6.28 \u20ac<\/b> \u2714\ufe0f\ud83d\udfe1<\/p>\n<p>\u274c Antes <\/p>\n<p>\ud83d\uded2: <a href=\"https:\/\/btz.es\/4I5Khtp\" target=\"_blank\" rel=\"nofollow noopener\">https:\/\/btz.es\/4I5Khtp<\/a><\/p>\n<p>&#8211; 200g, Paquete de 7<br \/>\n&#8211; Envasado en atm\u00f3sfera protectora para mantener su frescura<br \/>\n&#8211; Alto contenido de fibra<br \/>\n&#8211; Fuente de prote\u00ednas<br \/>\n&#8211; Apto para dietas vegetarianas y veganas<br \/>\n&#8211; Puede contener ocasionalmente trozos de c\u00e1scara<br \/>\n&#8211; Los ni\u00f1os peque\u00f1os se pueden atragantar con los frutos secos<br \/>\n&#8211; No apto para al\u00e9rgicos a otros frutos de c\u00e1scara y a los cacahuetes, debido al m\u00e9todo de producci\u00f3n<\/p>\n<\/p><\/div>\n","protected":false},"excerpt":{"rendered":"<p>\ud83d\udfe5 \u00a1GANGAZO! \ud83d\udfe5 #Publicidad #Amazon #16 \ud83d\udd34 Cacahuetes Tostados \u2705 AHORA 6.28 \u20ac \u2714\ufe0f\ud83d\udfe1 \u274c Antes \ud83d\uded2: https:\/\/btz.es\/4I5Khtp &#8211; 200g, Paquete de 7 &#8211; Envasado en atm\u00f3sfera protectora para mantener su frescura &#8211; Alto contenido de fibra &#8211; Fuente de prote\u00ednas &#8211; Apto para dietas vegetarianas y veganas &#8211; Puede contener ocasionalmente trozos de c\u00e1scara [&hellip;]<\/p>\n","protected":false},"featured_media":4671,"template":"","meta":{"_gspb_post_css":""},"store":[],"product_brand":[],"product_cat":[16],"product_tag":[],"class_list":{"0":"post-4672","1":"product","2":"type-product","3":"status-publish","4":"has-post-thumbnail","6":"product_cat-sin-categorizar","8":"first","9":"instock","10":"shipping-taxable","11":"product-type-external"},"jetpack_sharing_enabled":true,"_links":{"self":[{"href":"https:\/\/ofertacular.com\/index.php\/wp-json\/wp\/v2\/product\/4672","targetHints":{"allow":["GET"]}}],"collection":[{"href":"https:\/\/ofertacular.com\/index.php\/wp-json\/wp\/v2\/product"}],"about":[{"href":"https:\/\/ofertacular.com\/index.php\/wp-json\/wp\/v2\/types\/product"}],"wp:featuredmedia":[{"embeddable":true,"href":"https:\/\/ofertacular.com\/index.php\/wp-json\/wp\/v2\/media\/4671"}],"wp:attachment":[{"href":"https:\/\/ofertacular.com\/index.php\/wp-json\/wp\/v2\/media?parent=4672"}],"wp:term":[{"taxonomy":"store","embeddable":true,"href":"https:\/\/ofertacular.com\/index.php\/wp-json\/wp\/v2\/store?post=4672"},{"taxonomy":"product_brand","embeddable":true,"href":"https:\/\/ofertacular.com\/index.php\/wp-json\/wp\/v2\/product_brand?post=4672"},{"taxonomy":"product_cat","embeddable":true,"href":"https:\/\/ofertacular.com\/index.php\/wp-json\/wp\/v2\/product_cat?post=4672"},{"taxonomy":"product_tag","embeddable":true,"href":"https:\/\/ofertacular.com\/index.php\/wp-json\/wp\/v2\/product_tag?post=4672"}],"curies":[{"name":"wp","href":"https:\/\/api.w.org\/{rel}","templated":true}]}}