{"id":4678,"date":"2025-04-16T09:22:45","date_gmt":"2025-04-16T07:22:45","guid":{"rendered":"https:\/\/ofertacular.com\/index.php\/producto\/braun-silk-epil\/"},"modified":"2025-04-16T09:22:45","modified_gmt":"2025-04-16T07:22:45","slug":"braun-silk-epil","status":"publish","type":"product","link":"https:\/\/ofertacular.com\/index.php\/producto\/braun-silk-epil\/","title":{"rendered":"Braun Silk-\u00e9pil"},"content":{"rendered":"<div class=\"oferta-container\">\n<p>\ud83d\udfe5 <b>DATE PRISA<\/b> \ud83d\udfe5 #Publicidad #Amazon #16<\/p>\n<p>\ud83d\udd34 <b>Depiladora Braun <\/b><\/p>\n<p>\u2705 <b>AHORA 99.99 \u20ac<\/b> \u2714\ufe0f\ud83d\udfe1<\/p>\n<p>\u274c Antes 154.99 \u20ac<\/p>\n<p>\ud83d\uded2: <a href=\"https:\/\/btz.es\/4I5TtvU\" target=\"_blank\" rel=\"nofollow noopener\">https:\/\/btz.es\/4I5TtvU<\/a><\/p>\n<p>&#8211; Hasta un mes de piel suave d\u00f3nde y cu\u00e1ndo quieras, desde la comodidad de tu casa<br \/>\n&#8211; Eficiente: el cabezal ancho elimina m\u00e1s vello comparado con Braun Silk-\u00e9pil 5 en una pasada. La depiladora atrapa el vello corto 0,5 mm que la cera no puede atrapar<br \/>\n&#8211; Depilaci\u00f3n de ra\u00edz suave: gracias a su capuch\u00f3n con rodillo de masaje que ayuda a reducir la sensaci\u00f3n de dolor<br \/>\n&#8211; Suave eliminaci\u00f3n del vello: uso en mojado y en seco. Depilaci\u00f3n suave en la ba\u00f1era o bajo la ducha con menos dolor y m\u00e1s confort<br \/>\n&#8211; Dep\u00edlate con tus propias normas: Las depiladoras Braun atrapan el vello que la cera no puede atrapar, no llevan productos qu\u00edmicos y no requieren esperar a que el vello vuelva a crecer<\/p>\n<\/p><\/div>\n","protected":false},"excerpt":{"rendered":"<p>\ud83d\udfe5 DATE PRISA \ud83d\udfe5 #Publicidad #Amazon #16 \ud83d\udd34 Depiladora Braun \u2705 AHORA 99.99 \u20ac \u2714\ufe0f\ud83d\udfe1 \u274c Antes 154.99 \u20ac \ud83d\uded2: https:\/\/btz.es\/4I5TtvU &#8211; Hasta un mes de piel suave d\u00f3nde y cu\u00e1ndo quieras, desde la comodidad de tu casa &#8211; Eficiente: el cabezal ancho elimina m\u00e1s vello comparado con Braun Silk-\u00e9pil 5 en una pasada. La [&hellip;]<\/p>\n","protected":false},"featured_media":4677,"template":"","meta":{"_gspb_post_css":""},"store":[],"product_brand":[],"product_cat":[16],"product_tag":[],"class_list":{"0":"post-4678","1":"product","2":"type-product","3":"status-publish","4":"has-post-thumbnail","6":"product_cat-sin-categorizar","8":"first","9":"instock","10":"sale","11":"shipping-taxable","12":"product-type-external"},"jetpack_sharing_enabled":true,"_links":{"self":[{"href":"https:\/\/ofertacular.com\/index.php\/wp-json\/wp\/v2\/product\/4678","targetHints":{"allow":["GET"]}}],"collection":[{"href":"https:\/\/ofertacular.com\/index.php\/wp-json\/wp\/v2\/product"}],"about":[{"href":"https:\/\/ofertacular.com\/index.php\/wp-json\/wp\/v2\/types\/product"}],"wp:featuredmedia":[{"embeddable":true,"href":"https:\/\/ofertacular.com\/index.php\/wp-json\/wp\/v2\/media\/4677"}],"wp:attachment":[{"href":"https:\/\/ofertacular.com\/index.php\/wp-json\/wp\/v2\/media?parent=4678"}],"wp:term":[{"taxonomy":"store","embeddable":true,"href":"https:\/\/ofertacular.com\/index.php\/wp-json\/wp\/v2\/store?post=4678"},{"taxonomy":"product_brand","embeddable":true,"href":"https:\/\/ofertacular.com\/index.php\/wp-json\/wp\/v2\/product_brand?post=4678"},{"taxonomy":"product_cat","embeddable":true,"href":"https:\/\/ofertacular.com\/index.php\/wp-json\/wp\/v2\/product_cat?post=4678"},{"taxonomy":"product_tag","embeddable":true,"href":"https:\/\/ofertacular.com\/index.php\/wp-json\/wp\/v2\/product_tag?post=4678"}],"curies":[{"name":"wp","href":"https:\/\/api.w.org\/{rel}","templated":true}]}}