{"id":4682,"date":"2025-04-16T09:30:41","date_gmt":"2025-04-16T07:30:41","guid":{"rendered":"https:\/\/ofertacular.com\/index.php\/producto\/levis-vaqueros-3\/"},"modified":"2025-04-16T09:30:41","modified_gmt":"2025-04-16T07:30:41","slug":"levis-vaqueros-3","status":"publish","type":"product","link":"https:\/\/ofertacular.com\/index.php\/producto\/levis-vaqueros-3\/","title":{"rendered":"Levi&#8217;s Vaqueros"},"content":{"rendered":"<div class=\"oferta-container\">\n<p>\ud83d\udfe5 <b>\u00a1NO TE LA PIERDAS!<\/b> \ud83d\udfe5 #Publicidad #Amazon #16<\/p>\n<p>\ud83d\udd34 <b>Vaqueros Levi&#8217;s <\/b><\/p>\n<p>\u2705 <b>AHORA 44.95 \u20ac<\/b> \u2714\ufe0f\ud83d\udfe1<\/p>\n<p>\u274c Antes 100.00 \u20ac<\/p>\n<p>\ud83d\uded2: <a href=\"https:\/\/btz.es\/4I5Vty9\" target=\"_blank\" rel=\"nofollow noopener\">https:\/\/btz.es\/4I5Vty9<\/a><\/p>\n<p>&#8211; Los jeans estrechos definitivos<br \/>\n&#8211; Estrechos en el trasero y en el muslo pero a\u00fan as\u00ed espaciosos<br \/>\n&#8211; Dise\u00f1ados para ajustarse como si estuvieran hecho solo para ti<br \/>\n&#8211; Con nuestra emblem\u00e1tica costura Arcuate<br \/>\n&#8211; Con un toque de el\u00e1stico para ofrecer comodidad y facilidad de movimiento durante todo el d\u00eda<br \/>\n&#8211; Su dise\u00f1o incorpora la tecnolog\u00eda Cool Performance para refrescarte y evacuar la humedad<\/p>\n<\/p><\/div>\n","protected":false},"excerpt":{"rendered":"<p>\ud83d\udfe5 \u00a1NO TE LA PIERDAS! \ud83d\udfe5 #Publicidad #Amazon #16 \ud83d\udd34 Vaqueros Levi&#8217;s \u2705 AHORA 44.95 \u20ac \u2714\ufe0f\ud83d\udfe1 \u274c Antes 100.00 \u20ac \ud83d\uded2: https:\/\/btz.es\/4I5Vty9 &#8211; Los jeans estrechos definitivos &#8211; Estrechos en el trasero y en el muslo pero a\u00fan as\u00ed espaciosos &#8211; Dise\u00f1ados para ajustarse como si estuvieran hecho solo para ti &#8211; Con nuestra [&hellip;]<\/p>\n","protected":false},"featured_media":4681,"template":"","meta":{"_gspb_post_css":""},"store":[],"product_brand":[],"product_cat":[16],"product_tag":[],"class_list":{"0":"post-4682","1":"product","2":"type-product","3":"status-publish","4":"has-post-thumbnail","6":"product_cat-sin-categorizar","8":"first","9":"instock","10":"sale","11":"shipping-taxable","12":"product-type-external"},"jetpack_sharing_enabled":true,"_links":{"self":[{"href":"https:\/\/ofertacular.com\/index.php\/wp-json\/wp\/v2\/product\/4682","targetHints":{"allow":["GET"]}}],"collection":[{"href":"https:\/\/ofertacular.com\/index.php\/wp-json\/wp\/v2\/product"}],"about":[{"href":"https:\/\/ofertacular.com\/index.php\/wp-json\/wp\/v2\/types\/product"}],"wp:featuredmedia":[{"embeddable":true,"href":"https:\/\/ofertacular.com\/index.php\/wp-json\/wp\/v2\/media\/4681"}],"wp:attachment":[{"href":"https:\/\/ofertacular.com\/index.php\/wp-json\/wp\/v2\/media?parent=4682"}],"wp:term":[{"taxonomy":"store","embeddable":true,"href":"https:\/\/ofertacular.com\/index.php\/wp-json\/wp\/v2\/store?post=4682"},{"taxonomy":"product_brand","embeddable":true,"href":"https:\/\/ofertacular.com\/index.php\/wp-json\/wp\/v2\/product_brand?post=4682"},{"taxonomy":"product_cat","embeddable":true,"href":"https:\/\/ofertacular.com\/index.php\/wp-json\/wp\/v2\/product_cat?post=4682"},{"taxonomy":"product_tag","embeddable":true,"href":"https:\/\/ofertacular.com\/index.php\/wp-json\/wp\/v2\/product_tag?post=4682"}],"curies":[{"name":"wp","href":"https:\/\/api.w.org\/{rel}","templated":true}]}}