{"id":4686,"date":"2025-04-16T09:41:44","date_gmt":"2025-04-16T07:41:44","guid":{"rendered":"https:\/\/ofertacular.com\/index.php\/producto\/braun-recortadora-3\/"},"modified":"2025-04-16T09:41:44","modified_gmt":"2025-04-16T07:41:44","slug":"braun-recortadora-3","status":"publish","type":"product","link":"https:\/\/ofertacular.com\/index.php\/producto\/braun-recortadora-3\/","title":{"rendered":"Braun Recortadora"},"content":{"rendered":"<div class=\"oferta-container\">\n<p>\ud83d\udfe5 <b>EXCLUSIVO<\/b> \ud83d\udfe5 #Publicidad #Amazon #16<\/p>\n<p>\ud83d\udd34 <b>Recortadora Braun <\/b><\/p>\n<p>\u2705 <b>AHORA 29.99 \u20ac<\/b> \u2714\ufe0f\ud83d\udfe1<\/p>\n<p>\u274c Antes 39.99 \u20ac<\/p>\n<p>\ud83d\uded2: <a href=\"https:\/\/btz.es\/4I5Yf7z\" target=\"_blank\" rel=\"nofollow noopener\">https:\/\/btz.es\/4I5Yf7z<\/a><\/p>\n<p>&#8211; Corte f\u00e1cil y preciso: La recortadora de barba Braun, Series 3, ofrece un control sin esfuerzo en la punta de tus dedos<br \/>\n&#8211; Grandes resultados en cada pasada: La l\u00e1mina de corte ultra afilada te ayuda a atrapar incluso los pelos m\u00e1s dif\u00edciles y recortar tu barba de manera uniforme y eficiente<br \/>\n&#8211; Controla tu estilo sin esfuerzo: Mantente en total control durante cada recorte gracias al dial PrecisionWheel y sus 40 ajustes de longitud en intervalos precisos de 0.5 mm<br \/>\n&#8211; Herramientas de styling de gran calidad: Recorta, perfila y detalla con herramientas de styling dise\u00f1adas para lograr l\u00edneas perfiladas y acabados uniformes<br \/>\n&#8211; Lista para usar: Recortadora para hombres con 50 minutos de autonom\u00eda inal\u00e1mbrica<\/p>\n<\/p><\/div>\n","protected":false},"excerpt":{"rendered":"<p>\ud83d\udfe5 EXCLUSIVO \ud83d\udfe5 #Publicidad #Amazon #16 \ud83d\udd34 Recortadora Braun \u2705 AHORA 29.99 \u20ac \u2714\ufe0f\ud83d\udfe1 \u274c Antes 39.99 \u20ac \ud83d\uded2: https:\/\/btz.es\/4I5Yf7z &#8211; Corte f\u00e1cil y preciso: La recortadora de barba Braun, Series 3, ofrece un control sin esfuerzo en la punta de tus dedos &#8211; Grandes resultados en cada pasada: La l\u00e1mina de corte ultra afilada [&hellip;]<\/p>\n","protected":false},"featured_media":4685,"template":"","meta":{"_gspb_post_css":""},"store":[],"product_brand":[],"product_cat":[16],"product_tag":[],"class_list":{"0":"post-4686","1":"product","2":"type-product","3":"status-publish","4":"has-post-thumbnail","6":"product_cat-sin-categorizar","8":"first","9":"instock","10":"sale","11":"shipping-taxable","12":"product-type-external"},"jetpack_sharing_enabled":true,"_links":{"self":[{"href":"https:\/\/ofertacular.com\/index.php\/wp-json\/wp\/v2\/product\/4686","targetHints":{"allow":["GET"]}}],"collection":[{"href":"https:\/\/ofertacular.com\/index.php\/wp-json\/wp\/v2\/product"}],"about":[{"href":"https:\/\/ofertacular.com\/index.php\/wp-json\/wp\/v2\/types\/product"}],"wp:featuredmedia":[{"embeddable":true,"href":"https:\/\/ofertacular.com\/index.php\/wp-json\/wp\/v2\/media\/4685"}],"wp:attachment":[{"href":"https:\/\/ofertacular.com\/index.php\/wp-json\/wp\/v2\/media?parent=4686"}],"wp:term":[{"taxonomy":"store","embeddable":true,"href":"https:\/\/ofertacular.com\/index.php\/wp-json\/wp\/v2\/store?post=4686"},{"taxonomy":"product_brand","embeddable":true,"href":"https:\/\/ofertacular.com\/index.php\/wp-json\/wp\/v2\/product_brand?post=4686"},{"taxonomy":"product_cat","embeddable":true,"href":"https:\/\/ofertacular.com\/index.php\/wp-json\/wp\/v2\/product_cat?post=4686"},{"taxonomy":"product_tag","embeddable":true,"href":"https:\/\/ofertacular.com\/index.php\/wp-json\/wp\/v2\/product_tag?post=4686"}],"curies":[{"name":"wp","href":"https:\/\/api.w.org\/{rel}","templated":true}]}}