{"id":4690,"date":"2025-04-17T09:47:22","date_gmt":"2025-04-17T07:47:22","guid":{"rendered":"https:\/\/ofertacular.com\/index.php\/producto\/candy-lavavajillas\/"},"modified":"2025-04-17T09:47:22","modified_gmt":"2025-04-17T07:47:22","slug":"candy-lavavajillas","status":"publish","type":"product","link":"https:\/\/ofertacular.com\/index.php\/producto\/candy-lavavajillas\/","title":{"rendered":"Candy Lavavajillas"},"content":{"rendered":"<div class=\"oferta-container\">\n<p>\ud83d\udfe5 <b>SUPER OFERTA<\/b> \ud83d\udfe5 #Publicidad #Amazon #16<\/p>\n<p>\ud83d\udd34 <b>Lavavajillas Candy <\/b><\/p>\n<p>\u2705 <b>AHORA 288.15 \u20ac<\/b> \u2714\ufe0f\ud83d\udfe1<\/p>\n<p>\u274c Antes <\/p>\n<p>\ud83d\uded2: <a href=\"https:\/\/btz.es\/4IBQaQJ\" target=\"_blank\" rel=\"nofollow noopener\">https:\/\/btz.es\/4IBQaQJ<\/a><\/p>\n<p>&#8211; Espacio optimizado con 13 servicios: Disfruta de la innovadora cuba MaxiTub, que ofrece un 11% m\u00e1s de capacidad, permitiendo lavar utensilios grandes como bandejas de horno y tablas de cortar de manera eficiente y sin esfuerzo.<br \/>\n&#8211; Inteligencia artificial y funci\u00f3n Snap&amp;Wash: Gracias a la app WiFi hOn, el lavavajillas detecta autom\u00e1ticamente la cantidad y tipo de carga, sugiriendo el ciclo de lavado \u00f3ptimo para ahorrar tiempo, agua y energ\u00eda sin comprometer la limpieza.<br \/>\n&#8211; Lavado r\u00e1pido y eficiente: Incluye 8 programas, destacando el ciclo Wash&amp;Dry de 35 minutos, dise\u00f1ado para lavar y secar una carga diaria en tiempo r\u00e9cord, asegurando platos y utensilios listos para su uso en menos de una hora.<br \/>\n&#8211; Motor Inverter y secado autom\u00e1tico Eco: Equipado con el potente Speed-Drive Inverter, ofrece un lavado silencioso y eficiente, reduciendo el consumo de energ\u00eda. Adem\u00e1s, la puerta se abre autom\u00e1ticamente en el programa Eco, facilitando un secado natural y sostenible.<br \/>\n&#8211; Dimensiones y dise\u00f1o funcional: Sus medidas de 85 cm alto x 59,7 cm ancho x 59,8 cm profundidad, junto con su Smart Basket con altura ajustable, permiten cargar la vajilla de forma m\u00e1s flexible y adaptarse a diferentes necesidades.<\/p>\n<\/p><\/div>\n","protected":false},"excerpt":{"rendered":"<p>\ud83d\udfe5 SUPER OFERTA \ud83d\udfe5 #Publicidad #Amazon #16 \ud83d\udd34 Lavavajillas Candy \u2705 AHORA 288.15 \u20ac \u2714\ufe0f\ud83d\udfe1 \u274c Antes \ud83d\uded2: https:\/\/btz.es\/4IBQaQJ &#8211; Espacio optimizado con 13 servicios: Disfruta de la innovadora cuba MaxiTub, que ofrece un 11% m\u00e1s de capacidad, permitiendo lavar utensilios grandes como bandejas de horno y tablas de cortar de manera eficiente y sin [&hellip;]<\/p>\n","protected":false},"featured_media":4689,"template":"","meta":{"_gspb_post_css":""},"store":[],"product_brand":[],"product_cat":[16],"product_tag":[],"class_list":{"0":"post-4690","1":"product","2":"type-product","3":"status-publish","4":"has-post-thumbnail","6":"product_cat-sin-categorizar","8":"first","9":"instock","10":"shipping-taxable","11":"product-type-external"},"jetpack_sharing_enabled":true,"_links":{"self":[{"href":"https:\/\/ofertacular.com\/index.php\/wp-json\/wp\/v2\/product\/4690","targetHints":{"allow":["GET"]}}],"collection":[{"href":"https:\/\/ofertacular.com\/index.php\/wp-json\/wp\/v2\/product"}],"about":[{"href":"https:\/\/ofertacular.com\/index.php\/wp-json\/wp\/v2\/types\/product"}],"wp:featuredmedia":[{"embeddable":true,"href":"https:\/\/ofertacular.com\/index.php\/wp-json\/wp\/v2\/media\/4689"}],"wp:attachment":[{"href":"https:\/\/ofertacular.com\/index.php\/wp-json\/wp\/v2\/media?parent=4690"}],"wp:term":[{"taxonomy":"store","embeddable":true,"href":"https:\/\/ofertacular.com\/index.php\/wp-json\/wp\/v2\/store?post=4690"},{"taxonomy":"product_brand","embeddable":true,"href":"https:\/\/ofertacular.com\/index.php\/wp-json\/wp\/v2\/product_brand?post=4690"},{"taxonomy":"product_cat","embeddable":true,"href":"https:\/\/ofertacular.com\/index.php\/wp-json\/wp\/v2\/product_cat?post=4690"},{"taxonomy":"product_tag","embeddable":true,"href":"https:\/\/ofertacular.com\/index.php\/wp-json\/wp\/v2\/product_tag?post=4690"}],"curies":[{"name":"wp","href":"https:\/\/api.w.org\/{rel}","templated":true}]}}