{"id":4704,"date":"2025-04-18T07:44:18","date_gmt":"2025-04-18T05:44:18","guid":{"rendered":"https:\/\/ofertacular.com\/index.php\/producto\/osmo-action\/"},"modified":"2025-04-18T07:44:18","modified_gmt":"2025-04-18T05:44:18","slug":"osmo-action","status":"publish","type":"product","link":"https:\/\/ofertacular.com\/index.php\/producto\/osmo-action\/","title":{"rendered":"Osmo Action"},"content":{"rendered":"<div class=\"oferta-container\">\n<p>\ud83d\udfe5 <b>UNA GANGA<\/b> \ud83d\udfe5 #Publicidad #Amazon #16<\/p>\n<p>\ud83d\udd34 <b>C\u00e1mara deportiva <\/b><\/p>\n<p>\u2705 <b>AHORA 199 \u20ac<\/b> \u2714\ufe0f\ud83d\udfe1<\/p>\n<p>\u274c Antes 329.00 \u20ac<\/p>\n<p>\ud83d\uded2: <a href=\"https:\/\/btz.es\/4IHl9Qr\" target=\"_blank\" rel=\"nofollow noopener\">https:\/\/btz.es\/4IHl9Qr<\/a><\/p>\n<p>&#8211; Sensor de 1\/1.3 pulgadas y gran rendimiento con poca luz &#8211; Un mayor sensor supone mejor calidad de imagen, lo que hace que el v\u00eddeo de tu c\u00e1mara de acci\u00f3n 4K sea fant\u00e1stico, sin importar cu\u00e1ndo o d\u00f3nde grabes. Supresi\u00f3n eficaz del ruido de la imagen en entornos con poca luz.<br \/>\n&#8211; Color de 10 bits y D-Log M &#8211; Facilita la posedici\u00f3n y evita perder claridad y detalles. Hace que la gradaci\u00f3n del color y la posproducci\u00f3n sean a\u00fan m\u00e1s f\u00e1ciles al editar los v\u00eddeos de tu c\u00e1mara de acci\u00f3n 4K.<br \/>\n&#8211; Resistente al fr\u00edo extremo y con gran autonom\u00eda &#8211; Usa la c\u00e1mara durante m\u00e1s tiempo en entornos extremos. Resistente al fr\u00edo hasta \u221220 \u00b0C. F\u00e1cil de usar. Graba hasta 150 minutos con fr\u00edo. 2.5 horas con distintas configuraciones.<br \/>\n&#8211; 4K\/120 fps y campo de visi\u00f3n ultraamplio de 155\u00ba &#8211; Ayuda a garantizar una alta resoluci\u00f3n en un campo de visi\u00f3n expansivo para v\u00eddeos con c\u00e1mara 4K de deportes, que te sumergen para que experimentes la perspectiva en primera persona. N\u00edtidos v\u00eddeos a c\u00e1mara lenta de actividades deportivas.<br \/>\n&#8211; Liberaci\u00f3n r\u00e1pida magn\u00e9tica y v\u00eddeo vertical nativo &#8211; Facilita cambiar la posici\u00f3n de la c\u00e1mara para grabar con otra perspectiva. Ayuda a lograr contenidos optimizados para las redes sociales y v\u00eddeos deportivos con c\u00e1mara de acci\u00f3n listos para compartir.<br \/>\n&#8211; HorizonSteady en 360\u00ba &#8211; Una potente funci\u00f3n de estabilizaci\u00f3n que mantiene la imagen estable, incluso al girar 360\u00ba. C\u00e1mara de acci\u00f3n con 3 modos de estabilizaci\u00f3n para garantizar v\u00eddeos fluidos, incluso en las situaciones m\u00e1s extremas.<br \/>\n&#8211; Incluye DJI Osmo Action 4, 1 bater\u00eda, 1 soporte adaptador de liberaci\u00f3n r\u00e1pida y mucho m\u00e1s. Este pack es una gran opci\u00f3n para quienes usan por primera vez una c\u00e1mara de acci\u00f3n y quieren grabar v\u00eddeos en 4K.<br \/>\n&#8211; Nueva mejora &#8211; Pregrabaci\u00f3n te permite capturar v\u00eddeos desde 5\/10\/15\/30\/60 s antes de pulsar el obturador\/bot\u00f3n de grabaci\u00f3n. Perfecta para aficionados a la pesca. Adem\u00e1s, ahora incorpora Mejores momentos.<\/p>\n<\/p><\/div>\n","protected":false},"excerpt":{"rendered":"<p>\ud83d\udfe5 UNA GANGA \ud83d\udfe5 #Publicidad #Amazon #16 \ud83d\udd34 C\u00e1mara deportiva \u2705 AHORA 199 \u20ac \u2714\ufe0f\ud83d\udfe1 \u274c Antes 329.00 \u20ac \ud83d\uded2: https:\/\/btz.es\/4IHl9Qr &#8211; Sensor de 1\/1.3 pulgadas y gran rendimiento con poca luz &#8211; Un mayor sensor supone mejor calidad de imagen, lo que hace que el v\u00eddeo de tu c\u00e1mara de acci\u00f3n 4K sea fant\u00e1stico, [&hellip;]<\/p>\n","protected":false},"featured_media":4703,"template":"","meta":{"_gspb_post_css":""},"store":[],"product_brand":[],"product_cat":[16],"product_tag":[],"class_list":{"0":"post-4704","1":"product","2":"type-product","3":"status-publish","4":"has-post-thumbnail","6":"product_cat-sin-categorizar","8":"first","9":"instock","10":"sale","11":"shipping-taxable","12":"product-type-external"},"jetpack_sharing_enabled":true,"_links":{"self":[{"href":"https:\/\/ofertacular.com\/index.php\/wp-json\/wp\/v2\/product\/4704","targetHints":{"allow":["GET"]}}],"collection":[{"href":"https:\/\/ofertacular.com\/index.php\/wp-json\/wp\/v2\/product"}],"about":[{"href":"https:\/\/ofertacular.com\/index.php\/wp-json\/wp\/v2\/types\/product"}],"wp:featuredmedia":[{"embeddable":true,"href":"https:\/\/ofertacular.com\/index.php\/wp-json\/wp\/v2\/media\/4703"}],"wp:attachment":[{"href":"https:\/\/ofertacular.com\/index.php\/wp-json\/wp\/v2\/media?parent=4704"}],"wp:term":[{"taxonomy":"store","embeddable":true,"href":"https:\/\/ofertacular.com\/index.php\/wp-json\/wp\/v2\/store?post=4704"},{"taxonomy":"product_brand","embeddable":true,"href":"https:\/\/ofertacular.com\/index.php\/wp-json\/wp\/v2\/product_brand?post=4704"},{"taxonomy":"product_cat","embeddable":true,"href":"https:\/\/ofertacular.com\/index.php\/wp-json\/wp\/v2\/product_cat?post=4704"},{"taxonomy":"product_tag","embeddable":true,"href":"https:\/\/ofertacular.com\/index.php\/wp-json\/wp\/v2\/product_tag?post=4704"}],"curies":[{"name":"wp","href":"https:\/\/api.w.org\/{rel}","templated":true}]}}