{"id":4706,"date":"2025-04-18T07:49:54","date_gmt":"2025-04-18T05:49:54","guid":{"rendered":"https:\/\/ofertacular.com\/index.php\/producto\/flor-sevilla\/"},"modified":"2025-04-18T07:49:54","modified_gmt":"2025-04-18T05:49:54","slug":"flor-sevilla","status":"publish","type":"product","link":"https:\/\/ofertacular.com\/index.php\/producto\/flor-sevilla\/","title":{"rendered":"Flor Sevilla"},"content":{"rendered":"<div class=\"oferta-container\">\n<p>\ud83d\udfe5 <b>\u00a1DESCUENTO \u00daNICO!<\/b> \ud83d\udfe5 #Publicidad #Amazon #16<\/p>\n<p>\ud83d\udd34 <b>Flor Sevilla <\/b><\/p>\n<p>\u2705 <b>AHORA 10.93 \u20ac<\/b> \u2714\ufe0f\ud83d\udfe1<\/p>\n<p>\u274c Antes 11.99 \u20ac<\/p>\n<p>\ud83d\uded2: <a href=\"https:\/\/btz.es\/4IHmZqT\" target=\"_blank\" rel=\"nofollow noopener\">https:\/\/btz.es\/4IHmZqT<\/a><\/p>\n<p>&#8211; La receta de la inconfundible ginebra Tanqueray London Dry Gin se remonta a 1830, cuando Charles Tanqueray cre\u00f3 el equilibrio adecuado entre cuatro bot\u00e1nicos: el enebro refrescante, la ang\u00e9lica arom\u00e1tica, el cilantro picante y el regaliz dulce; es la s\u00edntesis de ingenio, tradici\u00f3n y dedicaci\u00f3n<br \/>\n&#8211; Tanqueray Flor de Sevilla se elabora con naranjas de Sevilla y flores de azahar, adem\u00e1s de los cuatro bot\u00e1nicos de nuestra ginebra London Dry<br \/>\n&#8211; Tanqueray Flor de Sevilla es ganadora de plata y bronce en la San Francisco World Spirits Competiton en 2019 y 2020 respectivamente<br \/>\n&#8211; Una ginebra elaborada con naranjas de Sevilla y flores de azahar con un sabor c\u00edtrico, afrutado y chispeante<br \/>\n&#8211; Aprecia el delicioso aroma a c\u00edtircos y piel de naranja, y saborea las notas equilibradas de enebro, naranja, vainilla y especias<br \/>\n&#8211; Adecuada para disfrutar en un gin-tonic con t\u00f3nica de lujo, mucho hielo y una rodaja de naranja exprimida sobre la mezcla y usada como aderezo<br \/>\n&#8211; Graduaci\u00f3n alcoh\u00f3lica: 41,3 %<\/p>\n<\/p><\/div>\n","protected":false},"excerpt":{"rendered":"<p>\ud83d\udfe5 \u00a1DESCUENTO \u00daNICO! \ud83d\udfe5 #Publicidad #Amazon #16 \ud83d\udd34 Flor Sevilla \u2705 AHORA 10.93 \u20ac \u2714\ufe0f\ud83d\udfe1 \u274c Antes 11.99 \u20ac \ud83d\uded2: https:\/\/btz.es\/4IHmZqT &#8211; La receta de la inconfundible ginebra Tanqueray London Dry Gin se remonta a 1830, cuando Charles Tanqueray cre\u00f3 el equilibrio adecuado entre cuatro bot\u00e1nicos: el enebro refrescante, la ang\u00e9lica arom\u00e1tica, el cilantro picante [&hellip;]<\/p>\n","protected":false},"featured_media":4705,"template":"","meta":{"_gspb_post_css":""},"store":[],"product_brand":[],"product_cat":[16],"product_tag":[],"class_list":{"0":"post-4706","1":"product","2":"type-product","3":"status-publish","4":"has-post-thumbnail","6":"product_cat-sin-categorizar","8":"first","9":"instock","10":"sale","11":"shipping-taxable","12":"product-type-external"},"jetpack_sharing_enabled":true,"_links":{"self":[{"href":"https:\/\/ofertacular.com\/index.php\/wp-json\/wp\/v2\/product\/4706","targetHints":{"allow":["GET"]}}],"collection":[{"href":"https:\/\/ofertacular.com\/index.php\/wp-json\/wp\/v2\/product"}],"about":[{"href":"https:\/\/ofertacular.com\/index.php\/wp-json\/wp\/v2\/types\/product"}],"wp:featuredmedia":[{"embeddable":true,"href":"https:\/\/ofertacular.com\/index.php\/wp-json\/wp\/v2\/media\/4705"}],"wp:attachment":[{"href":"https:\/\/ofertacular.com\/index.php\/wp-json\/wp\/v2\/media?parent=4706"}],"wp:term":[{"taxonomy":"store","embeddable":true,"href":"https:\/\/ofertacular.com\/index.php\/wp-json\/wp\/v2\/store?post=4706"},{"taxonomy":"product_brand","embeddable":true,"href":"https:\/\/ofertacular.com\/index.php\/wp-json\/wp\/v2\/product_brand?post=4706"},{"taxonomy":"product_cat","embeddable":true,"href":"https:\/\/ofertacular.com\/index.php\/wp-json\/wp\/v2\/product_cat?post=4706"},{"taxonomy":"product_tag","embeddable":true,"href":"https:\/\/ofertacular.com\/index.php\/wp-json\/wp\/v2\/product_tag?post=4706"}],"curies":[{"name":"wp","href":"https:\/\/api.w.org\/{rel}","templated":true}]}}