{"id":4710,"date":"2025-04-18T07:52:20","date_gmt":"2025-04-18T05:52:20","guid":{"rendered":"https:\/\/ofertacular.com\/index.php\/producto\/lego-racing\/"},"modified":"2025-04-18T07:52:20","modified_gmt":"2025-04-18T05:52:20","slug":"lego-racing","status":"publish","type":"product","link":"https:\/\/ofertacular.com\/index.php\/producto\/lego-racing\/","title":{"rendered":"LEGO Racing"},"content":{"rendered":"<div class=\"oferta-container\">\n<p>\ud83d\udfe5 <b>SUPER OFERTA<\/b> \ud83d\udfe5 #Publicidad #Amazon #16<\/p>\n<p>\ud83d\udd34 <b>LEGO Racing <\/b><\/p>\n<p>\u2705 <b>AHORA 7.49 \u20ac<\/b> \u2714\ufe0f\ud83d\udfe1<\/p>\n<p>\u274c Antes 9.99 \u20ac<\/p>\n<p>\ud83d\uded2: <a href=\"https:\/\/btz.es\/4IHnBjg\" target=\"_blank\" rel=\"nofollow noopener\">https:\/\/btz.es\/4IHnBjg<\/a><\/p>\n<p>&#8211; Coches de carreras de juguete: Recompensa a tu joven fan de las carreras con el set LEGO City Pack de Coches de Carreras: Avi\u00f3n vs. Cama de Hospital de juguete para ni\u00f1os y ni\u00f1as a partir de 5 a\u00f1os<br \/>\n&#8211; \u00bfQu\u00e9 contiene la caja? Todo lo que los peques necesitan para construir autos locos con forma de avi\u00f3n de juguete y cama de hospital, conducidos por las minifiguras LEGO de una piloto y un paciente<br \/>\n&#8211; Juego de carreras con coches LEGO: Los ni\u00f1os pueden colocar las minifiguras de los conductores en los habit\u00e1culos de los coches de carreras de juguete para dar rienda suelta a un universo de emocionantes competiciones e imaginativas historias<br \/>\n&#8211; \u00bfBuscas un regalo divertido para un ni\u00f1o o una ni\u00f1a de 5 a\u00f1os o m\u00e1s? Sorprende a tu fan de las carreras de coches de juguete regal\u00e1ndole este set en cualquier ocasi\u00f3n especial o solo porque s\u00ed<br \/>\n&#8211; Un divertido set de carreras con gu\u00eda interactiva: Los peques pueden explorar y guardar sets virtuales, acercar y girar versiones 3D de sus modelos y continuar construyendo desde donde lo dejaron con la intuitiva app LEGO Builder<\/p>\n<\/p><\/div>\n","protected":false},"excerpt":{"rendered":"<p>\ud83d\udfe5 SUPER OFERTA \ud83d\udfe5 #Publicidad #Amazon #16 \ud83d\udd34 LEGO Racing \u2705 AHORA 7.49 \u20ac \u2714\ufe0f\ud83d\udfe1 \u274c Antes 9.99 \u20ac \ud83d\uded2: https:\/\/btz.es\/4IHnBjg &#8211; Coches de carreras de juguete: Recompensa a tu joven fan de las carreras con el set LEGO City Pack de Coches de Carreras: Avi\u00f3n vs. Cama de Hospital de juguete para ni\u00f1os y [&hellip;]<\/p>\n","protected":false},"featured_media":4709,"template":"","meta":{"_gspb_post_css":""},"store":[],"product_brand":[],"product_cat":[16],"product_tag":[],"class_list":{"0":"post-4710","1":"product","2":"type-product","3":"status-publish","4":"has-post-thumbnail","6":"product_cat-sin-categorizar","8":"first","9":"instock","10":"sale","11":"shipping-taxable","12":"product-type-external"},"jetpack_sharing_enabled":true,"_links":{"self":[{"href":"https:\/\/ofertacular.com\/index.php\/wp-json\/wp\/v2\/product\/4710","targetHints":{"allow":["GET"]}}],"collection":[{"href":"https:\/\/ofertacular.com\/index.php\/wp-json\/wp\/v2\/product"}],"about":[{"href":"https:\/\/ofertacular.com\/index.php\/wp-json\/wp\/v2\/types\/product"}],"wp:featuredmedia":[{"embeddable":true,"href":"https:\/\/ofertacular.com\/index.php\/wp-json\/wp\/v2\/media\/4709"}],"wp:attachment":[{"href":"https:\/\/ofertacular.com\/index.php\/wp-json\/wp\/v2\/media?parent=4710"}],"wp:term":[{"taxonomy":"store","embeddable":true,"href":"https:\/\/ofertacular.com\/index.php\/wp-json\/wp\/v2\/store?post=4710"},{"taxonomy":"product_brand","embeddable":true,"href":"https:\/\/ofertacular.com\/index.php\/wp-json\/wp\/v2\/product_brand?post=4710"},{"taxonomy":"product_cat","embeddable":true,"href":"https:\/\/ofertacular.com\/index.php\/wp-json\/wp\/v2\/product_cat?post=4710"},{"taxonomy":"product_tag","embeddable":true,"href":"https:\/\/ofertacular.com\/index.php\/wp-json\/wp\/v2\/product_tag?post=4710"}],"curies":[{"name":"wp","href":"https:\/\/api.w.org\/{rel}","templated":true}]}}