{"id":4718,"date":"2025-04-18T09:13:40","date_gmt":"2025-04-18T07:13:40","guid":{"rendered":"https:\/\/ofertacular.com\/index.php\/producto\/vaquilla-maria\/"},"modified":"2025-04-18T09:13:40","modified_gmt":"2025-04-18T07:13:40","slug":"vaquilla-maria","status":"publish","type":"product","link":"https:\/\/ofertacular.com\/index.php\/producto\/vaquilla-maria\/","title":{"rendered":"Vaquilla Mar\u00eda"},"content":{"rendered":"<div class=\"oferta-container\">\ud83d\udfea <b>FUNKO OFERTA<\/b> \ud83d\udfea #Publicidad #Amazon\ud83d\udfe3 <b> Funko POP! Vaquilla Mar\u00eda Vinyl<\/b> \u2705 <b>AHORA 10.49 \u20ac<\/b> \u2714\ufe0f\ud83d\udfe1\u274c Antes 14.95 \u20ac \u20ac \ud83d\uded2: https:\/\/btz.es\/4IH8eLw\ud83d\udfe2 Ofertacular.com<\/p>\n<p>&#8211; Esta figura de vinilo es una reproducci\u00f3n fiel del ic\u00f3nico personaje de la televisi\u00f3n, la vaquilla Mar\u00eda Fernanda, del legendario programa Grand Prix. Con una altura de 15 cm, es el tama\u00f1o ideal para exhibir en cualquier lugar de la casa, desde estanter\u00edas hasta escritorios.<br \/>\n&#8211; Cada detalle de esta figura ha sido meticulosamente recreado para capturar la esencia y el encanto del personaje original de Grand Prix. Desde su atuendo hasta su expresi\u00f3n facial, esta figura refleja fielmente la imagen querida por los fan\u00e1ticos del programa.<br \/>\n&#8211; Ya sea para cumplea\u00f1os, fiestas u ocasiones especiales, la figura de la vaquilla Mar\u00eda Fernanda es el regalo ideal para los fan\u00e1ticos ac\u00e9rrimos del programa Grand Prix. Su autenticidad y su conexi\u00f3n emocional con el programa la convierten en un regalo memorable y apreciado.<br \/>\n&#8211; Esta figura es un producto oficial de Grand Prix, lo que aumenta su calidad y autenticidad. Como parte del merchandising oficial del programa, es un art\u00edculo coleccionable y valioso para los seguidores del Grand Prix.<br \/>\n&#8211; La vaquilla Mar\u00eda Fernanda es un verdadero \u00edcono del programa Grand Prix, recordado con cari\u00f1o por generaciones de espectadores. Esta figura de vinilo rinde homenaje a su legado y su impacto en la cultura televisiva, ofreciendo a los fans la oportunidad de poseer una pieza del entretenimiento.<\/p>\n<\/div>\n","protected":false},"excerpt":{"rendered":"<p>\ud83d\udfea FUNKO OFERTA \ud83d\udfea #Publicidad #Amazon\ud83d\udfe3 Funko POP! Vaquilla Mar\u00eda Vinyl \u2705 AHORA 10.49 \u20ac \u2714\ufe0f\ud83d\udfe1\u274c Antes 14.95 \u20ac \u20ac \ud83d\uded2: https:\/\/btz.es\/4IH8eLw\ud83d\udfe2 Ofertacular.com &#8211; Esta figura de vinilo es una reproducci\u00f3n fiel del ic\u00f3nico personaje de la televisi\u00f3n, la vaquilla Mar\u00eda Fernanda, del legendario programa Grand Prix. Con una altura de 15 cm, es el [&hellip;]<\/p>\n","protected":false},"featured_media":4717,"template":"","meta":{"_gspb_post_css":""},"store":[],"product_brand":[],"product_cat":[16],"product_tag":[],"class_list":{"0":"post-4718","1":"product","2":"type-product","3":"status-publish","4":"has-post-thumbnail","6":"product_cat-sin-categorizar","8":"first","9":"instock","10":"sale","11":"shipping-taxable","12":"product-type-external"},"jetpack_sharing_enabled":true,"_links":{"self":[{"href":"https:\/\/ofertacular.com\/index.php\/wp-json\/wp\/v2\/product\/4718","targetHints":{"allow":["GET"]}}],"collection":[{"href":"https:\/\/ofertacular.com\/index.php\/wp-json\/wp\/v2\/product"}],"about":[{"href":"https:\/\/ofertacular.com\/index.php\/wp-json\/wp\/v2\/types\/product"}],"wp:featuredmedia":[{"embeddable":true,"href":"https:\/\/ofertacular.com\/index.php\/wp-json\/wp\/v2\/media\/4717"}],"wp:attachment":[{"href":"https:\/\/ofertacular.com\/index.php\/wp-json\/wp\/v2\/media?parent=4718"}],"wp:term":[{"taxonomy":"store","embeddable":true,"href":"https:\/\/ofertacular.com\/index.php\/wp-json\/wp\/v2\/store?post=4718"},{"taxonomy":"product_brand","embeddable":true,"href":"https:\/\/ofertacular.com\/index.php\/wp-json\/wp\/v2\/product_brand?post=4718"},{"taxonomy":"product_cat","embeddable":true,"href":"https:\/\/ofertacular.com\/index.php\/wp-json\/wp\/v2\/product_cat?post=4718"},{"taxonomy":"product_tag","embeddable":true,"href":"https:\/\/ofertacular.com\/index.php\/wp-json\/wp\/v2\/product_tag?post=4718"}],"curies":[{"name":"wp","href":"https:\/\/api.w.org\/{rel}","templated":true}]}}