{"id":4720,"date":"2025-04-18T09:18:04","date_gmt":"2025-04-18T07:18:04","guid":{"rendered":"https:\/\/ofertacular.com\/index.php\/producto\/leonie-plus\/"},"modified":"2025-04-18T09:18:04","modified_gmt":"2025-04-18T07:18:04","slug":"leonie-plus","status":"publish","type":"product","link":"https:\/\/ofertacular.com\/index.php\/producto\/leonie-plus\/","title":{"rendered":"Leonie Plus"},"content":{"rendered":"<div class=\"oferta-container\">\n<p>\ud83d\udfe5 <b>INCRE\u00cdBLE<\/b> \ud83d\udfe5 #Publicidad #Amazon #16<\/p>\n<p>\ud83d\udd34 <b>Ropa Plus <\/b><\/p>\n<p>\u2705 <b>AHORA 134.99 \u20ac<\/b> \u2714\ufe0f\ud83d\udfe1<\/p>\n<p>\u274c Antes 139.99 \u20ac<\/p>\n<p>\ud83d\uded2: <a href=\"https:\/\/btz.es\/4IH9lgJ\" target=\"_blank\" rel=\"nofollow noopener\">https:\/\/btz.es\/4IH9lgJ<\/a><\/p>\n<p>&#8211; CO SLEEPING: dormir junto a los ni\u00f1os les proporciona una sensaci\u00f3n de seguridad y les permite crear un fuerte v\u00ednculo. Es una gran comodidad especialmente para una madre lactante. Gracias al ajuste de altura de 6 posiciones, la cama infantil Leonie Plus puede ajustarse a la mayor\u00eda de las camas<br \/>\n&#8211; LEONIE PLUS 3 en 1: La cama se puede adaptar a las necesidades. Gracias al panel lateral m\u00f3vil, puede utilizarse como cama supletoria o, una vez elevada, como cama independiente. Adem\u00e1s, la cama se puede convertir f\u00e1cilmente en una cuna con funci\u00f3n de bloqueo. La cama est\u00e1 dise\u00f1ada para un peso de 9 kg o para cuando el ni\u00f1o empiece a sentarse de forma independiente<br \/>\n&#8211; COLCH\u00d3N INNOVADOR: en la cama Leonie Plus se utiliza un nuevo colch\u00f3n de espuma de poliuretano T25 de 2 cm de grosor para un correcto apoyo de la columna vertebral. El material es resistente a la deformaci\u00f3n, asegurando as\u00ed un soporte adecuado para la posici\u00f3n de descanso del beb\u00e9 y el aislamiento t\u00e9rmico<br \/>\n&#8211; SEGURIDAD: las correas de fijaci\u00f3n permiten un montaje seguro y estable de la cuna LEONIE PLUS con la cama de los padres. El ajuste del \u00e1ngulo del colch\u00f3n en 2 niveles le proporciona seguridad y un sue\u00f1o tranquilo al ni\u00f1o. La construcci\u00f3n de aluminio aporta estabilidad y protege al ni\u00f1o del fr\u00edo del suelo<br \/>\n&#8211; SOLUCIONES PR\u00c1CTICAS: 4 ruedas de PU engomadas con freno integrado permiten desplazar la cama libre y silenciosamente sin rayar el suelo. Las grandes inserciones de malla aseguran una buena ventilaci\u00f3n y la observaci\u00f3n del beb\u00e9. Una gran cesta ofrece espacio para todos los accesorios necesarios. El tejido de la cubierta es f\u00e1cil de limpiar &#8211; se recomienda lavar a mano<\/p>\n<\/p><\/div>\n","protected":false},"excerpt":{"rendered":"<p>\ud83d\udfe5 INCRE\u00cdBLE \ud83d\udfe5 #Publicidad #Amazon #16 \ud83d\udd34 Ropa Plus \u2705 AHORA 134.99 \u20ac \u2714\ufe0f\ud83d\udfe1 \u274c Antes 139.99 \u20ac \ud83d\uded2: https:\/\/btz.es\/4IH9lgJ &#8211; CO SLEEPING: dormir junto a los ni\u00f1os les proporciona una sensaci\u00f3n de seguridad y les permite crear un fuerte v\u00ednculo. Es una gran comodidad especialmente para una madre lactante. Gracias al ajuste de altura [&hellip;]<\/p>\n","protected":false},"featured_media":4719,"template":"","meta":{"_gspb_post_css":""},"store":[],"product_brand":[],"product_cat":[16],"product_tag":[],"class_list":{"0":"post-4720","1":"product","2":"type-product","3":"status-publish","4":"has-post-thumbnail","6":"product_cat-sin-categorizar","8":"first","9":"instock","10":"sale","11":"shipping-taxable","12":"product-type-external"},"jetpack_sharing_enabled":true,"_links":{"self":[{"href":"https:\/\/ofertacular.com\/index.php\/wp-json\/wp\/v2\/product\/4720","targetHints":{"allow":["GET"]}}],"collection":[{"href":"https:\/\/ofertacular.com\/index.php\/wp-json\/wp\/v2\/product"}],"about":[{"href":"https:\/\/ofertacular.com\/index.php\/wp-json\/wp\/v2\/types\/product"}],"wp:featuredmedia":[{"embeddable":true,"href":"https:\/\/ofertacular.com\/index.php\/wp-json\/wp\/v2\/media\/4719"}],"wp:attachment":[{"href":"https:\/\/ofertacular.com\/index.php\/wp-json\/wp\/v2\/media?parent=4720"}],"wp:term":[{"taxonomy":"store","embeddable":true,"href":"https:\/\/ofertacular.com\/index.php\/wp-json\/wp\/v2\/store?post=4720"},{"taxonomy":"product_brand","embeddable":true,"href":"https:\/\/ofertacular.com\/index.php\/wp-json\/wp\/v2\/product_brand?post=4720"},{"taxonomy":"product_cat","embeddable":true,"href":"https:\/\/ofertacular.com\/index.php\/wp-json\/wp\/v2\/product_cat?post=4720"},{"taxonomy":"product_tag","embeddable":true,"href":"https:\/\/ofertacular.com\/index.php\/wp-json\/wp\/v2\/product_tag?post=4720"}],"curies":[{"name":"wp","href":"https:\/\/api.w.org\/{rel}","templated":true}]}}