{"id":4735,"date":"2025-04-19T08:36:12","date_gmt":"2025-04-19T06:36:12","guid":{"rendered":"https:\/\/ofertacular.com\/index.php\/producto\/hisense-microwave\/"},"modified":"2025-04-19T08:36:12","modified_gmt":"2025-04-19T06:36:12","slug":"hisense-microwave","status":"publish","type":"product","link":"https:\/\/ofertacular.com\/index.php\/producto\/hisense-microwave\/","title":{"rendered":"Hisense Microwave"},"content":{"rendered":"<div class=\"oferta-container\">\n<p>\ud83d\udfe5 <b>SUPER OFERTA<\/b> \ud83d\udfe5 #Publicidad #Amazon #16<\/p>\n<p>\ud83d\udd34 <b>Microondas <\/b><\/p>\n<p>\u2705 <b>AHORA 59 \u20ac<\/b> \u2714\ufe0f\ud83d\udfe1<\/p>\n<p>\u274c Antes 109.00 \u20ac<\/p>\n<p>\ud83d\uded2: <a href=\"https:\/\/btz.es\/4INpkAq\" target=\"_blank\" rel=\"nofollow noopener\">https:\/\/btz.es\/4INpkAq<\/a><\/p>\n<p>&#8211; Microondas con Grill compacto con mandos giratorios mec\u00e1nicos y 700 W de potencia<br \/>\n&#8211; Temporizador hasta 30 minutos y avisador de final de cocci\u00f3n<br \/>\n&#8211; 5 niveles de potencia y modo de descongelaci\u00f3n uniforme<br \/>\n&#8211; Dimensiones Producto Ancho x Alt x Prof Cm 45,5 x 26,1 x 32,6<\/p>\n<\/p><\/div>\n","protected":false},"excerpt":{"rendered":"<p>\ud83d\udfe5 SUPER OFERTA \ud83d\udfe5 #Publicidad #Amazon #16 \ud83d\udd34 Microondas \u2705 AHORA 59 \u20ac \u2714\ufe0f\ud83d\udfe1 \u274c Antes 109.00 \u20ac \ud83d\uded2: https:\/\/btz.es\/4INpkAq &#8211; Microondas con Grill compacto con mandos giratorios mec\u00e1nicos y 700 W de potencia &#8211; Temporizador hasta 30 minutos y avisador de final de cocci\u00f3n &#8211; 5 niveles de potencia y modo de descongelaci\u00f3n uniforme [&hellip;]<\/p>\n","protected":false},"featured_media":4734,"template":"","meta":{"_gspb_post_css":""},"store":[],"product_brand":[],"product_cat":[16],"product_tag":[],"class_list":{"0":"post-4735","1":"product","2":"type-product","3":"status-publish","4":"has-post-thumbnail","6":"product_cat-sin-categorizar","8":"first","9":"instock","10":"sale","11":"shipping-taxable","12":"product-type-external"},"jetpack_sharing_enabled":true,"_links":{"self":[{"href":"https:\/\/ofertacular.com\/index.php\/wp-json\/wp\/v2\/product\/4735","targetHints":{"allow":["GET"]}}],"collection":[{"href":"https:\/\/ofertacular.com\/index.php\/wp-json\/wp\/v2\/product"}],"about":[{"href":"https:\/\/ofertacular.com\/index.php\/wp-json\/wp\/v2\/types\/product"}],"wp:featuredmedia":[{"embeddable":true,"href":"https:\/\/ofertacular.com\/index.php\/wp-json\/wp\/v2\/media\/4734"}],"wp:attachment":[{"href":"https:\/\/ofertacular.com\/index.php\/wp-json\/wp\/v2\/media?parent=4735"}],"wp:term":[{"taxonomy":"store","embeddable":true,"href":"https:\/\/ofertacular.com\/index.php\/wp-json\/wp\/v2\/store?post=4735"},{"taxonomy":"product_brand","embeddable":true,"href":"https:\/\/ofertacular.com\/index.php\/wp-json\/wp\/v2\/product_brand?post=4735"},{"taxonomy":"product_cat","embeddable":true,"href":"https:\/\/ofertacular.com\/index.php\/wp-json\/wp\/v2\/product_cat?post=4735"},{"taxonomy":"product_tag","embeddable":true,"href":"https:\/\/ofertacular.com\/index.php\/wp-json\/wp\/v2\/product_tag?post=4735"}],"curies":[{"name":"wp","href":"https:\/\/api.w.org\/{rel}","templated":true}]}}