{"id":4747,"date":"2025-04-20T09:35:55","date_gmt":"2025-04-20T07:35:55","guid":{"rendered":"https:\/\/ofertacular.com\/index.php\/producto\/babycook-neo\/"},"modified":"2025-04-20T09:35:55","modified_gmt":"2025-04-20T07:35:55","slug":"babycook-neo","status":"publish","type":"product","link":"https:\/\/ofertacular.com\/index.php\/producto\/babycook-neo\/","title":{"rendered":"Babycook Neo"},"content":{"rendered":"<div class=\"oferta-container\">\n<p>\ud83d\udfe5 <b>AHORRA AQU\u00cd<\/b> \ud83d\udfe5 #Publicidad #Amazon #16<\/p>\n<p>\ud83d\udd34 <b>Robot cocina <\/b><\/p>\n<p>\u2705 <b>AHORA 141.54 \u20ac<\/b> \u2714\ufe0f\ud83d\udfe1<\/p>\n<p>\u274c Antes 220.00 \u20ac<\/p>\n<p>\ud83d\uded2: <a href=\"https:\/\/btz.es\/4ITuJbY\" target=\"_blank\" rel=\"nofollow noopener\">https:\/\/btz.es\/4ITuJbY<\/a><\/p>\n<p>&#8211; ROBOT DE COCINA 6 EN 1: cocina al vapor, mezcla, tritura, pica, descongela y recalienta alimentos, esteriliza y calienta biberones de hasta 150 ml; una gama completa de funciones para satisfacer todas las necesidades del beb\u00e9<br \/>\n&#8211; CONSERVACI\u00d3N DE NUTRIENTES Y SABORES: la suave cocci\u00f3n al vapor conserva un 40% m\u00e1s de nutrientes de los alimentos que la ebullici\u00f3n, preservando los sabores y nutrientes para su beb\u00e9<br \/>\n&#8211; EVOLUTIVO: Este robot de cocina multifunci\u00f3n se adapta a cada fase de la alimentaci\u00f3n del beb\u00e9, desde el nacimiento hasta la diversificaci\u00f3n, mezcla, tritura y pica para ofrecer diferentes texturas adaptadas a la edad del beb\u00e9<br \/>\n&#8211; FABRICACI\u00d3N FRANCESA: En B\u00e9aba, apostamos por el Made in France, por eso nuestro Babycook N\u00e9o est\u00e1 dise\u00f1ado en el Ain y fabricado en la C\u00f4te-d&#8217;Or, y su cuchilla procede de Sabatier Diamant, en el Puy-de-D\u00f4me<br \/>\n&#8211; GRAN CAPACIDAD: Una gran capacidad de mezcla para preparar hasta 5 raciones de 120 g en un solo ciclo, apta para toda la familia y que no requiere supervisi\u00f3n constante<br \/>\n&#8211; ECON\u00d3MICA Y RESPETUOSA CON EL MEDIO AMBIENTE: En comparaci\u00f3n con las papillas industriales, la Babycook permite una transici\u00f3n r\u00e1pida hacia una alimentaci\u00f3n sana preservando el ecosistema, y se amortiza en menos de dos meses<br \/>\n&#8211; CALIDAD PREMIUM Y DURABILIDAD \u00d3PTIMA: Materiales de alta calidad con un bol de cristal de 1250ml, una cesta de acero inoxidable de 1000ml y una cuchilla Sabatier Diamond de fabricaci\u00f3n francesa garantizan comidas sanas y de alta calidad<br \/>\n&#8211; F\u00c1CIL DE USAR Y DE MANTENER: Un bot\u00f3n para controlar todas las funciones, marcas claras del nivel de agua, se\u00f1al ac\u00fastica de fin de cocci\u00f3n, s\u00f3lo 4 piezas para limpiar, asa ergon\u00f3mica para abrir f\u00e1cilmente el bol y manejar la cesta<br \/>\n&#8211; DISE\u00d1O ECOL\u00d3GICO: La Babycook est\u00e1 dise\u00f1ada teniendo en cuenta su impacto medioambiental, utilizando un 50% menos de agua y energ\u00eda que otros aparatos similares, y reduciendo su huella de carbono en un 48% en comparaci\u00f3n con la Babycook Solo<br \/>\n&#8211; UN ROBOT PARA TODA LA FAMILIA: Un compa\u00f1ero culinario que se adapta a todas las etapas de la alimentaci\u00f3n del beb\u00e9 y que tambi\u00e9n puede ser utilizado por toda la familia<\/p>\n<\/p><\/div>\n","protected":false},"excerpt":{"rendered":"<p>\ud83d\udfe5 AHORRA AQU\u00cd \ud83d\udfe5 #Publicidad #Amazon #16 \ud83d\udd34 Robot cocina \u2705 AHORA 141.54 \u20ac \u2714\ufe0f\ud83d\udfe1 \u274c Antes 220.00 \u20ac \ud83d\uded2: https:\/\/btz.es\/4ITuJbY &#8211; ROBOT DE COCINA 6 EN 1: cocina al vapor, mezcla, tritura, pica, descongela y recalienta alimentos, esteriliza y calienta biberones de hasta 150 ml; una gama completa de funciones para satisfacer todas las [&hellip;]<\/p>\n","protected":false},"featured_media":4746,"template":"","meta":{"_gspb_post_css":""},"store":[],"product_brand":[],"product_cat":[16],"product_tag":[],"class_list":{"0":"post-4747","1":"product","2":"type-product","3":"status-publish","4":"has-post-thumbnail","6":"product_cat-sin-categorizar","8":"first","9":"instock","10":"sale","11":"shipping-taxable","12":"product-type-external"},"jetpack_sharing_enabled":true,"_links":{"self":[{"href":"https:\/\/ofertacular.com\/index.php\/wp-json\/wp\/v2\/product\/4747","targetHints":{"allow":["GET"]}}],"collection":[{"href":"https:\/\/ofertacular.com\/index.php\/wp-json\/wp\/v2\/product"}],"about":[{"href":"https:\/\/ofertacular.com\/index.php\/wp-json\/wp\/v2\/types\/product"}],"wp:featuredmedia":[{"embeddable":true,"href":"https:\/\/ofertacular.com\/index.php\/wp-json\/wp\/v2\/media\/4746"}],"wp:attachment":[{"href":"https:\/\/ofertacular.com\/index.php\/wp-json\/wp\/v2\/media?parent=4747"}],"wp:term":[{"taxonomy":"store","embeddable":true,"href":"https:\/\/ofertacular.com\/index.php\/wp-json\/wp\/v2\/store?post=4747"},{"taxonomy":"product_brand","embeddable":true,"href":"https:\/\/ofertacular.com\/index.php\/wp-json\/wp\/v2\/product_brand?post=4747"},{"taxonomy":"product_cat","embeddable":true,"href":"https:\/\/ofertacular.com\/index.php\/wp-json\/wp\/v2\/product_cat?post=4747"},{"taxonomy":"product_tag","embeddable":true,"href":"https:\/\/ofertacular.com\/index.php\/wp-json\/wp\/v2\/product_tag?post=4747"}],"curies":[{"name":"wp","href":"https:\/\/api.w.org\/{rel}","templated":true}]}}