{"id":4749,"date":"2025-04-20T09:37:54","date_gmt":"2025-04-20T07:37:54","guid":{"rendered":"https:\/\/ofertacular.com\/index.php\/producto\/5th-avenue\/"},"modified":"2025-04-20T09:37:54","modified_gmt":"2025-04-20T07:37:54","slug":"5th-avenue","status":"publish","type":"product","link":"https:\/\/ofertacular.com\/index.php\/producto\/5th-avenue\/","title":{"rendered":"5th Avenue"},"content":{"rendered":"<div class=\"oferta-container\">\n<p>\ud83d\udfe5 <b>\u00a1S\u00d3LO HOY!<\/b> \ud83d\udfe5 #Publicidad #Amazon #16<\/p>\n<p>\ud83d\udd34 <b>Perfume 5th Avenue <\/b><\/p>\n<p>\u2705 <b>AHORA 27.18 \u20ac<\/b> \u2714\ufe0f\ud83d\udfe1<\/p>\n<p>\u274c Antes 50.85 \u20ac<\/p>\n<p>\ud83d\uded2: <a href=\"https:\/\/btz.es\/4ITvovc\" target=\"_blank\" rel=\"nofollow noopener\">https:\/\/btz.es\/4ITvovc<\/a><\/p>\n<p>&#8211; 5TH AVENUE PARFUME: Perfume en spray femenino que rinde homenaje a la energ\u00eda sofisticada de la calle m\u00e1s bella del mundo; con notas florales de magnolia rosada, violeta y \u00e1mbar, esta fragancia captura la esencia refinada y elegante de su inspiraci\u00f3n urbana<br \/>\n&#8211; NOTAS FLORALES Y FRUTALES: La magnolia rosada, la lila y el melocot\u00f3n en las notas de salida aportan frescura y elegancia, complementada por matices c\u00edtricos suaves y refrescantes La violeta, la rosa, el jazm\u00edn e ylang-ylang en las notas de coraz\u00f3n agregan calidez con una sensaci\u00f3n de nostalgia El \u00e1mbar y la madera de s\u00e1ndalo componen las notas de fondo y act\u00faan como un fijador natural, manteniendo las otras notas en armon\u00eda y prolongando la duraci\u00f3n del perfume<br \/>\n&#8211; CONSEJOS DE USO: Rociar una peque\u00f1a cantidad en los puntos de pulso como el cuello, mu\u00f1ecas y detr\u00e1s de las orejas, evitando frotar despu\u00e9s de la aplicaci\u00f3n para no alterar la fragancia Controlar la cantidad para no excederse y aplicar sobre la piel hidratada para una mejor retenci\u00f3n del aroma<br \/>\n&#8211; RECOMENDACIONES: Para complementar tu rutina con 5th Avenue, se recomienda agregar la crema corporal 5th Avenue, la crema hidratante que acompa\u00f1a al perfume, dejando la piel hidratada y con un aroma que no deja indiferente a nadie, con una textura ligera, de r\u00e1pida absorci\u00f3n Disfruta de una experiencia sensorial completa con el aroma floral de la gama 5th Avenue<br \/>\n&#8211; FRESCOR FLORAL: Con su delicado aroma floral y frutal, ofrece una experiencia olfativa, equilibrada y cautivadora; su aroma fresco, pero dulce y empolvado, combinado con una calidez elegante, crea una esencia verdaderamente sofisticada y envolvente<\/p>\n<\/p><\/div>\n","protected":false},"excerpt":{"rendered":"<p>\ud83d\udfe5 \u00a1S\u00d3LO HOY! \ud83d\udfe5 #Publicidad #Amazon #16 \ud83d\udd34 Perfume 5th Avenue \u2705 AHORA 27.18 \u20ac \u2714\ufe0f\ud83d\udfe1 \u274c Antes 50.85 \u20ac \ud83d\uded2: https:\/\/btz.es\/4ITvovc &#8211; 5TH AVENUE PARFUME: Perfume en spray femenino que rinde homenaje a la energ\u00eda sofisticada de la calle m\u00e1s bella del mundo; con notas florales de magnolia rosada, violeta y \u00e1mbar, esta fragancia [&hellip;]<\/p>\n","protected":false},"featured_media":4748,"template":"","meta":{"_gspb_post_css":""},"store":[],"product_brand":[],"product_cat":[16],"product_tag":[],"class_list":{"0":"post-4749","1":"product","2":"type-product","3":"status-publish","4":"has-post-thumbnail","6":"product_cat-sin-categorizar","8":"first","9":"instock","10":"sale","11":"shipping-taxable","12":"product-type-external"},"jetpack_sharing_enabled":true,"_links":{"self":[{"href":"https:\/\/ofertacular.com\/index.php\/wp-json\/wp\/v2\/product\/4749","targetHints":{"allow":["GET"]}}],"collection":[{"href":"https:\/\/ofertacular.com\/index.php\/wp-json\/wp\/v2\/product"}],"about":[{"href":"https:\/\/ofertacular.com\/index.php\/wp-json\/wp\/v2\/types\/product"}],"wp:featuredmedia":[{"embeddable":true,"href":"https:\/\/ofertacular.com\/index.php\/wp-json\/wp\/v2\/media\/4748"}],"wp:attachment":[{"href":"https:\/\/ofertacular.com\/index.php\/wp-json\/wp\/v2\/media?parent=4749"}],"wp:term":[{"taxonomy":"store","embeddable":true,"href":"https:\/\/ofertacular.com\/index.php\/wp-json\/wp\/v2\/store?post=4749"},{"taxonomy":"product_brand","embeddable":true,"href":"https:\/\/ofertacular.com\/index.php\/wp-json\/wp\/v2\/product_brand?post=4749"},{"taxonomy":"product_cat","embeddable":true,"href":"https:\/\/ofertacular.com\/index.php\/wp-json\/wp\/v2\/product_cat?post=4749"},{"taxonomy":"product_tag","embeddable":true,"href":"https:\/\/ofertacular.com\/index.php\/wp-json\/wp\/v2\/product_tag?post=4749"}],"curies":[{"name":"wp","href":"https:\/\/api.w.org\/{rel}","templated":true}]}}